{"id":11840,"date":"2025-02-18T12:39:20","date_gmt":"2025-02-18T11:39:20","guid":{"rendered":"https:\/\/wiejskieprzysmaki.estima.site\/produkt\/koncentrat-z-tamaryndowca-bio-120-g-yakso\/"},"modified":"2025-02-20T15:17:34","modified_gmt":"2025-02-20T14:17:34","slug":"koncentrat-z-tamaryndowca-bio-120-g-yakso","status":"publish","type":"product","link":"https:\/\/wiejskieprzysmaki.estima.site\/en\/product\/koncentrat-z-tamaryndowca-bio-120-g-yakso\/","title":{"rendered":"KONCENTRAT Z TAMARYNDOWCA BIO 120 g &#8211; YAKSO"},"content":{"rendered":"<p>SK\u0141ADNIKI <br \/>ekologiczny koncentrat z tamaryndowca. <\/p>\n<p>OPIS <br \/>Koncentrat z tamaryndowca jest autentyczn\u0105 przypraw\u0105 Azjatyck\u0105. Ma kwa\u015bny smak i jest szeroko stosowany w sosach, zupach, marynatach, gulaszach, napojach i deserach.<\/p>\n<p>WARTO\u015a\u0106 OD\u017bYWCZA W 100 g <br \/>Warto\u015b\u0107 energetyczna: 1125 kJ\/272 kcal<br \/>T\u0142uszcz: 0 g<br \/>w tym kwasy t\u0142uszczowe nasycone: 0 g<br \/>W\u0119glowodany: 65,7 g<br \/>w tym cukry: 39,7 g<br \/>B\u0142onnik: 3,0 g<br \/>Bia\u0142ko: 2,3 g<br \/>S\u00f3l: 0,035 g<\/p>\n<p>ZALECANE WARUNKI PRZECHOWYWANIA<br \/>Przechowywa\u0107 w suchym i ch\u0142odnym miejscu. Po otwarciu przechowywa\u0107 w lod\u00f3wce. <\/p>","protected":false},"excerpt":{"rendered":"<p>SK\u0141ADNIKI ekologiczny koncentrat z tamaryndowca. OPIS Koncentrat z tamaryndowca jest autentyczn\u0105 przypraw\u0105 Azjatyck\u0105. Ma kwa\u015bny smak i jest szeroko stosowany w sosach, zupach, marynatach, gulaszach, napojach i deserach. WARTO\u015a\u0106 OD\u017bYWCZA W 100 g Warto\u015b\u0107 energetyczna: 1125 kJ\/272 kcalT\u0142uszcz: 0 gw tym kwasy t\u0142uszczowe nasycone: 0 gW\u0119glowodany: 65,7 gw tym cukry: 39,7 gB\u0142onnik: 3,0 gBia\u0142ko: 2,3 [&hellip;]<\/p>","protected":false},"featured_media":11841,"comment_status":"closed","ping_status":"open","template":"","meta":{"_acf_changed":false},"product_brand":[],"product_cat":[434,998],"product_tag":[],"class_list":{"0":"post-11840","1":"product","2":"type-product","3":"status-publish","4":"has-post-thumbnail","6":"product_cat-pasty-i-przetwory-wege-nie-chlodnia","7":"product_cat-przetwory-warzywne-i-owocowe","8":"pa_ean-matka-8864","9":"pa_gwarancja-przydatnosci-320","10":"pa_ilosc-w-opakowaniu-298","11":"pa_jednostka-podstawowa-szt","12":"pa_kod-cn-2106-90-98","13":"pa_masa-netto-411","14":"pa_objetosc-brutto-5359","15":"pa_producent-yakso-sosy-sojowe-prazynki","16":"pa_producent-nazwa-adres-fz-organic-food-trafo-oppers-58-8471-zm-wolvega","17":"pa_tagi-bez-cukru-w-skladnikach","18":"pa_tagi-bez-glutenu-w-skladnikach","19":"pa_tagi-certyfikat-bio","20":"pa_tagi-weganski","21":"pa_tagi-wegetarianski","23":"first","24":"instock","25":"taxable","26":"shipping-taxable","27":"purchasable","28":"product-type-simple"},"acf":[],"_links":{"self":[{"href":"https:\/\/wiejskieprzysmaki.estima.site\/en\/wp-json\/wp\/v2\/product\/11840","targetHints":{"allow":["GET"]}}],"collection":[{"href":"https:\/\/wiejskieprzysmaki.estima.site\/en\/wp-json\/wp\/v2\/product"}],"about":[{"href":"https:\/\/wiejskieprzysmaki.estima.site\/en\/wp-json\/wp\/v2\/types\/product"}],"replies":[{"embeddable":true,"href":"https:\/\/wiejskieprzysmaki.estima.site\/en\/wp-json\/wp\/v2\/comments?post=11840"}],"wp:featuredmedia":[{"embeddable":true,"href":"https:\/\/wiejskieprzysmaki.estima.site\/en\/wp-json\/wp\/v2\/media\/11841"}],"wp:attachment":[{"href":"https:\/\/wiejskieprzysmaki.estima.site\/en\/wp-json\/wp\/v2\/media?parent=11840"}],"wp:term":[{"taxonomy":"product_brand","embeddable":true,"href":"https:\/\/wiejskieprzysmaki.estima.site\/en\/wp-json\/wp\/v2\/product_brand?post=11840"},{"taxonomy":"product_cat","embeddable":true,"href":"https:\/\/wiejskieprzysmaki.estima.site\/en\/wp-json\/wp\/v2\/product_cat?post=11840"},{"taxonomy":"product_tag","embeddable":true,"href":"https:\/\/wiejskieprzysmaki.estima.site\/en\/wp-json\/wp\/v2\/product_tag?post=11840"}],"curies":[{"name":"wp","href":"https:\/\/api.w.org\/{rel}","templated":true}]}}