{"id":11847,"date":"2025-02-18T12:39:20","date_gmt":"2025-02-18T11:39:20","guid":{"rendered":"https:\/\/wiejskieprzysmaki.estima.site\/produkt\/makaron-orzo-razowy-bio-400-g-la-bio-idea\/"},"modified":"2025-02-18T12:39:34","modified_gmt":"2025-02-18T11:39:34","slug":"makaron-orzo-razowy-bio-400-g-la-bio-idea","status":"publish","type":"product","link":"https:\/\/wiejskieprzysmaki.estima.site\/en\/product\/makaron-orzo-razowy-bio-400-g-la-bio-idea\/","title":{"rendered":"MAKARON (ORZO RAZOWY) BIO 400 g &#8211; LA BIO IDEA"},"content":{"rendered":"<p>SK\u0141ADNIKI<br \/>semolina pe\u0142noziarnista* (m\u0105ka z PSZENICY DURUM), woda. (*certyfikowany sk\u0142adnik ekologiczny)<\/p>\n<p>OPIS<br \/>Orzo (znany r\u00f3wnie\u017c jako Risoni) to ma\u0142y, wysuszony makaron kszta\u0142tem przypominaj\u0105cy ziarna ry\u017cu. Wed\u0142ug W\u0142och\u00f3w, ziarna wygl\u0105daj\u0105 jak J\u0118CZMIE\u0143. Z tego powodu produkt nazywa si\u0119 Orzo, co oznacza J\u0118CZMIE\u0143 w j\u0119zyku w\u0142oskim. Na Sycylii, w miejscu pochodzenia Orzo, ludzie u\u017cywaj\u0105 tego makaronu przede wszystkim jako dodatku do zup. Ale jest jeszcze wiele innych sposob\u00f3w jego przygotowania, na przyk\u0142ad z sosem pomidorowym lub pesto, tak\u017ce jako pilaw z warzywami z grilla. Doskonale nadaje si\u0119 do szybkiego risotto, zwanego orzotto.<\/p>\n<p>WARTO\u015a\u0106 OD\u017bYWCZA w 100 g<br \/>Warto\u015b\u0107 energetyczna: 1538 kJ \/ 364 kcal<br \/>T\u0142uszcz: 2,4 g<br \/>w tym kwasy t\u0142uszczowe nasycone: 0,6 g<br \/>W\u0119glowodany: 70 g<br \/>w tym cukry: 3,1 g<br \/>B\u0142onnik: 8,0 g<br \/>Bia\u0142ko: 12 g<br \/>S\u00f3l: 0 g<\/p>\n<p>INFORMACJA ALERGENNA<br \/>Mo\u017ce zawiera\u0107 NASIONA SEZAMU, SOJ\u0118, orzechy.<\/p>\n<p>ZALECANE WARUNKI PRZECHOWYWANIA<br \/>Przechowywa\u0107 w suchym i ch\u0142odnym miejscu<\/p>","protected":false},"excerpt":{"rendered":"<p>SK\u0141ADNIKIsemolina pe\u0142noziarnista* (m\u0105ka z PSZENICY DURUM), woda. (*certyfikowany sk\u0142adnik ekologiczny) OPISOrzo (znany r\u00f3wnie\u017c jako Risoni) to ma\u0142y, wysuszony makaron kszta\u0142tem przypominaj\u0105cy ziarna ry\u017cu. Wed\u0142ug W\u0142och\u00f3w, ziarna wygl\u0105daj\u0105 jak J\u0118CZMIE\u0143. Z tego powodu produkt nazywa si\u0119 Orzo, co oznacza J\u0118CZMIE\u0143 w j\u0119zyku w\u0142oskim. Na Sycylii, w miejscu pochodzenia Orzo, ludzie u\u017cywaj\u0105 tego makaronu przede wszystkim jako [&hellip;]<\/p>","protected":false},"featured_media":11848,"comment_status":"closed","ping_status":"open","template":"","meta":{"_acf_changed":false},"product_brand":[],"product_cat":[1162,1246],"product_tag":[],"class_list":{"0":"post-11847","1":"product","2":"type-product","3":"status-publish","4":"has-post-thumbnail","6":"product_cat-makarony","7":"product_cat-zbozowe-z-glutenem","8":"pa_ean-matka-8872","9":"pa_ilosc-w-opakowaniu-298","10":"pa_jednostka-podstawowa-szt","11":"pa_kod-cn-1902-19-10","12":"pa_masa-netto-268","13":"pa_objetosc-brutto-8871","14":"pa_producent-la-bio-idea-makarony-straczkowesosy-pomidorowe","15":"pa_producent-nazwa-adres-do-it-consumer-products-bv","16":"pa_tagi-bez-cukru-w-skladnikach","17":"pa_tagi-certyfikat-bio","18":"pa_tagi-weganski","19":"pa_tagi-wegetarianski","21":"first","22":"instock","23":"taxable","24":"shipping-taxable","25":"purchasable","26":"product-type-simple"},"acf":[],"_links":{"self":[{"href":"https:\/\/wiejskieprzysmaki.estima.site\/en\/wp-json\/wp\/v2\/product\/11847","targetHints":{"allow":["GET"]}}],"collection":[{"href":"https:\/\/wiejskieprzysmaki.estima.site\/en\/wp-json\/wp\/v2\/product"}],"about":[{"href":"https:\/\/wiejskieprzysmaki.estima.site\/en\/wp-json\/wp\/v2\/types\/product"}],"replies":[{"embeddable":true,"href":"https:\/\/wiejskieprzysmaki.estima.site\/en\/wp-json\/wp\/v2\/comments?post=11847"}],"wp:featuredmedia":[{"embeddable":true,"href":"https:\/\/wiejskieprzysmaki.estima.site\/en\/wp-json\/wp\/v2\/media\/11848"}],"wp:attachment":[{"href":"https:\/\/wiejskieprzysmaki.estima.site\/en\/wp-json\/wp\/v2\/media?parent=11847"}],"wp:term":[{"taxonomy":"product_brand","embeddable":true,"href":"https:\/\/wiejskieprzysmaki.estima.site\/en\/wp-json\/wp\/v2\/product_brand?post=11847"},{"taxonomy":"product_cat","embeddable":true,"href":"https:\/\/wiejskieprzysmaki.estima.site\/en\/wp-json\/wp\/v2\/product_cat?post=11847"},{"taxonomy":"product_tag","embeddable":true,"href":"https:\/\/wiejskieprzysmaki.estima.site\/en\/wp-json\/wp\/v2\/product_tag?post=11847"}],"curies":[{"name":"wp","href":"https:\/\/api.w.org\/{rel}","templated":true}]}}