{"id":11853,"date":"2025-02-18T12:39:20","date_gmt":"2025-02-18T11:39:20","guid":{"rendered":"https:\/\/wiejskieprzysmaki.estima.site\/produkt\/kapusniak-beskidzki-bio-450-g-gapa\/"},"modified":"2025-02-18T12:39:51","modified_gmt":"2025-02-18T11:39:51","slug":"kapusniak-beskidzki-bio-450-g-gapa","status":"publish","type":"product","link":"https:\/\/wiejskieprzysmaki.estima.site\/en\/product\/kapusniak-beskidzki-bio-450-g-gapa\/","title":{"rendered":"KAPU\u015aNIAK BESKIDZKI BIO 450 g &#8211; GAPA"},"content":{"rendered":"<p>SK\u0141ADNIKI<br \/>woda, kapusta* 7 %, kapusta kiszona* 7 %, ziemniaki*, cukinia*, TOFU w\u0119dzone* 2,5 % (SOJA*, woda, substancja wi\u0105\u017c\u0105ca: siarczan wapnia), pietruszka*, marchew*, cebula*, czosnek*, pomidory*, por*, olej rzepakowy*, ziele angielskie*, li\u015b\u0107 laurowy*, kminek*, papryka w\u0119dzona*, pieprz czarny*, s\u00f3l kamienna k\u0142odawska. (*certyfikowany sk\u0142adnik ekologiczny)<\/p>\n<p>OPIS<br \/>Kapu\u015bniak to prawdziwa per\u0142a beskidzkiej kuchni, kt\u00f3ra odzwierciedla tradycje i klimat tych teren\u00f3w. Je\u015bli kto\u015b przejdzie G\u0142\u00f3wny Szlak Beskidzki spotka si\u0119 z co najmniej kilkoma wersjami tej zupy. Ten s\u0142oik jest nawi\u0105zaniem do tej bogatej tradycji, kt\u00f3ra w wielu rejonach Polski jest mocno zwi\u0105zana z mi\u0119sem. Jednak\u017ce nie wsz\u0119dzie tak by\u0142o. U \u0141emk\u00f3w, w Beskidzie Niskim, mi\u0119so by\u0142o relatywnie rzadko na sto\u0142ach i jedzono kapu\u015bniak w\u0142a\u015bnie w wersji ro\u015blinnej. Po\u015bwi\u0119\u0107 chwil\u0119, aby skupi\u0107 si\u0119 na krucho\u015bci kapusty, zauwa\u017c jej komplementarno\u015b\u0107 z mi\u0119kko\u015bci\u0105 w\u0119dzonego tofu, zamknij oczy.<\/p>\n<p>SPOS\u00d3B PRZYGOTOWANIA<br \/>Porada degustacyjna: aby w pe\u0142ni cieszy\u0107 si\u0119 aromatami i smakami potrawy, zalecam jej delikatne podgrzanie.<\/p>\n<p>WARTO\u015a\u0106 OD\u017bYWCZA w 100 g<br \/>Warto\u015b\u0107 energetyczna: 247 kJ\/59 kcal<br \/>T\u0142uszcz: 2,2 g<br \/>w tym kwasy t\u0142uszczowe nasycone: 0,1 g<br \/>W\u0119glowodany: 8,0 g<br \/>w tym cukry: 0 g<br \/>Bia\u0142ko: 2,7 g<br \/>S\u00f3l: 0,1 g<\/p>\n<p>INFORMACJA ALERGENNA<br \/>Mo\u017ce zawiera\u0107 SOJ\u0118, GORCZYC\u0118, SELER, ORZECHY, ORZESZKI ZIEMNE, nasiona sezamu. <\/p>\n<p>ZALECANE WARUNKI PRZECHOWYWANIA<br \/>Przechowywa\u0107 w lod\u00f3wce. Po otwarciu spo\u017cy\u0107 w ci\u0105gu 3 dni. <\/p>","protected":false},"excerpt":{"rendered":"<p>SK\u0141ADNIKIwoda, kapusta* 7 %, kapusta kiszona* 7 %, ziemniaki*, cukinia*, TOFU w\u0119dzone* 2,5 % (SOJA*, woda, substancja wi\u0105\u017c\u0105ca: siarczan wapnia), pietruszka*, marchew*, cebula*, czosnek*, pomidory*, por*, olej rzepakowy*, ziele angielskie*, li\u015b\u0107 laurowy*, kminek*, papryka w\u0119dzona*, pieprz czarny*, s\u00f3l kamienna k\u0142odawska. (*certyfikowany sk\u0142adnik ekologiczny) OPISKapu\u015bniak to prawdziwa per\u0142a beskidzkiej kuchni, kt\u00f3ra odzwierciedla tradycje i klimat tych [&hellip;]<\/p>","protected":false},"featured_media":11854,"comment_status":"closed","ping_status":"open","template":"","meta":{"_acf_changed":false},"product_brand":[],"product_cat":[459,274],"product_tag":[],"class_list":{"0":"post-11853","1":"product","2":"type-product","3":"status-publish","4":"has-post-thumbnail","6":"product_cat-dania-gotowe-chlodnicze","7":"product_cat-lodowka-inne","8":"pa_ean-matka-8875","9":"pa_gwarancja-przydatnosci-473","10":"pa_ilosc-w-opakowaniu-340","11":"pa_jednostka-podstawowa-szt","12":"pa_kod-cn-2104-10-00","13":"pa_masa-netto-300","14":"pa_objetosc-brutto-458","15":"pa_producent-gapa-zupy","16":"pa_producent-nazwa-adres-gapa-organic-karolina-grabowska-ul-obwodowa-29b-u3-84-240-reda","17":"pa_tagi-bez-cukru-w-skladnikach","18":"pa_tagi-bez-glutenu-w-skladnikach","19":"pa_tagi-certyfikat-bio","20":"pa_tagi-weganski","21":"pa_tagi-wegetarianski","23":"first","24":"instock","25":"taxable","26":"shipping-taxable","27":"purchasable","28":"product-type-simple"},"acf":[],"_links":{"self":[{"href":"https:\/\/wiejskieprzysmaki.estima.site\/en\/wp-json\/wp\/v2\/product\/11853","targetHints":{"allow":["GET"]}}],"collection":[{"href":"https:\/\/wiejskieprzysmaki.estima.site\/en\/wp-json\/wp\/v2\/product"}],"about":[{"href":"https:\/\/wiejskieprzysmaki.estima.site\/en\/wp-json\/wp\/v2\/types\/product"}],"replies":[{"embeddable":true,"href":"https:\/\/wiejskieprzysmaki.estima.site\/en\/wp-json\/wp\/v2\/comments?post=11853"}],"wp:featuredmedia":[{"embeddable":true,"href":"https:\/\/wiejskieprzysmaki.estima.site\/en\/wp-json\/wp\/v2\/media\/11854"}],"wp:attachment":[{"href":"https:\/\/wiejskieprzysmaki.estima.site\/en\/wp-json\/wp\/v2\/media?parent=11853"}],"wp:term":[{"taxonomy":"product_brand","embeddable":true,"href":"https:\/\/wiejskieprzysmaki.estima.site\/en\/wp-json\/wp\/v2\/product_brand?post=11853"},{"taxonomy":"product_cat","embeddable":true,"href":"https:\/\/wiejskieprzysmaki.estima.site\/en\/wp-json\/wp\/v2\/product_cat?post=11853"},{"taxonomy":"product_tag","embeddable":true,"href":"https:\/\/wiejskieprzysmaki.estima.site\/en\/wp-json\/wp\/v2\/product_tag?post=11853"}],"curies":[{"name":"wp","href":"https:\/\/api.w.org\/{rel}","templated":true}]}}