{"id":11855,"date":"2025-02-18T12:39:57","date_gmt":"2025-02-18T11:39:57","guid":{"rendered":"https:\/\/wiejskieprzysmaki.estima.site\/produkt\/barszcz-czerwony-bieszczadzki-bio-450-g-gapa\/"},"modified":"2025-02-18T12:39:57","modified_gmt":"2025-02-18T11:39:57","slug":"barszcz-czerwony-bieszczadzki-bio-450-g-gapa","status":"publish","type":"product","link":"https:\/\/wiejskieprzysmaki.estima.site\/en\/product\/barszcz-czerwony-bieszczadzki-bio-450-g-gapa\/","title":{"rendered":"BARSZCZ CZERWONY BIESZCZADZKI BIO 450 g &#8211; GAPA"},"content":{"rendered":"<p>SK\u0141ADNIKI<br \/>woda, buraki* 13,5 %, ziemniaki*, kapusta*, fasola bia\u0142a*, marchew*, pietruszka*, SELER*, wino bia\u0142e* (zawiera SIARCZYNY), por*, grzyby suszone*, cukier trzcinowy*, ocet jab\u0142kowy*, olej rzepakowy*, majeranek*, kolendra*, pieprz czarny*, s\u00f3l kamienna k\u0142odawska. (*certyfikowany sk\u0142adnik ekologiczny)<\/p>\n<p>OPIS<br \/>Wa\u017cnym elementem kultury Bieszczad s\u0105 Bojkowie, jedna z unikalnych grup etnicznych Karpat Wschodnich. W Sanoku warto odwiedzi\u0107 skansen etnograficzny, gdzie zobaczysz tradycyjne bojkowskie chaty. Je\u015bli fascynuje Ci\u0119 odkrywanie miejsc z dusz\u0105, wybierz si\u0119 do \u017ar\u00f3de\u0142 Sanu, gdzie kiedy\u015b istnia\u0142a bojkowska wie\u015b Sianki. To miejsce na samym kra\u0144cu Bieszczad, gdzie nie prowadzi \u017cadna droga. Zatrzymaj si\u0119 tam i poczuj cisz\u0119, kt\u00f3ra mo\u017ce naprawd\u0119 poruszy\u0107.<\/p>\n<p>SPOS\u00d3B PRZYGOTOWANIA<br \/>Porada degustacyjna: aby w pe\u0142ni cieszy\u0107 si\u0119 aromatami i smakami potrawy, zalecam jej delikatne podgrzanie.<\/p>\n<p>WARTO\u015a\u0106 OD\u017bYWCZA w 100 g <br \/>Warto\u015b\u0107 energetyczna: 159 kJ \/ 38 kcal<br \/>T\u0142uszcz: 0,8 g<br \/>w tym kwasy t\u0142uszczowe nasycone: 0 g<br \/>W\u0119glowodany: 6,6 g<br \/>w tym cukry: 0,1 g<br \/>Bia\u0142ko: 1,5 g<br \/>S\u00f3l: 0,1 g<\/p>\n<p>INFORMACJA ALERGENNA<br \/>Mo\u017ce zawiera\u0107 SOJ\u0118, GORCZYC\u0118, ORZECHY, ORZESZKI ZIEMNE, nasiona sezamu. <\/p>\n<p>ZALECANE WARUNKI PRZECHOWYWANIA<br \/>Przechowywa\u0107 w lod\u00f3wce. Po otwarciu spo\u017cy\u0107 w ci\u0105gu 3 dni. <\/p>","protected":false},"excerpt":{"rendered":"<p>SK\u0141ADNIKIwoda, buraki* 13,5 %, ziemniaki*, kapusta*, fasola bia\u0142a*, marchew*, pietruszka*, SELER*, wino bia\u0142e* (zawiera SIARCZYNY), por*, grzyby suszone*, cukier trzcinowy*, ocet jab\u0142kowy*, olej rzepakowy*, majeranek*, kolendra*, pieprz czarny*, s\u00f3l kamienna k\u0142odawska. (*certyfikowany sk\u0142adnik ekologiczny) OPISWa\u017cnym elementem kultury Bieszczad s\u0105 Bojkowie, jedna z unikalnych grup etnicznych Karpat Wschodnich. W Sanoku warto odwiedzi\u0107 skansen etnograficzny, gdzie zobaczysz [&hellip;]<\/p>","protected":false},"featured_media":11856,"comment_status":"closed","ping_status":"open","template":"","meta":{"_acf_changed":false},"product_brand":[],"product_cat":[459,274],"product_tag":[],"class_list":{"0":"post-11855","1":"product","2":"type-product","3":"status-publish","4":"has-post-thumbnail","6":"product_cat-dania-gotowe-chlodnicze","7":"product_cat-lodowka-inne","8":"pa_ean-matka-8876","9":"pa_gwarancja-przydatnosci-473","10":"pa_ilosc-w-opakowaniu-340","11":"pa_jednostka-podstawowa-szt","12":"pa_kod-cn-2104-10-00","13":"pa_masa-netto-300","14":"pa_objetosc-brutto-458","15":"pa_producent-gapa-zupy","16":"pa_producent-nazwa-adres-gapa-organic-karolina-grabowska-ul-obwodowa-29b-u3-84-240-reda","17":"pa_tagi-bez-glutenu-w-skladnikach","18":"pa_tagi-certyfikat-bio","19":"pa_tagi-weganski","20":"pa_tagi-wegetarianski","22":"first","23":"instock","24":"taxable","25":"shipping-taxable","26":"purchasable","27":"product-type-simple"},"acf":[],"_links":{"self":[{"href":"https:\/\/wiejskieprzysmaki.estima.site\/en\/wp-json\/wp\/v2\/product\/11855","targetHints":{"allow":["GET"]}}],"collection":[{"href":"https:\/\/wiejskieprzysmaki.estima.site\/en\/wp-json\/wp\/v2\/product"}],"about":[{"href":"https:\/\/wiejskieprzysmaki.estima.site\/en\/wp-json\/wp\/v2\/types\/product"}],"replies":[{"embeddable":true,"href":"https:\/\/wiejskieprzysmaki.estima.site\/en\/wp-json\/wp\/v2\/comments?post=11855"}],"wp:featuredmedia":[{"embeddable":true,"href":"https:\/\/wiejskieprzysmaki.estima.site\/en\/wp-json\/wp\/v2\/media\/11856"}],"wp:attachment":[{"href":"https:\/\/wiejskieprzysmaki.estima.site\/en\/wp-json\/wp\/v2\/media?parent=11855"}],"wp:term":[{"taxonomy":"product_brand","embeddable":true,"href":"https:\/\/wiejskieprzysmaki.estima.site\/en\/wp-json\/wp\/v2\/product_brand?post=11855"},{"taxonomy":"product_cat","embeddable":true,"href":"https:\/\/wiejskieprzysmaki.estima.site\/en\/wp-json\/wp\/v2\/product_cat?post=11855"},{"taxonomy":"product_tag","embeddable":true,"href":"https:\/\/wiejskieprzysmaki.estima.site\/en\/wp-json\/wp\/v2\/product_tag?post=11855"}],"curies":[{"name":"wp","href":"https:\/\/api.w.org\/{rel}","templated":true}]}}