{"id":11857,"date":"2025-02-18T12:39:57","date_gmt":"2025-02-18T11:39:57","guid":{"rendered":"https:\/\/wiejskieprzysmaki.estima.site\/produkt\/curry-z-cukinia-i-ananasem-karaibskie-bio-450-g-gapa\/"},"modified":"2025-02-18T12:39:59","modified_gmt":"2025-02-18T11:39:59","slug":"curry-z-cukinia-i-ananasem-karaibskie-bio-450-g-gapa","status":"publish","type":"product","link":"https:\/\/wiejskieprzysmaki.estima.site\/en\/product\/curry-z-cukinia-i-ananasem-karaibskie-bio-450-g-gapa\/","title":{"rendered":"CURRY Z CUKINI\u0104 I ANANASEM KARAIBSKIE BIO 450 g &#8211; GAPA"},"content":{"rendered":"<p>SK\u0141ADNIKI<br \/>cukinia* 25 %, nap\u00f3j kokosowy* 20 % (ekstrakt z kokosa* 80 %, woda), bataty*, ziemniaki*, ananas* 11 %, pomidory*, cebula*, czosnek*, imbir*,  musztarda* (woda, GORCZYCA*, ocet jab\u0142kowy*, s\u00f3l morska, go\u017adziki*, imbir*, kurkuma*), olej rzepakowy*, kolendra*, papryka s\u0142odka*, any\u017c*, cukier trzcinowy*, s\u00f3l kamienna k\u0142odawska. (*certyfikowany sk\u0142adnik ekologiczny)<\/p>\n<p>OPIS<br \/>To podr\u00f3\u017c za ocean, do serca Karaib\u00f3w \u2013 tam, gdzie s\u0142o\u0144ce spotyka turkusowe wody, a wiatr niesie zapach tropikalnych owoc\u00f3w. W tym rajskim zak\u0105tku \u017cyli Ta\u00edno \u2013 rdzenna ludno\u015b\u0107 Karaib\u00f3w. Po powrocie z morskich wypraw, kiedy promienie s\u0142o\u0144ca powoli gas\u0142y na horyzoncie, Ta\u00edno gromadzili si\u0119, aby podzieli\u0107 si\u0119 darami oceanu i ziemi. W tej potrawie s\u0142odycz ananasa miesza si\u0119 z napojem kokosowym, a cukinia dodaje \u015bwie\u017co\u015bci i lekko\u015bci \u2013 to wszystko komponuje si\u0119 w danie, kt\u00f3re jest jak smak samego s\u0142o\u0144ca. Ugotuj ry\u017c i podaj razem.<\/p>\n<p>SPOS\u00d3B PRZYGOTOWANIA<br \/>Porada degustacyjna: aby w pe\u0142ni cieszy\u0107 si\u0119 aromatami i smakami potrawy, zalecam jej delikatne podgrzanie.<\/p>\n<p>WARTO\u015a\u0106 OD\u017bYWCZA w 100 g <br \/>Warto\u015b\u0107 energetyczna: 239 kJ\/57 kcal<br \/>T\u0142uszcz: 3,7 g<br \/>w tym kwasy t\u0142uszczowe nasycone: 2,0 g<br \/>W\u0119glowodany: 5,8 g<br \/>w tym cukry: 0,2 g<br \/>Bia\u0142ko: 0,9 g<br \/>S\u00f3l: 0,1 g<\/p>\n<p>INFORMACJA ALERGENNA<br \/>Mo\u017ce zawiera\u0107 SOJ\u0118, SELER, ORZECHY, ORZESZKI ZIEMNE, nasiona sezamu.<\/p>\n<p>ZALECANE WARUNKI PRZECHOWYWANIA<br \/>Przechowywa\u0107 w lod\u00f3wce. Po otwarciu spo\u017cy\u0107 w ci\u0105gu 3 dni. <\/p>","protected":false},"excerpt":{"rendered":"<p>SK\u0141ADNIKIcukinia* 25 %, nap\u00f3j kokosowy* 20 % (ekstrakt z kokosa* 80 %, woda), bataty*, ziemniaki*, ananas* 11 %, pomidory*, cebula*, czosnek*, imbir*, musztarda* (woda, GORCZYCA*, ocet jab\u0142kowy*, s\u00f3l morska, go\u017adziki*, imbir*, kurkuma*), olej rzepakowy*, kolendra*, papryka s\u0142odka*, any\u017c*, cukier trzcinowy*, s\u00f3l kamienna k\u0142odawska. (*certyfikowany sk\u0142adnik ekologiczny) OPISTo podr\u00f3\u017c za ocean, do serca Karaib\u00f3w \u2013 tam, [&hellip;]<\/p>","protected":false},"featured_media":11858,"comment_status":"closed","ping_status":"open","template":"","meta":{"_acf_changed":false},"product_brand":[],"product_cat":[459,274],"product_tag":[],"class_list":{"0":"post-11857","1":"product","2":"type-product","3":"status-publish","4":"has-post-thumbnail","6":"product_cat-dania-gotowe-chlodnicze","7":"product_cat-lodowka-inne","8":"pa_ean-matka-8877","9":"pa_gwarancja-przydatnosci-473","10":"pa_ilosc-w-opakowaniu-340","11":"pa_jednostka-podstawowa-szt","12":"pa_kod-cn-2104-10-00","13":"pa_masa-netto-300","14":"pa_objetosc-brutto-458","15":"pa_producent-gapa-zupy","16":"pa_producent-nazwa-adres-gapa-organic-karolina-grabowska-ul-obwodowa-29b-u3-84-240-reda","17":"pa_tagi-bez-glutenu-w-skladnikach","18":"pa_tagi-certyfikat-bio","19":"pa_tagi-weganski","20":"pa_tagi-wegetarianski","22":"first","23":"instock","24":"taxable","25":"shipping-taxable","26":"purchasable","27":"product-type-simple"},"acf":[],"_links":{"self":[{"href":"https:\/\/wiejskieprzysmaki.estima.site\/en\/wp-json\/wp\/v2\/product\/11857","targetHints":{"allow":["GET"]}}],"collection":[{"href":"https:\/\/wiejskieprzysmaki.estima.site\/en\/wp-json\/wp\/v2\/product"}],"about":[{"href":"https:\/\/wiejskieprzysmaki.estima.site\/en\/wp-json\/wp\/v2\/types\/product"}],"replies":[{"embeddable":true,"href":"https:\/\/wiejskieprzysmaki.estima.site\/en\/wp-json\/wp\/v2\/comments?post=11857"}],"wp:featuredmedia":[{"embeddable":true,"href":"https:\/\/wiejskieprzysmaki.estima.site\/en\/wp-json\/wp\/v2\/media\/11858"}],"wp:attachment":[{"href":"https:\/\/wiejskieprzysmaki.estima.site\/en\/wp-json\/wp\/v2\/media?parent=11857"}],"wp:term":[{"taxonomy":"product_brand","embeddable":true,"href":"https:\/\/wiejskieprzysmaki.estima.site\/en\/wp-json\/wp\/v2\/product_brand?post=11857"},{"taxonomy":"product_cat","embeddable":true,"href":"https:\/\/wiejskieprzysmaki.estima.site\/en\/wp-json\/wp\/v2\/product_cat?post=11857"},{"taxonomy":"product_tag","embeddable":true,"href":"https:\/\/wiejskieprzysmaki.estima.site\/en\/wp-json\/wp\/v2\/product_tag?post=11857"}],"curies":[{"name":"wp","href":"https:\/\/api.w.org\/{rel}","templated":true}]}}