{"id":1187,"date":"2025-02-18T10:35:04","date_gmt":"2025-02-18T09:35:04","guid":{"rendered":"https:\/\/wiejskieprzysmaki.estima.site\/produkt\/ostropest-plamisty-mielony-bio-100-g-dary-natury\/"},"modified":"2025-02-20T15:14:06","modified_gmt":"2025-02-20T14:14:06","slug":"ostropest-plamisty-mielony-bio-100-g-dary-natury","status":"publish","type":"product","link":"https:\/\/wiejskieprzysmaki.estima.site\/en\/product\/ostropest-plamisty-mielony-bio-100-g-dary-natury\/","title":{"rendered":"OSTROPEST PLAMISTY MIELONY BIO 100 g &#8211; DARY NATURY"},"content":{"rendered":"<p>SK\u0141ADNIKI <br \/>ostropest plamisty*. (*certyfikowany sk\u0142adnik ekologiczny)<\/p>\n<p>OPIS<br \/>Suplement diety.<br \/>Ostropest plamisty wspomaga prac\u0119 w\u0105troby, trawienie i oczyszcza organizm. <\/p>\n<p>ZALECANE SPO\u017bYCIE I INNE UWAGI <br \/>Pi\u0107 3 razy razy dziennie po 1 fili\u017cance naparu, przygotowanego z 1 \u0142y\u017ceczki nasion ostropestu (4 g) na szklank\u0119 wody. Porcja dzienna (3 \u0142y\u017ceczki) zawiera 12 g nasion ostropestu.<br \/>Suplement diety nie mo\u017ce by\u0107 stosowany jako substytut zr\u00f3\u017cnicowanej diety. Nie nale\u017cy przekracza\u0107 zalecanej do spo\u017cycia porcji w ci\u0105gu dnia. <br \/>Zr\u00f3wnowa\u017cony spos\u00f3b \u017cywienia i zdrowy tryb \u017cycia s\u0105 podstaw\u0105 zapewnienia prawid\u0142owego funkcjonowania organizmu.<\/p>\n<p>ZALECANE WARUNKI PRZECHOWYWANIA <br \/>Przechowywa\u0107 w suchym i ch\u0142odnym miejscu w spos\u00f3b niedost\u0119pny dla ma\u0142ych dzieci.<\/p>","protected":false},"excerpt":{"rendered":"<p>SK\u0141ADNIKI ostropest plamisty*. (*certyfikowany sk\u0142adnik ekologiczny) OPISSuplement diety.Ostropest plamisty wspomaga prac\u0119 w\u0105troby, trawienie i oczyszcza organizm. ZALECANE SPO\u017bYCIE I INNE UWAGI Pi\u0107 3 razy razy dziennie po 1 fili\u017cance naparu, przygotowanego z 1 \u0142y\u017ceczki nasion ostropestu (4 g) na szklank\u0119 wody. Porcja dzienna (3 \u0142y\u017ceczki) zawiera 12 g nasion ostropestu.Suplement diety nie mo\u017ce by\u0107 stosowany [&hellip;]<\/p>","protected":false},"featured_media":1188,"comment_status":"closed","ping_status":"open","template":"","meta":{"_acf_changed":false},"product_brand":[],"product_cat":[290,9057],"product_tag":[],"class_list":{"0":"post-1187","1":"product","2":"type-product","3":"status-publish","4":"has-post-thumbnail","6":"product_cat-produkty-sproszkowane","7":"product_cat-suplementy-diety","8":"pa_ean-matka-1288","9":"pa_gwarancja-przydatnosci-522","10":"pa_ilosc-w-opakowaniu-1287","11":"pa_jednostka-podstawowa-szt","12":"pa_kod-cn-2306-90-90","13":"pa_kraj-pochodzenia-skladnikow-polska","14":"pa_masa-netto-242","15":"pa_objetosc-brutto-426","16":"pa_producent-dary-natury-suplementy","17":"pa_producent-nazwa-adres-miroslaw-angielczyk-dary-natury-koryciny-73-17-315-grodzisk","18":"pa_tagi-bez-cukru-w-skladnikach","19":"pa_tagi-bez-glutenu-w-skladnikach","20":"pa_tagi-certyfikat-bio","21":"pa_tagi-weganski","22":"pa_tagi-wegetarianski","24":"first","25":"instock","26":"taxable","27":"shipping-taxable","28":"purchasable","29":"product-type-simple"},"acf":[],"_links":{"self":[{"href":"https:\/\/wiejskieprzysmaki.estima.site\/en\/wp-json\/wp\/v2\/product\/1187","targetHints":{"allow":["GET"]}}],"collection":[{"href":"https:\/\/wiejskieprzysmaki.estima.site\/en\/wp-json\/wp\/v2\/product"}],"about":[{"href":"https:\/\/wiejskieprzysmaki.estima.site\/en\/wp-json\/wp\/v2\/types\/product"}],"replies":[{"embeddable":true,"href":"https:\/\/wiejskieprzysmaki.estima.site\/en\/wp-json\/wp\/v2\/comments?post=1187"}],"wp:featuredmedia":[{"embeddable":true,"href":"https:\/\/wiejskieprzysmaki.estima.site\/en\/wp-json\/wp\/v2\/media\/1188"}],"wp:attachment":[{"href":"https:\/\/wiejskieprzysmaki.estima.site\/en\/wp-json\/wp\/v2\/media?parent=1187"}],"wp:term":[{"taxonomy":"product_brand","embeddable":true,"href":"https:\/\/wiejskieprzysmaki.estima.site\/en\/wp-json\/wp\/v2\/product_brand?post=1187"},{"taxonomy":"product_cat","embeddable":true,"href":"https:\/\/wiejskieprzysmaki.estima.site\/en\/wp-json\/wp\/v2\/product_cat?post=1187"},{"taxonomy":"product_tag","embeddable":true,"href":"https:\/\/wiejskieprzysmaki.estima.site\/en\/wp-json\/wp\/v2\/product_tag?post=1187"}],"curies":[{"name":"wp","href":"https:\/\/api.w.org\/{rel}","templated":true}]}}