{"id":11872,"date":"2025-02-18T12:39:57","date_gmt":"2025-02-18T11:39:57","guid":{"rendered":"https:\/\/wiejskieprzysmaki.estima.site\/produkt\/hummus-z-orzeszkami-piniowymi-bezglutenowy-bio-170-g-florentin\/"},"modified":"2025-02-18T12:40:29","modified_gmt":"2025-02-18T11:40:29","slug":"hummus-z-orzeszkami-piniowymi-bezglutenowy-bio-170-g-florentin","status":"publish","type":"product","link":"https:\/\/wiejskieprzysmaki.estima.site\/en\/product\/hummus-z-orzeszkami-piniowymi-bezglutenowy-bio-170-g-florentin\/","title":{"rendered":"HUMMUS Z ORZESZKAMI PINIOWYMI BEZGLUTENOWY BIO 170 g &#8211; FLORENTIN"},"content":{"rendered":"<p>SK\u0141ADNIKI<br \/>gotowana ciecierzyca* (52 %) (woda, ciecierzyca*), woda, pasta SEZAMOWA* (13%), oliwa z oliwek*, orzeszki piniowe* (4 %), sok z cytryny* (1 %), regulator kwasowo\u015bci (kwas mlekowy**), s\u00f3l morska, czosnek*, kminek*. (*certyfikowany sk\u0142adnik ekologiczny, **sk\u0142adnik pozyskany z trzciny cukrowej)<\/p>\n<p>OPIS<br \/>Hummus z orzeszkami piniowymi ma wszystkie zalety naszego klasycznego hummusu, z t\u0105 r\u00f3\u017cnic\u0105, \u017ce ma inn\u0105 konsystencj\u0119, gdy\u017c jest zrobiony z grubo posiekanej ciecierzycy z dodatkiem orzeszk\u00f3w piniowych.<br \/>Danie to smakuje wy\u015bmienicie samo w sobie, a jeszcze lepiej smakuje z ciep\u0142ymi kulkami falafelowymi lub jedn\u0105 z naszych sa\u0142atek.<\/p>\n<p>WARTO\u015a\u0106 OD\u017bYWCZA w 100 g <br \/>Warto\u015b\u0107 energetyczna: 852 kJ \/ 203 kcal<br \/>T\u0142uszcz: 14,4 g<br \/>w tym kwasy t\u0142uszczowe nasycone: 2,6 g<br \/>W\u0119glowodany: 7,7 g<br \/>w tym cukry: 1,1 g<br \/>B\u0142onnik: 9,5 g<br \/>Bia\u0142ko: 6,6 g<br \/>S\u00f3l: 1,1 g<\/p>\n<p>ZALECANE WARUNKI PRZECHOWYWANIA<br \/>Przechowywa\u0107 w temperaturze do +7\u00b0C. <\/p>","protected":false},"excerpt":{"rendered":"<p>SK\u0141ADNIKIgotowana ciecierzyca* (52 %) (woda, ciecierzyca*), woda, pasta SEZAMOWA* (13%), oliwa z oliwek*, orzeszki piniowe* (4 %), sok z cytryny* (1 %), regulator kwasowo\u015bci (kwas mlekowy**), s\u00f3l morska, czosnek*, kminek*. (*certyfikowany sk\u0142adnik ekologiczny, **sk\u0142adnik pozyskany z trzciny cukrowej) OPISHummus z orzeszkami piniowymi ma wszystkie zalety naszego klasycznego hummusu, z t\u0105 r\u00f3\u017cnic\u0105, \u017ce ma inn\u0105 konsystencj\u0119, [&hellip;]<\/p>","protected":false},"featured_media":11873,"comment_status":"closed","ping_status":"open","template":"","meta":{"_acf_changed":false},"product_brand":[],"product_cat":[274,753],"product_tag":[],"class_list":{"0":"post-11872","1":"product","2":"type-product","3":"status-publish","4":"has-post-thumbnail","6":"product_cat-lodowka-inne","7":"product_cat-majonezy-hummusy-sosy-pasty","8":"pa_ean-matka-8886","9":"pa_gwarancja-przydatnosci-481","10":"pa_ilosc-w-opakowaniu-298","11":"pa_jednostka-podstawowa-szt","12":"pa_kod-cn-2005-99-50","13":"pa_kraj-pochodzenia-skladnikow-turcja","14":"pa_masa-netto-748","15":"pa_objetosc-brutto-204","16":"pa_producent-florentin-hummusy-falafel-pita","17":"pa_producent-nazwa-adres-florentin-bv-energieweg-132-3641-rt-mijdrecht","18":"pa_tagi-bez-cukru-w-skladnikach","19":"pa_tagi-bez-glutenu-deklaracja","20":"pa_tagi-bez-glutenu-w-skladnikach","21":"pa_tagi-certyfikat-bio","22":"pa_tagi-weganski","23":"pa_tagi-wegetarianski","25":"first","26":"instock","27":"taxable","28":"shipping-taxable","29":"purchasable","30":"product-type-simple"},"acf":[],"_links":{"self":[{"href":"https:\/\/wiejskieprzysmaki.estima.site\/en\/wp-json\/wp\/v2\/product\/11872","targetHints":{"allow":["GET"]}}],"collection":[{"href":"https:\/\/wiejskieprzysmaki.estima.site\/en\/wp-json\/wp\/v2\/product"}],"about":[{"href":"https:\/\/wiejskieprzysmaki.estima.site\/en\/wp-json\/wp\/v2\/types\/product"}],"replies":[{"embeddable":true,"href":"https:\/\/wiejskieprzysmaki.estima.site\/en\/wp-json\/wp\/v2\/comments?post=11872"}],"wp:featuredmedia":[{"embeddable":true,"href":"https:\/\/wiejskieprzysmaki.estima.site\/en\/wp-json\/wp\/v2\/media\/11873"}],"wp:attachment":[{"href":"https:\/\/wiejskieprzysmaki.estima.site\/en\/wp-json\/wp\/v2\/media?parent=11872"}],"wp:term":[{"taxonomy":"product_brand","embeddable":true,"href":"https:\/\/wiejskieprzysmaki.estima.site\/en\/wp-json\/wp\/v2\/product_brand?post=11872"},{"taxonomy":"product_cat","embeddable":true,"href":"https:\/\/wiejskieprzysmaki.estima.site\/en\/wp-json\/wp\/v2\/product_cat?post=11872"},{"taxonomy":"product_tag","embeddable":true,"href":"https:\/\/wiejskieprzysmaki.estima.site\/en\/wp-json\/wp\/v2\/product_tag?post=11872"}],"curies":[{"name":"wp","href":"https:\/\/api.w.org\/{rel}","templated":true}]}}