{"id":11874,"date":"2025-02-18T12:40:31","date_gmt":"2025-02-18T11:40:31","guid":{"rendered":"https:\/\/wiejskieprzysmaki.estima.site\/produkt\/hummus-bezglutenowy-bio-170-g-florentin\/"},"modified":"2025-02-18T12:40:32","modified_gmt":"2025-02-18T11:40:32","slug":"hummus-bezglutenowy-bio-170-g-florentin","status":"publish","type":"product","link":"https:\/\/wiejskieprzysmaki.estima.site\/en\/product\/hummus-bezglutenowy-bio-170-g-florentin\/","title":{"rendered":"HUMMUS BEZGLUTENOWY BIO 170 g &#8211; FLORENTIN"},"content":{"rendered":"<p>SK\u0141ADNIKI<br \/>gotowana ciecierzyca* (63 %) (woda, ciecierzyca*), pasta SEZAMOWA* (15 %), olej s\u0142onecznikowy*, woda, regulator kwasowo\u015bci (kwas mlekowy**), s\u00f3l morska, czosnek*, kminek*. (*certyfikowany sk\u0142adnik ekologiczny. **sk\u0142adnik pozyskany z trzciny cukrowej)<\/p>\n<p>OPIS<br \/>Nasz ponadczasowy klasyk, aksamitnie g\u0142adki hummus, powstaje wy\u0142\u0105cznie z ciecierzycy z dodatkiem pasty sezamowej. <br \/>Klasyczny hummus nigdy nie smakowa\u0142 lepiej. Rozsmaruj go na swojej ulubionej kanapce lub ciesz si\u0119 nim jako dipem do chrupi\u0105cych warzywnych paluszk\u00f3w lub chlebka pita.<\/p>\n<p>WARTO\u015a\u0106 OD\u017bYWCZA w 100 g <br \/>Warto\u015b\u0107 energetyczna: 866 kJ \/ 207 kcal<br \/>T\u0142uszcz: 14,9 g<br \/>w tym kwasy t\u0142uszczowe nasycone: 2,0 g<br \/>W\u0119glowodany: 9,0 g<br \/>w tym cukry: 0,5 g<br \/>B\u0142onnik: 4,2 g<br \/>Bia\u0142ko: 7,6 g<br \/>S\u00f3l: 0,9 g<\/p>\n<p>ZALECANE WARUNKI PRZECHOWYWANIA<br \/>Przechowywa\u0107 w temperaturze do +7\u00b0C.<\/p>","protected":false},"excerpt":{"rendered":"<p>SK\u0141ADNIKIgotowana ciecierzyca* (63 %) (woda, ciecierzyca*), pasta SEZAMOWA* (15 %), olej s\u0142onecznikowy*, woda, regulator kwasowo\u015bci (kwas mlekowy**), s\u00f3l morska, czosnek*, kminek*. (*certyfikowany sk\u0142adnik ekologiczny. **sk\u0142adnik pozyskany z trzciny cukrowej) OPISNasz ponadczasowy klasyk, aksamitnie g\u0142adki hummus, powstaje wy\u0142\u0105cznie z ciecierzycy z dodatkiem pasty sezamowej. Klasyczny hummus nigdy nie smakowa\u0142 lepiej. Rozsmaruj go na swojej ulubionej kanapce [&hellip;]<\/p>","protected":false},"featured_media":11875,"comment_status":"closed","ping_status":"open","template":"","meta":{"_acf_changed":false},"product_brand":[],"product_cat":[274,753],"product_tag":[],"class_list":{"0":"post-11874","1":"product","2":"type-product","3":"status-publish","4":"has-post-thumbnail","6":"product_cat-lodowka-inne","7":"product_cat-majonezy-hummusy-sosy-pasty","8":"pa_ean-matka-8887","9":"pa_gwarancja-przydatnosci-481","10":"pa_ilosc-w-opakowaniu-298","11":"pa_jednostka-podstawowa-szt","12":"pa_kod-cn-2005-99-50","13":"pa_kraj-pochodzenia-skladnikow-turcja","14":"pa_masa-netto-748","15":"pa_objetosc-brutto-204","16":"pa_producent-florentin-hummusy-falafel-pita","17":"pa_producent-nazwa-adres-florentin-bv-energieweg-132-3641-rt-mijdrecht","18":"pa_tagi-bez-cukru-w-skladnikach","19":"pa_tagi-bez-glutenu-deklaracja","20":"pa_tagi-bez-glutenu-w-skladnikach","21":"pa_tagi-certyfikat-bio","22":"pa_tagi-weganski","23":"pa_tagi-wegetarianski","25":"first","26":"instock","27":"taxable","28":"shipping-taxable","29":"purchasable","30":"product-type-simple"},"acf":[],"_links":{"self":[{"href":"https:\/\/wiejskieprzysmaki.estima.site\/en\/wp-json\/wp\/v2\/product\/11874","targetHints":{"allow":["GET"]}}],"collection":[{"href":"https:\/\/wiejskieprzysmaki.estima.site\/en\/wp-json\/wp\/v2\/product"}],"about":[{"href":"https:\/\/wiejskieprzysmaki.estima.site\/en\/wp-json\/wp\/v2\/types\/product"}],"replies":[{"embeddable":true,"href":"https:\/\/wiejskieprzysmaki.estima.site\/en\/wp-json\/wp\/v2\/comments?post=11874"}],"wp:featuredmedia":[{"embeddable":true,"href":"https:\/\/wiejskieprzysmaki.estima.site\/en\/wp-json\/wp\/v2\/media\/11875"}],"wp:attachment":[{"href":"https:\/\/wiejskieprzysmaki.estima.site\/en\/wp-json\/wp\/v2\/media?parent=11874"}],"wp:term":[{"taxonomy":"product_brand","embeddable":true,"href":"https:\/\/wiejskieprzysmaki.estima.site\/en\/wp-json\/wp\/v2\/product_brand?post=11874"},{"taxonomy":"product_cat","embeddable":true,"href":"https:\/\/wiejskieprzysmaki.estima.site\/en\/wp-json\/wp\/v2\/product_cat?post=11874"},{"taxonomy":"product_tag","embeddable":true,"href":"https:\/\/wiejskieprzysmaki.estima.site\/en\/wp-json\/wp\/v2\/product_tag?post=11874"}],"curies":[{"name":"wp","href":"https:\/\/api.w.org\/{rel}","templated":true}]}}