{"id":11886,"date":"2025-02-18T12:40:31","date_gmt":"2025-02-18T11:40:31","guid":{"rendered":"https:\/\/wiejskieprzysmaki.estima.site\/produkt\/chleb-pita-orkiszowy-bio-560-g-terrasana\/"},"modified":"2025-02-18T12:40:39","modified_gmt":"2025-02-18T11:40:39","slug":"chleb-pita-orkiszowy-bio-560-g-terrasana","status":"publish","type":"product","link":"https:\/\/wiejskieprzysmaki.estima.site\/en\/product\/chleb-pita-orkiszowy-bio-560-g-terrasana\/","title":{"rendered":"CHLEB PITA ORKISZOWY BIO 560 g &#8211; TERRASANA"},"content":{"rendered":"<p>SK\u0141ADNIKI<br \/>M\u0105ka z PSZENICY ORKISZ* 66 %, woda, dro\u017cd\u017ce, s\u00f3l, m\u0105ka PSZENNA* 0,1 %. (*certyfikowany sk\u0142adnik ekologiczny)<\/p>\n<p>OPIS<br \/>Chleby pita, ale z m\u0105ki orkiszowej. Mo\u017cna je wype\u0142nia\u0107 na wiele sposob\u00f3w, wykorzystuj\u0105c pyszne warzywa, produkty delikatesowe i r\u00f3\u017cnorodne przyprawy. Dzi\u0119ki temu mo\u017cesz delektowa\u0107 si\u0119 smacznym, ekologicznym pieczywem, jednocze\u015bnie dokonuj\u0105c \u015bwiadomych wybor\u00f3w \u017cywieniowych. Chleby te powstaj\u0105 w tradycyjny spos\u00f3b. Charakteryzuj\u0105 si\u0119 bogatym smakiem i wyj\u0105tkow\u0105, chrupi\u0105c\u0105 struktur\u0105 po zapieczeniu. Doskonale sprawdz\u0105 si\u0119 w po\u0142\u0105czeniu z tzatziki, hummusem lub pesto. Dost\u0119pne r\u00f3wnie\u017c w wersji pszennej i pe\u0142noziarnistej.<br \/>Produkt pakowano w atmosferze ochronnej. Bez dodatku cukru, zawiera naturalnie wyst\u0119puj\u0105ce cukry. <br \/>W opakowaniu jest 8 sztuk. <\/p>\n<p>SPOS\u00d3B PRZYGOTOWANIA<br \/>Pola\u0107 delikatnie wod\u0105, zapieka\u0107 w opiekaczu przez ok. 3 minuty, nast\u0119pnie przekroi\u0107 i doda\u0107 ulubione sk\u0142adniki.<\/p>\n<p>WARTO\u015a\u0106 OD\u017bYWCZA w 100 g<br \/>Warto\u015b\u0107 energetyczna: 944 kJ \/ 223 kcal<br \/>T\u0142uszcz: 0,7 g<br \/>w tym kwasy t\u0142uszczowe nasycone: 0,1 g<br \/>W\u0119glowodany: 45 g<br \/>w tym cukry: 0,1 g<br \/>B\u0142onnik: 3,4 g<br \/>Bia\u0142ko: 7,4 g<br \/>S\u00f3l: 1,1 g<\/p>\n<p>ZALECANE WARUNKI PRZECHOWYWANIA<br \/>Po otwarciu przechowywa\u0107 w lod\u00f3wce i spo\u017cy\u0107 w ci\u0105gu 2 dni.<\/p>","protected":false},"excerpt":{"rendered":"<p>SK\u0141ADNIKIM\u0105ka z PSZENICY ORKISZ* 66 %, woda, dro\u017cd\u017ce, s\u00f3l, m\u0105ka PSZENNA* 0,1 %. (*certyfikowany sk\u0142adnik ekologiczny) OPISChleby pita, ale z m\u0105ki orkiszowej. Mo\u017cna je wype\u0142nia\u0107 na wiele sposob\u00f3w, wykorzystuj\u0105c pyszne warzywa, produkty delikatesowe i r\u00f3\u017cnorodne przyprawy. Dzi\u0119ki temu mo\u017cesz delektowa\u0107 si\u0119 smacznym, ekologicznym pieczywem, jednocze\u015bnie dokonuj\u0105c \u015bwiadomych wybor\u00f3w \u017cywieniowych. Chleby te powstaj\u0105 w tradycyjny spos\u00f3b. [&hellip;]<\/p>","protected":false},"featured_media":11887,"comment_status":"closed","ping_status":"open","template":"","meta":{"_acf_changed":false},"product_brand":[],"product_cat":[1437,64],"product_tag":[],"class_list":{"0":"post-11886","1":"product","2":"type-product","3":"status-publish","4":"has-post-thumbnail","6":"product_cat-chleby-bulki","7":"product_cat-pieczywo","8":"pa_ean-matka-8893","9":"pa_gwarancja-przydatnosci-535","10":"pa_ilosc-w-opakowaniu-298","11":"pa_jednostka-podstawowa-szt","12":"pa_kod-cn-1905-90-30","13":"pa_masa-netto-8440","14":"pa_objetosc-brutto-4822","15":"pa_producent-terrasana-kremy-makarony-sosy-sojowe-inne","16":"pa_producent-nazwa-adres-terrasana-natuurvoeding-b-v-waaier-10-2451-leimuiden","17":"pa_tagi-bez-cukru-w-skladnikach","18":"pa_tagi-certyfikat-bio","19":"pa_tagi-weganski","20":"pa_tagi-wegetarianski","22":"first","23":"instock","24":"taxable","25":"shipping-taxable","26":"purchasable","27":"product-type-simple"},"acf":[],"_links":{"self":[{"href":"https:\/\/wiejskieprzysmaki.estima.site\/en\/wp-json\/wp\/v2\/product\/11886","targetHints":{"allow":["GET"]}}],"collection":[{"href":"https:\/\/wiejskieprzysmaki.estima.site\/en\/wp-json\/wp\/v2\/product"}],"about":[{"href":"https:\/\/wiejskieprzysmaki.estima.site\/en\/wp-json\/wp\/v2\/types\/product"}],"replies":[{"embeddable":true,"href":"https:\/\/wiejskieprzysmaki.estima.site\/en\/wp-json\/wp\/v2\/comments?post=11886"}],"wp:featuredmedia":[{"embeddable":true,"href":"https:\/\/wiejskieprzysmaki.estima.site\/en\/wp-json\/wp\/v2\/media\/11887"}],"wp:attachment":[{"href":"https:\/\/wiejskieprzysmaki.estima.site\/en\/wp-json\/wp\/v2\/media?parent=11886"}],"wp:term":[{"taxonomy":"product_brand","embeddable":true,"href":"https:\/\/wiejskieprzysmaki.estima.site\/en\/wp-json\/wp\/v2\/product_brand?post=11886"},{"taxonomy":"product_cat","embeddable":true,"href":"https:\/\/wiejskieprzysmaki.estima.site\/en\/wp-json\/wp\/v2\/product_cat?post=11886"},{"taxonomy":"product_tag","embeddable":true,"href":"https:\/\/wiejskieprzysmaki.estima.site\/en\/wp-json\/wp\/v2\/product_tag?post=11886"}],"curies":[{"name":"wp","href":"https:\/\/api.w.org\/{rel}","templated":true}]}}