{"id":11892,"date":"2025-02-18T12:40:31","date_gmt":"2025-02-18T11:40:31","guid":{"rendered":"https:\/\/wiejskieprzysmaki.estima.site\/produkt\/sok-z-kurkumy-nfc-bio-330-ml-batom\/"},"modified":"2025-02-18T12:40:41","modified_gmt":"2025-02-18T11:40:41","slug":"sok-z-kurkumy-nfc-bio-330-ml-batom","status":"publish","type":"product","link":"https:\/\/wiejskieprzysmaki.estima.site\/en\/product\/sok-z-kurkumy-nfc-bio-330-ml-batom\/","title":{"rendered":"SOK Z KURKUMY NFC BIO 330 ml &#8211; BATOM"},"content":{"rendered":"<p>SK\u0141ADNIKI<br \/>sok NFC z kurkumy* 99,1 %, sok z cytryn* 0,9 %. (*certyfikowany sk\u0142adnik ekologiczny)<\/p>\n<p>OPIS<br \/>Sok z kurkumy NFC to doskona\u0142y dodatek do herbat i innych napoj\u00f3w oraz przyprawa do da\u0144 i sos\u00f3w. <br \/>Przed otwarciem wstrz\u0105sn\u0105\u0107. M\u0119tno\u015b\u0107 i osad tworz\u0105 naturalne cz\u0105steczki owoc\u00f3w. <\/p>\n<p>WARTO\u015a\u0106 OD\u017bYWCZA w 100 ml<br \/>Warto\u015b\u0107 energetyczna: 134 kJ \/ 32 kcal<br \/>T\u0142uszcz: 0,2 g<br \/>w tym kwasy t\u0142uszczowe nasycone: 0,1 g<br \/>W\u0119glowodany: 6,3 g<br \/>w tym cukry: 1,1 g<br \/>Bia\u0142ko: 1,2 g<br \/>S\u00f3l: 0,04 g<\/p>\n<p>ZALECANE WARUNKI PRZECHOWYWANIA<br \/>Przechowywa\u0107 w ch\u0142odnym i ciemnym miejscu. Po otwarciu przechowywa\u0107 w lod\u00f3wce do 10 dni. <\/p>","protected":false},"excerpt":{"rendered":"<p>SK\u0141ADNIKIsok NFC z kurkumy* 99,1 %, sok z cytryn* 0,9 %. (*certyfikowany sk\u0142adnik ekologiczny) OPISSok z kurkumy NFC to doskona\u0142y dodatek do herbat i innych napoj\u00f3w oraz przyprawa do da\u0144 i sos\u00f3w. Przed otwarciem wstrz\u0105sn\u0105\u0107. M\u0119tno\u015b\u0107 i osad tworz\u0105 naturalne cz\u0105steczki owoc\u00f3w. WARTO\u015a\u0106 OD\u017bYWCZA w 100 mlWarto\u015b\u0107 energetyczna: 134 kJ \/ 32 kcalT\u0142uszcz: 0,2 gw [&hellip;]<\/p>","protected":false},"featured_media":11893,"comment_status":"closed","ping_status":"open","template":"","meta":{"_acf_changed":false},"product_brand":[],"product_cat":[134,863],"product_tag":[],"class_list":{"0":"post-11892","1":"product","2":"type-product","3":"status-publish","4":"has-post-thumbnail","6":"product_cat-napoje","7":"product_cat-soki-warzywne-warzywne-z-dodatkami-i-inne","8":"pa_ean-matka-8899","9":"pa_gwarancja-przydatnosci-324","10":"pa_ilosc-w-opakowaniu-374","11":"pa_jednostka-podstawowa-szt","12":"pa_kod-cn-2009-89-99","13":"pa_objetosc-brutto-1293","14":"pa_objetosc-netto-1012","15":"pa_producent-batom-oleje-soki-sole-kapielowe","16":"pa_producent-nazwa-adres-batom-pl-jozef-lesniak-30-079-krakow-ul-fieldorfa-nila-17","17":"pa_tagi-bez-cukru-w-skladnikach","18":"pa_tagi-bez-glutenu-w-skladnikach","19":"pa_tagi-certyfikat-bio","20":"pa_tagi-weganski","21":"pa_tagi-wegetarianski","23":"first","24":"instock","25":"taxable","26":"shipping-taxable","27":"purchasable","28":"product-type-simple"},"acf":[],"_links":{"self":[{"href":"https:\/\/wiejskieprzysmaki.estima.site\/en\/wp-json\/wp\/v2\/product\/11892","targetHints":{"allow":["GET"]}}],"collection":[{"href":"https:\/\/wiejskieprzysmaki.estima.site\/en\/wp-json\/wp\/v2\/product"}],"about":[{"href":"https:\/\/wiejskieprzysmaki.estima.site\/en\/wp-json\/wp\/v2\/types\/product"}],"replies":[{"embeddable":true,"href":"https:\/\/wiejskieprzysmaki.estima.site\/en\/wp-json\/wp\/v2\/comments?post=11892"}],"wp:featuredmedia":[{"embeddable":true,"href":"https:\/\/wiejskieprzysmaki.estima.site\/en\/wp-json\/wp\/v2\/media\/11893"}],"wp:attachment":[{"href":"https:\/\/wiejskieprzysmaki.estima.site\/en\/wp-json\/wp\/v2\/media?parent=11892"}],"wp:term":[{"taxonomy":"product_brand","embeddable":true,"href":"https:\/\/wiejskieprzysmaki.estima.site\/en\/wp-json\/wp\/v2\/product_brand?post=11892"},{"taxonomy":"product_cat","embeddable":true,"href":"https:\/\/wiejskieprzysmaki.estima.site\/en\/wp-json\/wp\/v2\/product_cat?post=11892"},{"taxonomy":"product_tag","embeddable":true,"href":"https:\/\/wiejskieprzysmaki.estima.site\/en\/wp-json\/wp\/v2\/product_tag?post=11892"}],"curies":[{"name":"wp","href":"https:\/\/api.w.org\/{rel}","templated":true}]}}