{"id":11904,"date":"2025-02-18T12:40:42","date_gmt":"2025-02-18T11:40:42","guid":{"rendered":"https:\/\/wiejskieprzysmaki.estima.site\/produkt\/czekolada-biala-proteinowa-z-bialkiem-wpc-bez-dodatku-cukrow-65-g-cocoa\/"},"modified":"2025-02-18T12:40:49","modified_gmt":"2025-02-18T11:40:49","slug":"czekolada-biala-proteinowa-z-bialkiem-wpc-bez-dodatku-cukrow-65-g-cocoa","status":"publish","type":"product","link":"https:\/\/wiejskieprzysmaki.estima.site\/en\/product\/czekolada-biala-proteinowa-z-bialkiem-wpc-bez-dodatku-cukrow-65-g-cocoa\/","title":{"rendered":"CZEKOLADA BIA\u0141A PROTEINOWA Z BIA\u0141KIEM WPC BEZ DODATKU CUKR\u00d3W 65 g &#8211; COCOA"},"content":{"rendered":"<p>SK\u0141ADNIKI<br \/>t\u0142uszcz kakaowy, substancja s\u0142odz\u0105ca: erytrytol, bia\u0142ko serwatkowe (z MLEKA) 19 %, MLEKO pe\u0142ne w proszku, naturalne aromaty. Masa kakaowa minimum 38 %. <\/p>\n<p>OPIS<br \/>Kremowa czekolada, kt\u00f3ra wed\u0142ug wielu jest lepsza ni\u017c klasyczne czekolady mleczne w po\u0142\u0105czeniu z porcj\u0105 bia\u0142ka. Propozycja dla mi\u0142o\u015bnik\u00f3w mlecznego smaku oraz idealnej kremowo\u015bci.<br \/>BEZ DODANEGO CUKRU: Produkt s\u0142odzony erytrytolem, uwa\u017cany za najzdrowszy s\u0142odzik, z niskim indeksem glikemicznym (IG=0).<br \/>BEZ OLEJU PALMOWEGO: W naszych produktach nie znajdziesz oleju palmowego.<br \/>NISKI indeks glikemiczny pozytywnie wp\u0142ynie na Twoje zdrowie.<br \/>RAW, czyli SUROWA CZEKOLADA: Poczuj prawdziwy oryginalny smak czekolady z niepra\u017conych ziaren kakaowca. Naprawd\u0119 lepiej smakuje bez obr\u00f3bki w wysokiej temperaturze oraz zachowuje ca\u0142\u0105 gam\u0119 sk\u0142adnik\u00f3w od\u017cywczych.&nbsp;<br \/>SOY FREE&nbsp;&#8211; produkt jest wolny od SOI i jej przetwor\u00f3w.<\/p>\n<p>WARTO\u015a\u0106 OD\u017bYWCZA w 100 g <br \/>Warto\u015b\u0107 energetyczna: 2146 kJ \/ 511 kcal<br \/>T\u0142uszcz: 43 g<br \/>w tym kwasy t\u0142uszczowe nasycone: 28 g<br \/>W\u0119glowodany: 34 g<br \/>w tym cukry: 11 g<br \/>w tym poliole: 23 g<br \/>B\u0142onnik: 0 g<br \/>Bia\u0142ko: 19 g<br \/>S\u00f3l: 0,22 g<\/p>\n<p>INFORMACJA ALERGENNA<br \/>Mo\u017ce zawiera\u0107 ORZESZKI ZIEMNE i inne orzechy.<\/p>\n<p>ZALECANE WARUNKI PRZECHOWYWANIA<br \/>Przechowywa\u0107 w suchym i ch\u0142odnym miejscu.<\/p>","protected":false},"excerpt":{"rendered":"<p>SK\u0141ADNIKIt\u0142uszcz kakaowy, substancja s\u0142odz\u0105ca: erytrytol, bia\u0142ko serwatkowe (z MLEKA) 19 %, MLEKO pe\u0142ne w proszku, naturalne aromaty. Masa kakaowa minimum 38 %. OPISKremowa czekolada, kt\u00f3ra wed\u0142ug wielu jest lepsza ni\u017c klasyczne czekolady mleczne w po\u0142\u0105czeniu z porcj\u0105 bia\u0142ka. Propozycja dla mi\u0142o\u015bnik\u00f3w mlecznego smaku oraz idealnej kremowo\u015bci.BEZ DODANEGO CUKRU: Produkt s\u0142odzony erytrytolem, uwa\u017cany za najzdrowszy s\u0142odzik, [&hellip;]<\/p>","protected":false},"featured_media":11905,"comment_status":"closed","ping_status":"open","template":"","meta":{"_acf_changed":false},"product_brand":[],"product_cat":[1187,139],"product_tag":[],"class_list":{"0":"post-11904","1":"product","2":"type-product","3":"status-publish","4":"has-post-thumbnail","6":"product_cat-czekolady-i-czekoladki","7":"product_cat-slodycze-i-przekaski","8":"pa_ean-matka-8905","9":"pa_gwarancja-przydatnosci-311","10":"pa_ilosc-w-opakowaniu-350","11":"pa_jednostka-podstawowa-szt","12":"pa_kod-cn-1704-90-30","13":"pa_masa-netto-4813","14":"pa_objetosc-brutto-1280","15":"pa_producent-cocoa-czekolady-i-bakalie-w-surowej-czekoladzie","16":"pa_producent-nazwa-adres-surovital-m-rendak-k-szwed-s-c","17":"pa_tagi-bez-cukru-w-skladnikach","18":"pa_tagi-bez-glutenu-w-skladnikach","19":"pa_tagi-wegetarianski","21":"first","22":"instock","23":"taxable","24":"shipping-taxable","25":"purchasable","26":"product-type-simple"},"acf":[],"_links":{"self":[{"href":"https:\/\/wiejskieprzysmaki.estima.site\/en\/wp-json\/wp\/v2\/product\/11904","targetHints":{"allow":["GET"]}}],"collection":[{"href":"https:\/\/wiejskieprzysmaki.estima.site\/en\/wp-json\/wp\/v2\/product"}],"about":[{"href":"https:\/\/wiejskieprzysmaki.estima.site\/en\/wp-json\/wp\/v2\/types\/product"}],"replies":[{"embeddable":true,"href":"https:\/\/wiejskieprzysmaki.estima.site\/en\/wp-json\/wp\/v2\/comments?post=11904"}],"wp:featuredmedia":[{"embeddable":true,"href":"https:\/\/wiejskieprzysmaki.estima.site\/en\/wp-json\/wp\/v2\/media\/11905"}],"wp:attachment":[{"href":"https:\/\/wiejskieprzysmaki.estima.site\/en\/wp-json\/wp\/v2\/media?parent=11904"}],"wp:term":[{"taxonomy":"product_brand","embeddable":true,"href":"https:\/\/wiejskieprzysmaki.estima.site\/en\/wp-json\/wp\/v2\/product_brand?post=11904"},{"taxonomy":"product_cat","embeddable":true,"href":"https:\/\/wiejskieprzysmaki.estima.site\/en\/wp-json\/wp\/v2\/product_cat?post=11904"},{"taxonomy":"product_tag","embeddable":true,"href":"https:\/\/wiejskieprzysmaki.estima.site\/en\/wp-json\/wp\/v2\/product_tag?post=11904"}],"curies":[{"name":"wp","href":"https:\/\/api.w.org\/{rel}","templated":true}]}}