{"id":1191,"date":"2025-02-18T10:35:04","date_gmt":"2025-02-18T09:35:04","guid":{"rendered":"https:\/\/wiejskieprzysmaki.estima.site\/produkt\/sok-wisniowy-nfc-bio-330-ml-batom\/"},"modified":"2025-02-18T10:35:11","modified_gmt":"2025-02-18T09:35:11","slug":"sok-wisniowy-nfc-bio-330-ml-batom","status":"publish","type":"product","link":"https:\/\/wiejskieprzysmaki.estima.site\/en\/product\/sok-wisniowy-nfc-bio-330-ml-batom\/","title":{"rendered":"SOK WI\u015aNIOWY NFC BIO 330 ml &#8211; BATOM"},"content":{"rendered":"<p>SK\u0141ADNIKI<br \/>bezpo\u015bredni sok wi\u015bniowy* 100 %. (*certyfikowany sk\u0142adnik ekologiczny)<\/p>\n<p>OPIS<br \/>Sok bezpo\u015brednio t\u0142oczony NFC (nie z koncentratu) ze \u015bwie\u017cych ekologicznych wi\u015bni 100 %. Zawiera wy\u0142\u0105cznie cukry naturalne wyst\u0119puj\u0105ce w owocach. Produkt pasteryzowany. Przed otwarciem wstrz\u0105sn\u0105\u0107. M\u0119tno\u015b\u0107 i osad tworz\u0105 naturalne cz\u0105steczki owoc\u00f3w.<\/p>\n<p>WARTO\u015a\u0106 OD\u017bYWCZA W 100 ml <br \/>Warto\u015b\u0107 energetyczna: 184 kJ\/43 kcal <br \/>T\u0142uszcz: &lt;0,1 g <br \/>w tym kwasy nasycone: &lt;0,1 g <br \/>W\u0119glowodany: 10 g <br \/>w tym cukry: 8,2 g <br \/>Bia\u0142ko: 0,4 g <br \/>S\u00f3l: &lt;0,01 g<\/p>\n<p>ZALECANE WARUNKI PRZECHOWYWANIA<br \/>Przechowywa\u0107 w ch\u0142odnym i ciemnym miejscu (po otwarciu przechowywa\u0107 kilka dni w lod\u00f3wce).<\/p>","protected":false},"excerpt":{"rendered":"<p>SK\u0141ADNIKIbezpo\u015bredni sok wi\u015bniowy* 100 %. (*certyfikowany sk\u0142adnik ekologiczny) OPISSok bezpo\u015brednio t\u0142oczony NFC (nie z koncentratu) ze \u015bwie\u017cych ekologicznych wi\u015bni 100 %. Zawiera wy\u0142\u0105cznie cukry naturalne wyst\u0119puj\u0105ce w owocach. Produkt pasteryzowany. Przed otwarciem wstrz\u0105sn\u0105\u0107. M\u0119tno\u015b\u0107 i osad tworz\u0105 naturalne cz\u0105steczki owoc\u00f3w. WARTO\u015a\u0106 OD\u017bYWCZA W 100 ml Warto\u015b\u0107 energetyczna: 184 kJ\/43 kcal T\u0142uszcz: &lt;0,1 g w tym [&hellip;]<\/p>","protected":false},"featured_media":1192,"comment_status":"closed","ping_status":"open","template":"","meta":{"_acf_changed":false},"product_brand":[],"product_cat":[134,410],"product_tag":[],"class_list":{"0":"post-1191","1":"product","2":"type-product","3":"status-publish","4":"has-post-thumbnail","6":"product_cat-napoje","7":"product_cat-soki-owocowe-soki-owocowe-z-dodatkami","8":"pa_ean-matka-1294","9":"pa_gwarancja-przydatnosci-311","10":"pa_ilosc-w-opakowaniu-374","11":"pa_jednostka-podstawowa-szt","12":"pa_kod-cn-2009-89-96","13":"pa_kraj-pochodzenia-skladnikow-polska","14":"pa_objetosc-brutto-1293","15":"pa_objetosc-netto-1012","16":"pa_producent-batom-oleje-soki-sole-kapielowe","17":"pa_producent-nazwa-adres-batom-pl-jozef-lesniak-hurtownia-zdrowej-zywnosci-generala-augusta-fieldorfa-nila-17-31-209-krakow","18":"pa_tagi-bez-cukru-w-skladnikach","19":"pa_tagi-bez-glutenu-w-skladnikach","20":"pa_tagi-certyfikat-bio","21":"pa_tagi-weganski","22":"pa_tagi-wegetarianski","24":"first","25":"instock","26":"taxable","27":"shipping-taxable","28":"purchasable","29":"product-type-simple"},"acf":[],"_links":{"self":[{"href":"https:\/\/wiejskieprzysmaki.estima.site\/en\/wp-json\/wp\/v2\/product\/1191","targetHints":{"allow":["GET"]}}],"collection":[{"href":"https:\/\/wiejskieprzysmaki.estima.site\/en\/wp-json\/wp\/v2\/product"}],"about":[{"href":"https:\/\/wiejskieprzysmaki.estima.site\/en\/wp-json\/wp\/v2\/types\/product"}],"replies":[{"embeddable":true,"href":"https:\/\/wiejskieprzysmaki.estima.site\/en\/wp-json\/wp\/v2\/comments?post=1191"}],"wp:featuredmedia":[{"embeddable":true,"href":"https:\/\/wiejskieprzysmaki.estima.site\/en\/wp-json\/wp\/v2\/media\/1192"}],"wp:attachment":[{"href":"https:\/\/wiejskieprzysmaki.estima.site\/en\/wp-json\/wp\/v2\/media?parent=1191"}],"wp:term":[{"taxonomy":"product_brand","embeddable":true,"href":"https:\/\/wiejskieprzysmaki.estima.site\/en\/wp-json\/wp\/v2\/product_brand?post=1191"},{"taxonomy":"product_cat","embeddable":true,"href":"https:\/\/wiejskieprzysmaki.estima.site\/en\/wp-json\/wp\/v2\/product_cat?post=1191"},{"taxonomy":"product_tag","embeddable":true,"href":"https:\/\/wiejskieprzysmaki.estima.site\/en\/wp-json\/wp\/v2\/product_tag?post=1191"}],"curies":[{"name":"wp","href":"https:\/\/api.w.org\/{rel}","templated":true}]}}