{"id":11926,"date":"2025-02-18T12:40:53","date_gmt":"2025-02-18T11:40:53","guid":{"rendered":"https:\/\/wiejskieprzysmaki.estima.site\/produkt\/ciastka-bananowe-bez-cukru-bezglutenowe-100-g-malu-food\/"},"modified":"2025-02-18T12:41:09","modified_gmt":"2025-02-18T11:41:09","slug":"ciastka-bananowe-bez-cukru-bezglutenowe-100-g-malu-food","status":"publish","type":"product","link":"https:\/\/wiejskieprzysmaki.estima.site\/en\/product\/ciastka-bananowe-bez-cukru-bezglutenowe-100-g-malu-food\/","title":{"rendered":"CIASTKA BANANOWE BEZ CUKRU BEZGLUTENOWE 100 g &#8211; MALU FOOD"},"content":{"rendered":"<p>SK\u0141ADNIKI<br \/>m\u0105ka kukurydziana, t\u0142uszcz kokosowy, skrobia kukurydziana, substancja s\u0142odz\u0105ca &#8211; syrop maltitolowy, banany 8 %, skrobia ziemniaczana.<\/p>\n<p>OPIS<br \/>Odkryj wyj\u0105tkowy smak bezglutenowych ciastek bananowych \u2013 po\u0142\u0105czenie naturalnej s\u0142odyczy dojrza\u0142ych banan\u00f3w i chrupkiej konsystencji. Ka\u017cde ciastko to kawa\u0142ek rado\u015bci, pe\u0142nej energii i witalno\u015bci, doskona\u0142e na ka\u017cd\u0105 okazj\u0119. Idealne do porannej kawy, lub jako przek\u0105ska w ci\u0105gu dnia. Produkt odpowiedni dla wegan. Bez laktozy i \u015brodk\u00f3w spulchniaj\u0105cych. Bez dodatku cukru, zawiera naturalnie wyst\u0119puj\u0105ce cukry. Zawiera substancj\u0119 s\u0142odz\u0105c\u0105, spo\u017cycie w nadmiernych ilo\u015bciach mo\u017ce mie\u0107 efekt przeczyszczaj\u0105cy. <\/p>\n<p>WARTO\u015a\u0106 OD\u017bYWCZA w 100 g<br \/>Warto\u015b\u0107 energetyczna: 2147 kJ \/ 514 kcal<br \/>T\u0142uszcz: 28 g<br \/>w tym kwasy t\u0142uszczowe nasycone: 28 g<br \/>W\u0119glowodany: 64 g<br \/>w tym cukry: 1,1 g<br \/>B\u0142onnik: 0,2 g<br \/>Bia\u0142ko: 2,9 g<br \/>S\u00f3l: 0,04 g<\/p>\n<p>ZALECANE WARUNKI PRZECHOWYWANIA<br \/>Przechowywa\u0107 w suchym i ch\u0142odnym miejscu.<\/p>","protected":false},"excerpt":{"rendered":"<p>SK\u0141ADNIKIm\u0105ka kukurydziana, t\u0142uszcz kokosowy, skrobia kukurydziana, substancja s\u0142odz\u0105ca &#8211; syrop maltitolowy, banany 8 %, skrobia ziemniaczana. OPISOdkryj wyj\u0105tkowy smak bezglutenowych ciastek bananowych \u2013 po\u0142\u0105czenie naturalnej s\u0142odyczy dojrza\u0142ych banan\u00f3w i chrupkiej konsystencji. Ka\u017cde ciastko to kawa\u0142ek rado\u015bci, pe\u0142nej energii i witalno\u015bci, doskona\u0142e na ka\u017cd\u0105 okazj\u0119. Idealne do porannej kawy, lub jako przek\u0105ska w ci\u0105gu dnia. Produkt [&hellip;]<\/p>","protected":false},"featured_media":11927,"comment_status":"closed","ping_status":"open","template":"","meta":{"_acf_changed":false},"product_brand":[],"product_cat":[1434,139],"product_tag":[],"class_list":{"0":"post-11926","1":"product","2":"type-product","3":"status-publish","4":"has-post-thumbnail","6":"product_cat-ciastka","7":"product_cat-slodycze-i-przekaski","8":"pa_ean-matka-8918","9":"pa_gwarancja-przydatnosci-320","10":"pa_ilosc-w-opakowaniu-298","11":"pa_jednostka-podstawowa-szt","12":"pa_kod-cn-1905-90-80","13":"pa_masa-netto-242","14":"pa_objetosc-brutto-6345","15":"pa_producent-malu-food-ciastka","16":"pa_producent-nazwa-adres-centralny-instytut-zdrowia-sp-z-o-o-ul-pawinskiego-28-36-02-106-warszawa","17":"pa_tagi-bez-cukru-w-skladnikach","18":"pa_tagi-bez-glutenu-deklaracja","19":"pa_tagi-bez-glutenu-w-skladnikach","20":"pa_tagi-weganski","21":"pa_tagi-wegetarianski","23":"first","24":"instock","25":"taxable","26":"shipping-taxable","27":"purchasable","28":"product-type-simple"},"acf":[],"_links":{"self":[{"href":"https:\/\/wiejskieprzysmaki.estima.site\/en\/wp-json\/wp\/v2\/product\/11926","targetHints":{"allow":["GET"]}}],"collection":[{"href":"https:\/\/wiejskieprzysmaki.estima.site\/en\/wp-json\/wp\/v2\/product"}],"about":[{"href":"https:\/\/wiejskieprzysmaki.estima.site\/en\/wp-json\/wp\/v2\/types\/product"}],"replies":[{"embeddable":true,"href":"https:\/\/wiejskieprzysmaki.estima.site\/en\/wp-json\/wp\/v2\/comments?post=11926"}],"wp:featuredmedia":[{"embeddable":true,"href":"https:\/\/wiejskieprzysmaki.estima.site\/en\/wp-json\/wp\/v2\/media\/11927"}],"wp:attachment":[{"href":"https:\/\/wiejskieprzysmaki.estima.site\/en\/wp-json\/wp\/v2\/media?parent=11926"}],"wp:term":[{"taxonomy":"product_brand","embeddable":true,"href":"https:\/\/wiejskieprzysmaki.estima.site\/en\/wp-json\/wp\/v2\/product_brand?post=11926"},{"taxonomy":"product_cat","embeddable":true,"href":"https:\/\/wiejskieprzysmaki.estima.site\/en\/wp-json\/wp\/v2\/product_cat?post=11926"},{"taxonomy":"product_tag","embeddable":true,"href":"https:\/\/wiejskieprzysmaki.estima.site\/en\/wp-json\/wp\/v2\/product_tag?post=11926"}],"curies":[{"name":"wp","href":"https:\/\/api.w.org\/{rel}","templated":true}]}}