{"id":11939,"date":"2025-02-18T12:41:23","date_gmt":"2025-02-18T11:41:23","guid":{"rendered":"https:\/\/wiejskieprzysmaki.estima.site\/produkt\/collagen-10-000-mg-strong-for-life-shot-60-ml-collibre\/"},"modified":"2025-02-20T15:11:32","modified_gmt":"2025-02-20T14:11:32","slug":"collagen-10-000-mg-strong-for-life-shot-60-ml-collibre","status":"publish","type":"product","link":"https:\/\/wiejskieprzysmaki.estima.site\/en\/product\/collagen-10-000-mg-strong-for-life-shot-60-ml-collibre\/","title":{"rendered":"COLLAGEN (10 000 mg) STRONG FOR LIFE SHOT 60 ml &#8211; COLLIBRE"},"content":{"rendered":"<p>SK\u0141ADNIKI<br \/>sok jab\u0142kowy z zag\u0119szczonego soku jab\u0142kowego, hydrolizat kolagenu wo\u0142owego, siarczan glukozaminy (ze SKORUPIAK\u00d3W), regulator kwasowo\u015bci (kwas cytrynowy), metylosulfonylometan (MSM), aromat, witamina C (kwas L-askorbinowy), kwas hialuronowy, siarczan chondroityny, ekstrakt z korzenia \u017ce\u0144-szenia syberyjskiego (Eleuterococcus senticosus), ekstrakt z p\u0119d\u00f3w bambusa (Bambusa vulgaris Schrad), witamina D (cholekalcyferol)\t<\/p>\n<p>Sk\u0142adniki w porcji dziennej 60 ml<br \/>hydrolizat kolagenu wo\u0142owego: 10 g (2000 Da)<br \/>glukozamina: 250 mg<br \/>MSM: 250 mg<br \/>kwas hialuronowy: 100 mg<br \/>siarczan chondroityny: 100 mg<br \/>ekstrakt z korzenia \u017ce\u0144-szenia syberyjskiego: 25 mg<br \/>ekstrakt z bambusa zwyczajnego: 18 mg<br \/>w tym krzemionka: 12 mg<br \/>witamina C: 80 mg (100 %)*<br \/>witamina D: 3 \u00b5g (60 %)*<\/p>\n<p>*dzienna referencyjna warto\u015b\u0107 spo\u017cycia witamin dla osoby doros\u0142ej<\/p>\n<p>OPIS<br \/>Suplement diety. Produkt pasteryzowany.<br \/>Kolagen Collibre\u00ae Strong for life to innowacyjny shot kolagenowy powsta\u0142y w ramach wsp\u00f3\u0142pracy Collibre\u00ae i Bronis\u0142awa Olenkowicza &#8211; zawodnika i reprezentanta naszego kraju na Mistrzostwach \u015awiata \u201eThe CrossFit Games\u201d, 3 krotny Mistrz Polski Kettlebell Hardstyle, w\u0142a\u015bciciel boxu Fitmania Olsztyn, wsp\u00f3\u0142organizator najwi\u0119kszych zawod\u00f3w CrossFit w Polsce \u2013 Medieval Games, trener i szkoleniowiec.<br \/>Formu\u0142a dedykowana jest dla dla os\u00f3b aktywnych fizycznie, kt\u00f3re chc\u0105 zadba\u0107 o lepsz\u0105 wydolno\u015b\u0107 i szybsz\u0105 regeneracj\u0119 po wysi\u0142ku. <br \/>Nasz kolagen w formie wygodnych shot\u00f3w zawiera a\u017c 10 000 mg hydrolizowanego kolagenu z dodatkiem antyoksydant\u00f3w oraz witamin. <br \/>Wysoki stopie\u0144 hydrolizy wynosz\u0105cy 2000 Da zapewnia najlepsz\u0105 wch\u0142anialno\u015b\u0107 na rynku.<br \/>Collibre\u00ae Strong For Life dostarcza a\u017c 10 g wysokiej jako\u015bci hydrolizatu kolagenu wo\u0142owego (2000 Da) w jednej porcji (60 ml), kt\u00f3ry pomaga w regeneracji staw\u00f3w, poprawia elastyczno\u015b\u0107 sk\u00f3ry oraz wzmacnia w\u0142osy i paznokcie. Witamina C wspiera prawid\u0142ow\u0105 produkcj\u0119 kolagenu, a tak\u017ce dzia\u0142a antyoksydacyjnie, chroni\u0105c kom\u00f3rki przed stresem oksydacyjnym.<br \/>W sk\u0142adzie Collibre\u00ae Strong for Life znajdziesz tak\u017ce MSM, czyli organiczny zwi\u0105zek siarki, kt\u00f3ry wspomaga regeneracj\u0119 staw\u00f3w i mi\u0119\u015bni. Kwas hialuronowy \u0142agodzi stany zapalne staw\u00f3w i stanowi \u015bwietne nawil\u017cenie sk\u00f3ry od wewn\u0105trz. Glukozamina i Chondroityna jest niezb\u0119dna dla prawid\u0142owego funkcjonowania staw\u00f3w, a krzem z bambusa pomaga utrzyma\u0107 zdrowe ko\u015bci, w\u0142osy, sk\u00f3r\u0119 i paznokcie. Witamina D3 odgrywa kluczow\u0105 rol\u0119 w wch\u0142anianiu wapnia, wspomagaj\u0105c zdrowie ko\u015bci i wzmacniaj\u0105c odporno\u015b\u0107 organizmu.<br \/>Dodatkowo Collibre\u00ae Strong for Life zawiera ekstrakt z korzenia \u017ce\u0144-szenia syberyjskiego kt\u00f3ry wzmacnia organizm, pomagaj\u0105c mu przystosowa\u0107 si\u0119 do stresu fizycznego i psychicznego. <\/p>\n<p>ZALECANE SPO\u017bYCIE I INNE UWAGI<br \/>Zalecana porcja do spo\u017cycia w ci\u0105gu dnia: jedna butelka (60 ml). Nie nale\u017cy przekracza\u0107 zalecanej porcji do spo\u017cycia w ci\u0105gu dnia. <br \/>Spo\u017cywa\u0107 zawsze po posi\u0142kach, \u017ceby ograniczy\u0107 prawdopodobie\u0144stwo wyst\u0105pienia jakich\u015b dolegliwo\u015bci ze strony przewodu pokarmowego. Kolagen Collibre mo\u017cna spo\u017cywa\u0107 r\u00f3wnie\u017c podczas posi\u0142ku.\t<br \/>Nie stosowa\u0107 w przypadku nadwra\u017cliwo\u015bci na kt\u00f3rykolwiek ze sk\u0142adnik\u00f3w produktu. Kobiety w ci\u0105\u017cy i karmi\u0105ce piersi\u0105 przed zastosowaniem powinny skonsultowa\u0107 si\u0119 z lekarzem. <br \/>Preparat przeznaczony wy\u0142\u0105cznie dla doros\u0142ych. <br \/>Suplement diety nie mo\u017ce by\u0107 stosowany jako substytut (zamiennik) zr\u00f3\u017cnicowanej diety. <\/p>\n<p>ZALECANE WARUNKI PRZECHOWYWANIA<br \/>Przechowywa\u0107 w temperaturze pokojowej poni\u017cej 25\u00b0C, w zacienionym miejscu, z dala od promieni s\u0142onecznych. Przechowywa\u0107 w spos\u00f3b niedost\u0119pny dla ma\u0142ych dzieci.<\/p>","protected":false},"excerpt":{"rendered":"<p>SK\u0141ADNIKIsok jab\u0142kowy z zag\u0119szczonego soku jab\u0142kowego, hydrolizat kolagenu wo\u0142owego, siarczan glukozaminy (ze SKORUPIAK\u00d3W), regulator kwasowo\u015bci (kwas cytrynowy), metylosulfonylometan (MSM), aromat, witamina C (kwas L-askorbinowy), kwas hialuronowy, siarczan chondroityny, ekstrakt z korzenia \u017ce\u0144-szenia syberyjskiego (Eleuterococcus senticosus), ekstrakt z p\u0119d\u00f3w bambusa (Bambusa vulgaris Schrad), witamina D (cholekalcyferol) Sk\u0142adniki w porcji dziennej 60 mlhydrolizat kolagenu wo\u0142owego: 10 g [&hellip;]<\/p>","protected":false},"featured_media":11940,"comment_status":"closed","ping_status":"open","template":"","meta":{"_acf_changed":false},"product_brand":[],"product_cat":[3711,9057],"product_tag":[],"class_list":{"0":"post-11939","1":"product","2":"type-product","3":"status-publish","4":"has-post-thumbnail","6":"product_cat-produkty-w-plynie","7":"product_cat-suplementy-diety","8":"pa_ean-matka-8928","9":"pa_gwarancja-przydatnosci-320","10":"pa_ilosc-w-opakowaniu-392","11":"pa_jednostka-podstawowa-szt","12":"pa_kod-cn-2202-10-00","13":"pa_objetosc-brutto-5291","14":"pa_objetosc-netto-4931","15":"pa_producent-collibre-shoty","16":"pa_producent-nazwa-adres-collibre-sp-z-o-o-pszczela-16-11-034-tomaszkowo","17":"pa_tagi-bez-cukru-w-skladnikach","18":"pa_tagi-bez-glutenu-w-skladnikach","20":"first","21":"instock","22":"taxable","23":"shipping-taxable","24":"purchasable","25":"product-type-simple"},"acf":[],"_links":{"self":[{"href":"https:\/\/wiejskieprzysmaki.estima.site\/en\/wp-json\/wp\/v2\/product\/11939","targetHints":{"allow":["GET"]}}],"collection":[{"href":"https:\/\/wiejskieprzysmaki.estima.site\/en\/wp-json\/wp\/v2\/product"}],"about":[{"href":"https:\/\/wiejskieprzysmaki.estima.site\/en\/wp-json\/wp\/v2\/types\/product"}],"replies":[{"embeddable":true,"href":"https:\/\/wiejskieprzysmaki.estima.site\/en\/wp-json\/wp\/v2\/comments?post=11939"}],"wp:featuredmedia":[{"embeddable":true,"href":"https:\/\/wiejskieprzysmaki.estima.site\/en\/wp-json\/wp\/v2\/media\/11940"}],"wp:attachment":[{"href":"https:\/\/wiejskieprzysmaki.estima.site\/en\/wp-json\/wp\/v2\/media?parent=11939"}],"wp:term":[{"taxonomy":"product_brand","embeddable":true,"href":"https:\/\/wiejskieprzysmaki.estima.site\/en\/wp-json\/wp\/v2\/product_brand?post=11939"},{"taxonomy":"product_cat","embeddable":true,"href":"https:\/\/wiejskieprzysmaki.estima.site\/en\/wp-json\/wp\/v2\/product_cat?post=11939"},{"taxonomy":"product_tag","embeddable":true,"href":"https:\/\/wiejskieprzysmaki.estima.site\/en\/wp-json\/wp\/v2\/product_tag?post=11939"}],"curies":[{"name":"wp","href":"https:\/\/api.w.org\/{rel}","templated":true}]}}