{"id":11941,"date":"2025-02-18T12:41:23","date_gmt":"2025-02-18T11:41:23","guid":{"rendered":"https:\/\/wiejskieprzysmaki.estima.site\/produkt\/mus-jablko-banan-kakao-bez-dodatku-cukrow-demeter-bio-100-g-mogli\/"},"modified":"2025-02-18T12:41:26","modified_gmt":"2025-02-18T11:41:26","slug":"mus-jablko-banan-kakao-bez-dodatku-cukrow-demeter-bio-100-g-mogli","status":"publish","type":"product","link":"https:\/\/wiejskieprzysmaki.estima.site\/en\/product\/mus-jablko-banan-kakao-bez-dodatku-cukrow-demeter-bio-100-g-mogli\/","title":{"rendered":"MUS JAB\u0141KO &#8211; BANAN &#8211; KAKAO BEZ DODATKU CUKR\u00d3W DEMETER BIO 100 g &#8211; MOGLI"},"content":{"rendered":"<p>SK\u0141ADNIKI<br \/>jab\u0142ko* (50 %), banan* (49 %), kakao** (1 %) (* z upraw biodynamicznych, ** z upraw ekologicznych)<\/p>\n<p>OPIS<br \/>Bez dodatku cukr\u00f3w. Zawiera naturalnie wyst\u0119puj\u0105ce cukry.<\/p>\n<p>WARTO\u015a\u0106 OD\u017bYWCZA W 100 g<br \/>Warto\u015b\u0107 energetyczna: 317 kJ\/76 kcal<br \/>T\u0142uszcz: &lt;0,5 g<br \/>w tym kwasy t\u0142uszczowe nasycone: &lt;0,1 g<br \/>W\u0119glowodany: 18 g<br \/>w tym cukry: 15 g<br \/>B\u0142onnik: 1,0 g<br \/>Bia\u0142ko: 1,0 g<br \/>S\u00f3l: &lt;0,01 g<\/p>\n<p>UWAGA<br \/>Nie pozostawia\u0107 dzieci z korkiem bez opieki<\/p>\n<p>ZALECANE WARUNKI PRZECHOWYWANIA<br \/>Po otwarciu przechowywa\u0107 w lod\u00f3wce i spo\u017cy\u0107 w ci\u0105gu 2 dni.<\/p>","protected":false},"excerpt":{"rendered":"<p>SK\u0141ADNIKIjab\u0142ko* (50 %), banan* (49 %), kakao** (1 %) (* z upraw biodynamicznych, ** z upraw ekologicznych) OPISBez dodatku cukr\u00f3w. Zawiera naturalnie wyst\u0119puj\u0105ce cukry. WARTO\u015a\u0106 OD\u017bYWCZA W 100 gWarto\u015b\u0107 energetyczna: 317 kJ\/76 kcalT\u0142uszcz: &lt;0,5 gw tym kwasy t\u0142uszczowe nasycone: &lt;0,1 gW\u0119glowodany: 18 gw tym cukry: 15 gB\u0142onnik: 1,0 gBia\u0142ko: 1,0 gS\u00f3l: &lt;0,01 g UWAGANie pozostawia\u0107 [&hellip;]<\/p>","protected":false},"featured_media":11942,"comment_status":"closed","ping_status":"open","template":"","meta":{"_acf_changed":false},"product_brand":[],"product_cat":[2556,998],"product_tag":[],"class_list":{"0":"post-11941","1":"product","2":"type-product","3":"status-publish","4":"has-post-thumbnail","6":"product_cat-musy-w-tubkach","7":"product_cat-przetwory-warzywne-i-owocowe","8":"pa_ean-matka-8929","9":"pa_gwarancja-przydatnosci-324","10":"pa_ilosc-w-opakowaniu-298","11":"pa_jednostka-podstawowa-szt","12":"pa_kod-cn-2007-10-99","13":"pa_masa-netto-242","14":"pa_objetosc-brutto-433","15":"pa_producent-mogli-musy-owocowe-przekaski","16":"pa_producent-nazwa-adres-mogli-naturkost-gmbh-karl-marx-strasse-88-12043-berlin","17":"pa_tagi-bez-cukru-w-skladnikach","18":"pa_tagi-bez-glutenu-w-skladnikach","19":"pa_tagi-certyfikat-bio","20":"pa_tagi-weganski","21":"pa_tagi-wegetarianski","23":"first","24":"instock","25":"taxable","26":"shipping-taxable","27":"purchasable","28":"product-type-simple"},"acf":[],"_links":{"self":[{"href":"https:\/\/wiejskieprzysmaki.estima.site\/en\/wp-json\/wp\/v2\/product\/11941","targetHints":{"allow":["GET"]}}],"collection":[{"href":"https:\/\/wiejskieprzysmaki.estima.site\/en\/wp-json\/wp\/v2\/product"}],"about":[{"href":"https:\/\/wiejskieprzysmaki.estima.site\/en\/wp-json\/wp\/v2\/types\/product"}],"replies":[{"embeddable":true,"href":"https:\/\/wiejskieprzysmaki.estima.site\/en\/wp-json\/wp\/v2\/comments?post=11941"}],"wp:featuredmedia":[{"embeddable":true,"href":"https:\/\/wiejskieprzysmaki.estima.site\/en\/wp-json\/wp\/v2\/media\/11942"}],"wp:attachment":[{"href":"https:\/\/wiejskieprzysmaki.estima.site\/en\/wp-json\/wp\/v2\/media?parent=11941"}],"wp:term":[{"taxonomy":"product_brand","embeddable":true,"href":"https:\/\/wiejskieprzysmaki.estima.site\/en\/wp-json\/wp\/v2\/product_brand?post=11941"},{"taxonomy":"product_cat","embeddable":true,"href":"https:\/\/wiejskieprzysmaki.estima.site\/en\/wp-json\/wp\/v2\/product_cat?post=11941"},{"taxonomy":"product_tag","embeddable":true,"href":"https:\/\/wiejskieprzysmaki.estima.site\/en\/wp-json\/wp\/v2\/product_tag?post=11941"}],"curies":[{"name":"wp","href":"https:\/\/api.w.org\/{rel}","templated":true}]}}