{"id":1197,"date":"2025-02-18T10:35:04","date_gmt":"2025-02-18T09:35:04","guid":{"rendered":"https:\/\/wiejskieprzysmaki.estima.site\/produkt\/sok-z-pomaranczy-nfc-bio-250-ml-viands-sam-sok\/"},"modified":"2025-02-18T10:35:13","modified_gmt":"2025-02-18T09:35:13","slug":"sok-z-pomaranczy-nfc-bio-250-ml-viands-sam-sok","status":"publish","type":"product","link":"https:\/\/wiejskieprzysmaki.estima.site\/en\/product\/sok-z-pomaranczy-nfc-bio-250-ml-viands-sam-sok\/","title":{"rendered":"SOK Z POMARA\u0143CZY NFC BIO 250 ml &#8211; VIANDS (SAM SOK)"},"content":{"rendered":"<p>SK\u0141ADNIKI<br \/>bezpo\u015bredni sok z owoc\u00f3w pomara\u0144czy* (Citrus sinensi) (*certyfikowany sk\u0142adnik ekologiczny)<\/p>\n<p>OPIS<br \/>Sok bezpo\u015brednio t\u0142oczony NFC (nie z koncentratu) z owoc\u00f3w pomara\u0144czy. Produkt pasteryzowany.<\/p>\n<p>WARTO\u015aC OD\u017bYWCZA W 100 ml<br \/>Warto\u015b\u0107 energetyczna &#8211; 134 kJ\/ 36 kcal <br \/>T\u0142uszcz &#8211; 8,8 g <br \/>w tym kwasy t\u0142uszczowe nasycone &#8211; 0 g <br \/>W\u0119glowodany &#8211; 0,1 g <br \/>w tym cukry &#8211; 16 g <br \/>Bia\u0142ko &#8211; 0,5 g <br \/>S\u00f3l &#8211; 0,02 g <\/p>\n<p>ZALECANE WARUNKI PRZECHOWYWANIA<br \/>Przechowywa\u0107 w ch\u0142odnym i zacienionym miejscu. Po otwarciu przechowywa\u0107 w lod\u00f3wce i spo\u017cy\u0107 w ci\u0105gu 2 dni.<\/p>","protected":false},"excerpt":{"rendered":"<p>SK\u0141ADNIKIbezpo\u015bredni sok z owoc\u00f3w pomara\u0144czy* (Citrus sinensi) (*certyfikowany sk\u0142adnik ekologiczny) OPISSok bezpo\u015brednio t\u0142oczony NFC (nie z koncentratu) z owoc\u00f3w pomara\u0144czy. Produkt pasteryzowany. WARTO\u015aC OD\u017bYWCZA W 100 mlWarto\u015b\u0107 energetyczna &#8211; 134 kJ\/ 36 kcal T\u0142uszcz &#8211; 8,8 g w tym kwasy t\u0142uszczowe nasycone &#8211; 0 g W\u0119glowodany &#8211; 0,1 g w tym cukry &#8211; 16 g [&hellip;]<\/p>","protected":false},"featured_media":1198,"comment_status":"closed","ping_status":"open","template":"","meta":{"_acf_changed":false},"product_brand":[],"product_cat":[134,410],"product_tag":[],"class_list":{"0":"post-1197","1":"product","2":"type-product","3":"status-publish","4":"has-post-thumbnail","6":"product_cat-napoje","7":"product_cat-soki-owocowe-soki-owocowe-z-dodatkami","8":"pa_ean-matka-1304","9":"pa_gwarancja-przydatnosci-320","10":"pa_ilosc-w-opakowaniu-374","11":"pa_jednostka-podstawowa-szt","12":"pa_kod-cn-2009-12-00","13":"pa_kraj-pochodzenia-skladnikow-izrael","14":"pa_objetosc-brutto-855","15":"pa_objetosc-netto-359","16":"pa_producent-viands-soki-inne","17":"pa_producent-nazwa-adres-viands-sp-z-o-o-spoldzielcza-3-05-600-grojec","18":"pa_tagi-bez-cukru-w-skladnikach","19":"pa_tagi-bez-glutenu-w-skladnikach","20":"pa_tagi-certyfikat-bio","21":"pa_tagi-weganski","22":"pa_tagi-wegetarianski","24":"first","25":"instock","26":"taxable","27":"shipping-taxable","28":"purchasable","29":"product-type-simple"},"acf":[],"_links":{"self":[{"href":"https:\/\/wiejskieprzysmaki.estima.site\/en\/wp-json\/wp\/v2\/product\/1197","targetHints":{"allow":["GET"]}}],"collection":[{"href":"https:\/\/wiejskieprzysmaki.estima.site\/en\/wp-json\/wp\/v2\/product"}],"about":[{"href":"https:\/\/wiejskieprzysmaki.estima.site\/en\/wp-json\/wp\/v2\/types\/product"}],"replies":[{"embeddable":true,"href":"https:\/\/wiejskieprzysmaki.estima.site\/en\/wp-json\/wp\/v2\/comments?post=1197"}],"wp:featuredmedia":[{"embeddable":true,"href":"https:\/\/wiejskieprzysmaki.estima.site\/en\/wp-json\/wp\/v2\/media\/1198"}],"wp:attachment":[{"href":"https:\/\/wiejskieprzysmaki.estima.site\/en\/wp-json\/wp\/v2\/media?parent=1197"}],"wp:term":[{"taxonomy":"product_brand","embeddable":true,"href":"https:\/\/wiejskieprzysmaki.estima.site\/en\/wp-json\/wp\/v2\/product_brand?post=1197"},{"taxonomy":"product_cat","embeddable":true,"href":"https:\/\/wiejskieprzysmaki.estima.site\/en\/wp-json\/wp\/v2\/product_cat?post=1197"},{"taxonomy":"product_tag","embeddable":true,"href":"https:\/\/wiejskieprzysmaki.estima.site\/en\/wp-json\/wp\/v2\/product_tag?post=1197"}],"curies":[{"name":"wp","href":"https:\/\/api.w.org\/{rel}","templated":true}]}}