{"id":11983,"date":"2025-02-18T12:41:46","date_gmt":"2025-02-18T11:41:46","guid":{"rendered":"https:\/\/wiejskieprzysmaki.estima.site\/produkt\/algi-nori-prazone-do-sushi-bio-15-g-porto-muinos\/"},"modified":"2025-02-18T12:41:53","modified_gmt":"2025-02-18T11:41:53","slug":"algi-nori-prazone-do-sushi-bio-15-g-porto-muinos","status":"publish","type":"product","link":"https:\/\/wiejskieprzysmaki.estima.site\/en\/product\/algi-nori-prazone-do-sushi-bio-15-g-porto-muinos\/","title":{"rendered":"ALGI NORI PRA\u017bONE DO SUSHI BIO 15 g &#8211; PORTO MUINOS"},"content":{"rendered":"<p>SK\u0141ADNIK <br \/>ekologiczne pra\u017cone algi morskie Porphyra yezoensis. <\/p>\n<p>OPIS <br \/>Opakowanie zawiera 6 p\u0142at\u00f3w alg nori. Algi uprawiane s\u0105 na Wybrze\u017cu P\u00f3\u0142nocno-Zachodnim (Korea Po\u0142udniowa). <br \/>3 g produktu zawiera 150 \u00b5g jodu, co pokrywa dzienne zapotrzebowanie na ten sk\u0142adnik. Zalecane spo\u017cycie: nie wi\u0119cej ni\u017c 1 p\u0142at na dzie\u0144. <\/p>\n<p>WARTO\u015a\u0106 OD\u017bYWCZA W 100 g<br \/>Warto\u015b\u0107 energetyczna: 1219 kJ\/292 kcal <br \/>T\u0142uszcz: 1,9 g <br \/>w tym kwasy t\u0142uszczowe nasycone: 0,2 g <br \/>W\u0119glowodany: 5,9 g <br \/>w tym cukry: 0 g <br \/>B\u0142onnik: 40 g <br \/>Bia\u0142ko: 43 g <br \/>S\u00f3l: 2,1 g <br \/>Jod: 4980 \u00b5g (3320 %)* <br \/>* dzienna referencyjna warto\u015b\u0107 spo\u017cycia jodu (dla osoby doros\u0142ej) <\/p>\n<p>ZALECANE WARUNKI PRZECHOWYWANIA<br \/>Przechowywa\u0107 w temperaturze pokojowej w suchym miejscu. Po otwarciu przechowywa\u0107 w szczelnie zamkni\u0119tym pojemniku w suchym miejscu.<\/p>","protected":false},"excerpt":{"rendered":"<p>SK\u0141ADNIK ekologiczne pra\u017cone algi morskie Porphyra yezoensis. OPIS Opakowanie zawiera 6 p\u0142at\u00f3w alg nori. Algi uprawiane s\u0105 na Wybrze\u017cu P\u00f3\u0142nocno-Zachodnim (Korea Po\u0142udniowa). 3 g produktu zawiera 150 \u00b5g jodu, co pokrywa dzienne zapotrzebowanie na ten sk\u0142adnik. Zalecane spo\u017cycie: nie wi\u0119cej ni\u017c 1 p\u0142at na dzie\u0144. WARTO\u015a\u0106 OD\u017bYWCZA W 100 gWarto\u015b\u0107 energetyczna: 1219 kJ\/292 kcal T\u0142uszcz: [&hellip;]<\/p>","protected":false},"featured_media":11984,"comment_status":"closed","ping_status":"open","template":"","meta":{"_acf_changed":false},"product_brand":[],"product_cat":[787,180],"product_tag":[],"class_list":{"0":"post-11983","1":"product","2":"type-product","3":"status-publish","4":"has-post-thumbnail","6":"product_cat-suszone-warzywa-i-grzyby-przetworzone","7":"product_cat-warzywa-i-grzyby-przetworzone","8":"pa_ean-matka-8960","9":"pa_gwarancja-przydatnosci-1635","10":"pa_ilosc-w-opakowaniu-331","11":"pa_jednostka-podstawowa-szt","12":"pa_kod-cn-1212-21-00","13":"pa_masa-netto-249","14":"pa_objetosc-brutto-8959","15":"pa_producent-porto-muinos-algi-morskie","16":"pa_producent-nazwa-adres-porto-muinos-s-l-pol-o-acevedo-parcela-14-15185-cerceda","17":"pa_tagi-bez-cukru-w-skladnikach","18":"pa_tagi-bez-glutenu-w-skladnikach","19":"pa_tagi-certyfikat-bio","20":"pa_tagi-weganski","21":"pa_tagi-wegetarianski","23":"first","24":"instock","25":"taxable","26":"shipping-taxable","27":"purchasable","28":"product-type-simple"},"acf":[],"_links":{"self":[{"href":"https:\/\/wiejskieprzysmaki.estima.site\/en\/wp-json\/wp\/v2\/product\/11983","targetHints":{"allow":["GET"]}}],"collection":[{"href":"https:\/\/wiejskieprzysmaki.estima.site\/en\/wp-json\/wp\/v2\/product"}],"about":[{"href":"https:\/\/wiejskieprzysmaki.estima.site\/en\/wp-json\/wp\/v2\/types\/product"}],"replies":[{"embeddable":true,"href":"https:\/\/wiejskieprzysmaki.estima.site\/en\/wp-json\/wp\/v2\/comments?post=11983"}],"wp:featuredmedia":[{"embeddable":true,"href":"https:\/\/wiejskieprzysmaki.estima.site\/en\/wp-json\/wp\/v2\/media\/11984"}],"wp:attachment":[{"href":"https:\/\/wiejskieprzysmaki.estima.site\/en\/wp-json\/wp\/v2\/media?parent=11983"}],"wp:term":[{"taxonomy":"product_brand","embeddable":true,"href":"https:\/\/wiejskieprzysmaki.estima.site\/en\/wp-json\/wp\/v2\/product_brand?post=11983"},{"taxonomy":"product_cat","embeddable":true,"href":"https:\/\/wiejskieprzysmaki.estima.site\/en\/wp-json\/wp\/v2\/product_cat?post=11983"},{"taxonomy":"product_tag","embeddable":true,"href":"https:\/\/wiejskieprzysmaki.estima.site\/en\/wp-json\/wp\/v2\/product_tag?post=11983"}],"curies":[{"name":"wp","href":"https:\/\/api.w.org\/{rel}","templated":true}]}}