{"id":11989,"date":"2025-02-18T12:41:46","date_gmt":"2025-02-18T11:41:46","guid":{"rendered":"https:\/\/wiejskieprzysmaki.estima.site\/produkt\/zestaw-herbat-i-herbatek-codziennych-bio-w-puszce-the-ultimate-6-smakow-36-x-196-g-705-g-english-tea-shop-organic\/"},"modified":"2025-02-18T12:41:55","modified_gmt":"2025-02-18T11:41:55","slug":"zestaw-herbat-i-herbatek-codziennych-bio-w-puszce-the-ultimate-6-smakow-36-x-196-g-705-g-english-tea-shop-organic","status":"publish","type":"product","link":"https:\/\/wiejskieprzysmaki.estima.site\/en\/product\/zestaw-herbat-i-herbatek-codziennych-bio-w-puszce-the-ultimate-6-smakow-36-x-196-g-705-g-english-tea-shop-organic\/","title":{"rendered":"ZESTAW HERBAT I HERBATEK CODZIENNYCH BIO W PUSZCE (THE ULTIMATE \u2013 6 SMAK\u00d3W) (36 x 1,96 g) 70,5 g &#8211; ENGLISH TEA SHOP ORGANIC"},"content":{"rendered":"<p>SK\u0141ADNIKI<br \/>English Breakfast &#8211; Ekologiczna herbata czarna.<br \/>Sk\u0142adniki: ekologiczna herbata czarna* 100 %. (*sk\u0142adnik wprowadzony do obrotu zgodnie ze standardami FairTrade)<\/p>\n<p>Earl Grey &#8211; Ekologiczna herbata czarna o smaku bergamotki. <br \/>Sk\u0142adniki: ekologiczna czarna herbata cejlo\u0144ska* 93,5 %, ekologiczny olejek eteryczny z bergamotki 6,5 %. (*sk\u0142adnik wprowadzony do obrotu zgodnie ze standardami FairTrade)<\/p>\n<p>Chamomile Lavender &#8211; Ekologiczna herbatka zio\u0142owa z rumianku i lawendy.<br \/>Sk\u0142adniki: ekologiczny rumianek 70 %, ekologiczna lawenda 30 %. <\/p>\n<p>Lemongrass, Citrus &amp; Ginger &#8211; Ekologiczna herbatka o smaku cytrusowym z traw\u0105 cytrynow\u0105, sk\u00f3rk\u0105 z pomara\u0144czy i imbirem.<br \/>Sk\u0142adniki:&nbsp;ekologiczna trawa cytrynowa 49 %, ekologiczna sk\u00f3rka z pomara\u0144czy 24 %, ekologiczny imbir 22 %, ekologiczny olejek eteryczny z limonki 2,5 %, ekologiczny olejek eteryczny z mandarynek 2,5 %.<\/p>\n<p>Super Berries &#8211; Ekologiczna herbatka z hibiskusem, rooibosem, burakiem, mi\u0119t\u0105 zielon\u0105, li\u015b\u0107mi s\u0142odkiej je\u017cyny, malinami, truskawkami i bor\u00f3wkami. <br \/>Sk\u0142adniki: ekologiczny hibiskus 69 %, ekologiczny rooibos 19 %, ekologiczny burak 0,8 %, ekologiczna mi\u0119ta zielona 4 %, naturalny aromat truskawkowy 3 %, naturalny aromat malinowy 2 %, ekologiczne li\u015bcie s\u0142odkiej je\u017cyny 1 %, ekologiczne maliny 0,5 %, ekologiczne truskawki 0,5 %, ekologiczne bor\u00f3wki 0,2 %. <\/p>\n<p>Intense Chai &#8211; Ekologiczna herbatka z cynamonem, imbirem, czarnym pieprzem, cykori\u0105, kurkum\u0105, go\u017adzikami, lukrecj\u0105, kardamonem i koprem w\u0142oskim. <br \/>Sk\u0142adniki: ekologiczny cynamon 44 %, ekologiczny imbir 19 %, ekologiczny pieprz czarny 8 %, ekologiczna cykoria 8 %, ekologiczna kurkuma 7 %, ekologiczne go\u017adziki 5 %, ekologiczna lukrecja 3 %, ekologiczny kardamon* 2 %, ekologiczny koper w\u0142oski 2 %, ekologiczny aromat cynamonowy 2 %. Zawiera lukrecj\u0119 &#8211; chorzy na nadci\u015bnienie powinni unika\u0107 nadmiernego spo\u017cycia. <\/p>\n<p>OPIS<br \/>Zestaw prezentowy 36 saszetek z ekologiczn\u0105 herbat\u0105 w 6 r\u00f3\u017cnych smakach. Skomponowany z my\u015bl\u0105 o mo\u017cliwe najwi\u0119kszej poprawie Twojego samopoczucia z u\u017cyciem naturalnych, ekologicznych sk\u0142adnik\u00f3w. <\/p>\n<p>SPOS\u00d3B PRZYGOTOWANIA<br \/>English Breakfast &#8211; Saszetk\u0119 zala\u0107 250 ml wrz\u0105cej wody i zaparza\u0107 przez 3-4 minuty.<br \/>Earl Grey &#8211; Saszetk\u0119 zala\u0107 250 ml wrz\u0105cej wody i zaparza\u0107 przez 3-5 minut.<br \/>Chamomile Lavender &#8211; Saszetk\u0119 zala\u0107 250 ml wrz\u0105cej wody i zaparza\u0107 przez 2-3 minuty.<br \/>Lemongrass, Citrus &amp; Ginger &#8211; Saszetk\u0119 zala\u0107 250 ml wrz\u0105cej wody i zaparza\u0107 przez 3-4 minuty.<br \/>Super Berries &#8211; Saszetk\u0119 zala\u0107 250 ml wrz\u0105cej wody i zaparza\u0107 przez 4-5 minut.<br \/>Intense Chai &#8211; Saszetk\u0119 zala\u0107 250 ml wrz\u0105cej wody i zaparza\u0107 przez 3-4 minuty.<\/p>\n<p>UWAGI<br \/>Intense Chai &#8211; Zawiera lukrecj\u0119 \u2013 chorzy na nadci\u015bnienie powinni unika\u0107 nadmiernego spo\u017cycia.<\/p>\n<p>ZALECANE WARUNKI PRZECHOWYWANIA <br \/>Przechowywa\u0107 w suchym i ch\u0142odnym miejscu. <\/p>","protected":false},"excerpt":{"rendered":"<p>SK\u0141ADNIKIEnglish Breakfast &#8211; Ekologiczna herbata czarna.Sk\u0142adniki: ekologiczna herbata czarna* 100 %. (*sk\u0142adnik wprowadzony do obrotu zgodnie ze standardami FairTrade) Earl Grey &#8211; Ekologiczna herbata czarna o smaku bergamotki. Sk\u0142adniki: ekologiczna czarna herbata cejlo\u0144ska* 93,5 %, ekologiczny olejek eteryczny z bergamotki 6,5 %. (*sk\u0142adnik wprowadzony do obrotu zgodnie ze standardami FairTrade) Chamomile Lavender &#8211; Ekologiczna herbatka [&hellip;]<\/p>","protected":false},"featured_media":11990,"comment_status":"closed","ping_status":"open","template":"","meta":{"_acf_changed":false},"product_brand":[],"product_cat":[282,1315],"product_tag":[],"class_list":{"0":"post-11989","1":"product","2":"type-product","3":"status-publish","4":"has-post-thumbnail","6":"product_cat-herbaty-i-ziola","7":"product_cat-zestawy-kalendarze","8":"pa_ean-matka-8963","9":"pa_gwarancja-przydatnosci-320","10":"pa_ilosc-w-opakowaniu-298","11":"pa_jednostka-podstawowa-szt","12":"pa_kod-cn-2106-90-92","13":"pa_masa-netto-695","14":"pa_objetosc-brutto-5563","15":"pa_producent-english-tea-shop-organic-herbaty","16":"pa_producent-nazwa-adres-amazon-trading-pvtltd-257-siri-dhamma-mawatha-colombo-10-sri-lanka-english-tea-shopuk-ltd-devonshire-house1-devonshire-street-londonw1w-5dr-united-kingdom","17":"pa_tagi-bez-cukru-w-skladnikach","18":"pa_tagi-bez-glutenu-w-skladnikach","19":"pa_tagi-certyfikat-bio","20":"pa_tagi-weganski","21":"pa_tagi-wegetarianski","23":"first","24":"instock","25":"taxable","26":"shipping-taxable","27":"purchasable","28":"product-type-simple"},"acf":[],"_links":{"self":[{"href":"https:\/\/wiejskieprzysmaki.estima.site\/en\/wp-json\/wp\/v2\/product\/11989","targetHints":{"allow":["GET"]}}],"collection":[{"href":"https:\/\/wiejskieprzysmaki.estima.site\/en\/wp-json\/wp\/v2\/product"}],"about":[{"href":"https:\/\/wiejskieprzysmaki.estima.site\/en\/wp-json\/wp\/v2\/types\/product"}],"replies":[{"embeddable":true,"href":"https:\/\/wiejskieprzysmaki.estima.site\/en\/wp-json\/wp\/v2\/comments?post=11989"}],"wp:featuredmedia":[{"embeddable":true,"href":"https:\/\/wiejskieprzysmaki.estima.site\/en\/wp-json\/wp\/v2\/media\/11990"}],"wp:attachment":[{"href":"https:\/\/wiejskieprzysmaki.estima.site\/en\/wp-json\/wp\/v2\/media?parent=11989"}],"wp:term":[{"taxonomy":"product_brand","embeddable":true,"href":"https:\/\/wiejskieprzysmaki.estima.site\/en\/wp-json\/wp\/v2\/product_brand?post=11989"},{"taxonomy":"product_cat","embeddable":true,"href":"https:\/\/wiejskieprzysmaki.estima.site\/en\/wp-json\/wp\/v2\/product_cat?post=11989"},{"taxonomy":"product_tag","embeddable":true,"href":"https:\/\/wiejskieprzysmaki.estima.site\/en\/wp-json\/wp\/v2\/product_tag?post=11989"}],"curies":[{"name":"wp","href":"https:\/\/api.w.org\/{rel}","templated":true}]}}