{"id":12022,"date":"2025-02-18T12:42:24","date_gmt":"2025-02-18T11:42:24","guid":{"rendered":"https:\/\/wiejskieprzysmaki.estima.site\/produkt\/przekaska-roll-jablko-truskawka-bez-dodatku-cukrow-bezglutenowa-40-g-bob-snail\/"},"modified":"2025-02-18T12:42:25","modified_gmt":"2025-02-18T11:42:25","slug":"przekaska-roll-jablko-truskawka-bez-dodatku-cukrow-bezglutenowa-40-g-bob-snail","status":"publish","type":"product","link":"https:\/\/wiejskieprzysmaki.estima.site\/en\/product\/przekaska-roll-jablko-truskawka-bez-dodatku-cukrow-bezglutenowa-40-g-bob-snail\/","title":{"rendered":"PRZEK\u0104SKA ROLL JAB\u0141KO &#8211; TRUSKAWKA BEZ DODATKU CUKR\u00d3W BEZGLUTENOWA 40 g &#8211; BOB SNAIL"},"content":{"rendered":"<p>SK\u0141ADNIKI<br \/>jab\u0142ko 80 %, truskawki 20 %.<\/p>\n<p>OPIS<br \/>Jab\u0142kowo-truskawkowe przek\u0105ski Bob Snail.<br \/>Bez dodatku cukru. Zawiera naturalnie wyst\u0119puj\u0105ce cukry.<\/p>\n<p>WARTO\u015a\u0106 OD\u017bYWCZA W 100 g<br \/>Warto\u015b\u0107 energetyczna: 1181 kJ\/280 kcal<br \/>T\u0142uszcz: 2,2 g<br \/>w tym kwasy t\u0142uszczowe nasycone: 0,3 g<br \/>W\u0119glowodany: 56 g<br \/>w tym cukry: 51 g<br \/>B\u0142onnik: 13 g<br \/>Bia\u0142ko: 2,5 g<br \/>S\u00f3l: 0,04 g<\/p>\n<p>ZALECANE WARUNKI PRZECHOWYWANIA<br \/>Przechowywa\u0107 w suchym miejscu, chroni\u0107 przed ciep\u0142em. Po otwarciu spo\u017cy\u0107 w ci\u0105gu 3 dni.<\/p>","protected":false},"excerpt":{"rendered":"<p>SK\u0141ADNIKIjab\u0142ko 80 %, truskawki 20 %. OPISJab\u0142kowo-truskawkowe przek\u0105ski Bob Snail.Bez dodatku cukru. Zawiera naturalnie wyst\u0119puj\u0105ce cukry. WARTO\u015a\u0106 OD\u017bYWCZA W 100 gWarto\u015b\u0107 energetyczna: 1181 kJ\/280 kcalT\u0142uszcz: 2,2 gw tym kwasy t\u0142uszczowe nasycone: 0,3 gW\u0119glowodany: 56 gw tym cukry: 51 gB\u0142onnik: 13 gBia\u0142ko: 2,5 gS\u00f3l: 0,04 g ZALECANE WARUNKI PRZECHOWYWANIAPrzechowywa\u0107 w suchym miejscu, chroni\u0107 przed ciep\u0142em. Po [&hellip;]<\/p>","protected":false},"featured_media":12023,"comment_status":"closed","ping_status":"open","template":"","meta":{"_acf_changed":false},"product_brand":[],"product_cat":[1500,139],"product_tag":[],"class_list":{"0":"post-12022","1":"product","2":"type-product","3":"status-publish","4":"has-post-thumbnail","6":"product_cat-galaretki-zelki-slodycze-i-przekaski","7":"product_cat-slodycze-i-przekaski","8":"pa_ean-matka-8982","9":"pa_gwarancja-przydatnosci-538","10":"pa_ilosc-w-opakowaniu-374","11":"pa_jednostka-podstawowa-szt","12":"pa_kod-cn-2007-99-97","13":"pa_masa-netto-351","14":"pa_objetosc-brutto-1981","15":"pa_producent-bob-snail-zelki","16":"pa_producent-nazwa-adres-llc-eco-snack-23227-ul-agronomichne-vinnitsa-ukraina","17":"pa_tagi-bez-cukru-w-skladnikach","18":"pa_tagi-bez-glutenu-deklaracja","19":"pa_tagi-bez-glutenu-w-skladnikach","20":"pa_tagi-weganski","21":"pa_tagi-wegetarianski","23":"first","24":"instock","25":"taxable","26":"shipping-taxable","27":"purchasable","28":"product-type-simple"},"acf":[],"_links":{"self":[{"href":"https:\/\/wiejskieprzysmaki.estima.site\/en\/wp-json\/wp\/v2\/product\/12022","targetHints":{"allow":["GET"]}}],"collection":[{"href":"https:\/\/wiejskieprzysmaki.estima.site\/en\/wp-json\/wp\/v2\/product"}],"about":[{"href":"https:\/\/wiejskieprzysmaki.estima.site\/en\/wp-json\/wp\/v2\/types\/product"}],"replies":[{"embeddable":true,"href":"https:\/\/wiejskieprzysmaki.estima.site\/en\/wp-json\/wp\/v2\/comments?post=12022"}],"wp:featuredmedia":[{"embeddable":true,"href":"https:\/\/wiejskieprzysmaki.estima.site\/en\/wp-json\/wp\/v2\/media\/12023"}],"wp:attachment":[{"href":"https:\/\/wiejskieprzysmaki.estima.site\/en\/wp-json\/wp\/v2\/media?parent=12022"}],"wp:term":[{"taxonomy":"product_brand","embeddable":true,"href":"https:\/\/wiejskieprzysmaki.estima.site\/en\/wp-json\/wp\/v2\/product_brand?post=12022"},{"taxonomy":"product_cat","embeddable":true,"href":"https:\/\/wiejskieprzysmaki.estima.site\/en\/wp-json\/wp\/v2\/product_cat?post=12022"},{"taxonomy":"product_tag","embeddable":true,"href":"https:\/\/wiejskieprzysmaki.estima.site\/en\/wp-json\/wp\/v2\/product_tag?post=12022"}],"curies":[{"name":"wp","href":"https:\/\/api.w.org\/{rel}","templated":true}]}}