{"id":1203,"date":"2025-02-18T10:35:04","date_gmt":"2025-02-18T09:35:04","guid":{"rendered":"https:\/\/wiejskieprzysmaki.estima.site\/produkt\/mus-z-mango-75-owocow-bio-250-g-allos\/"},"modified":"2025-02-18T10:35:14","modified_gmt":"2025-02-18T09:35:14","slug":"mus-z-mango-75-owocow-bio-250-g-allos","status":"publish","type":"product","link":"https:\/\/wiejskieprzysmaki.estima.site\/en\/product\/mus-z-mango-75-owocow-bio-250-g-allos\/","title":{"rendered":"MUS Z MANGO (75 % OWOC\u00d3W) BIO 250 g &#8211; ALLOS"},"content":{"rendered":"<p>SK\u0141ADNIKI  <br \/>przecier z mango* (75%),  syrop z agawy* (21%), substancja \u017celuj\u0105ca: pektyna jab\u0142kowa, sok cytrynowy*, substancja wi\u0105\u017c\u0105ca: cytryniany wapnia (*certyfikowany sk\u0142adnik ekologiczny)<\/p>\n<p>OPIS<br \/>Wy\u015bmienity mus z owoc\u00f3w mango, s\u0142odzony syropem z agawy.<\/p>\n<p>WARTO\u015a\u0106 OD\u017bYWCZA W 100 g<br \/>Warto\u015b\u0107 energetyczna &#8211; 523 kJ \/ 124 kcal  <br \/>T\u0142uszcz &#8211; 0,7 g  <br \/>w tym kwasy t\u0142uszczowe nasycone &#8211; < 0,5 g  <br \/>W\u0119glowodany &#8211; 27,1 g  <br \/>w tym cukry &#8211; 26,5 g  <br \/>B\u0142onnik &#8211; 2,0 g  <br \/>Bia\u0142ko &#8211; 0,7 g  <br \/>S\u00f3l &#8211; 0,06 g<\/p>\n<p>ZALECANE WARUNKI PRZECHOWYWANIA<br \/>Po otwarciu przechowywa\u0107 w lod\u00f3wce i spo\u017cy\u0107 w ci\u0105gu kilku dni.<\/p>","protected":false},"excerpt":{"rendered":"<p>SK\u0141ADNIKI przecier z mango* (75%), syrop z agawy* (21%), substancja \u017celuj\u0105ca: pektyna jab\u0142kowa, sok cytrynowy*, substancja wi\u0105\u017c\u0105ca: cytryniany wapnia (*certyfikowany sk\u0142adnik ekologiczny) OPISWy\u015bmienity mus z owoc\u00f3w mango, s\u0142odzony syropem z agawy. WARTO\u015a\u0106 OD\u017bYWCZA W 100 gWarto\u015b\u0107 energetyczna &#8211; 523 kJ \/ 124 kcal T\u0142uszcz &#8211; 0,7 g w tym kwasy t\u0142uszczowe nasycone &#8211; < 0,5 [&hellip;]\n<\/p>","protected":false},"featured_media":1204,"comment_status":"closed","ping_status":"open","template":"","meta":{"_acf_changed":false},"product_brand":[],"product_cat":[999,998],"product_tag":[],"class_list":{"0":"post-1203","1":"product","2":"type-product","3":"status-publish","4":"has-post-thumbnail","6":"product_cat-dzemy-konfitury-musy","7":"product_cat-przetwory-warzywne-i-owocowe","8":"pa_ean-matka-1309","9":"pa_gwarancja-przydatnosci-324","10":"pa_ilosc-w-opakowaniu-298","11":"pa_jednostka-podstawowa-szt","12":"pa_kod-cn-2007-99-50","13":"pa_kraj-pochodzenia-skladnikow-turcja","14":"pa_masa-netto-480","15":"pa_objetosc-brutto-1306","16":"pa_producent-allos-musy-musli-chalwa-syrop-z-agawy","17":"pa_producent-nazwa-adres-allos-hof-manufaktur-gmbh-hoerneckestrasse-39-28217-bremen","18":"pa_tagi-bez-glutenu-w-skladnikach","19":"pa_tagi-certyfikat-bio","20":"pa_tagi-weganski","21":"pa_tagi-wegetarianski","23":"first","24":"instock","25":"taxable","26":"shipping-taxable","27":"purchasable","28":"product-type-simple"},"acf":[],"_links":{"self":[{"href":"https:\/\/wiejskieprzysmaki.estima.site\/en\/wp-json\/wp\/v2\/product\/1203","targetHints":{"allow":["GET"]}}],"collection":[{"href":"https:\/\/wiejskieprzysmaki.estima.site\/en\/wp-json\/wp\/v2\/product"}],"about":[{"href":"https:\/\/wiejskieprzysmaki.estima.site\/en\/wp-json\/wp\/v2\/types\/product"}],"replies":[{"embeddable":true,"href":"https:\/\/wiejskieprzysmaki.estima.site\/en\/wp-json\/wp\/v2\/comments?post=1203"}],"wp:featuredmedia":[{"embeddable":true,"href":"https:\/\/wiejskieprzysmaki.estima.site\/en\/wp-json\/wp\/v2\/media\/1204"}],"wp:attachment":[{"href":"https:\/\/wiejskieprzysmaki.estima.site\/en\/wp-json\/wp\/v2\/media?parent=1203"}],"wp:term":[{"taxonomy":"product_brand","embeddable":true,"href":"https:\/\/wiejskieprzysmaki.estima.site\/en\/wp-json\/wp\/v2\/product_brand?post=1203"},{"taxonomy":"product_cat","embeddable":true,"href":"https:\/\/wiejskieprzysmaki.estima.site\/en\/wp-json\/wp\/v2\/product_cat?post=1203"},{"taxonomy":"product_tag","embeddable":true,"href":"https:\/\/wiejskieprzysmaki.estima.site\/en\/wp-json\/wp\/v2\/product_tag?post=1203"}],"curies":[{"name":"wp","href":"https:\/\/api.w.org\/{rel}","templated":true}]}}