{"id":12049,"date":"2025-02-18T12:42:43","date_gmt":"2025-02-18T11:42:43","guid":{"rendered":"https:\/\/wiejskieprzysmaki.estima.site\/produkt\/witamina-b2-50-mg-bezglutenowa-60-kapsulek-pharmovit-classic\/"},"modified":"2025-02-20T15:11:31","modified_gmt":"2025-02-20T14:11:31","slug":"witamina-b2-50-mg-bezglutenowa-60-kapsulek-pharmovit-classic","status":"publish","type":"product","link":"https:\/\/wiejskieprzysmaki.estima.site\/en\/product\/witamina-b2-50-mg-bezglutenowa-60-kapsulek-pharmovit-classic\/","title":{"rendered":"WITAMINA B2 (50 mg) BEZGLUTENOWA 60 KAPSU\u0141EK &#8211; PHARMOVIT (CLASSIC)"},"content":{"rendered":"<p>SK\u0141ADNIKI <br \/>Inulina, otoczka kapsu\u0142ki: \u017celatyna, witamina B2 (ryboflawina). <\/p>\n<p>Sk\u0142adniki w porcji dziennej &#8211; 1 kapsu\u0142ka<br \/>Witamina B2 &#8211; 50 mg (3571 %)*<br \/>Inulina &#8211; 155 mg<br \/>*dzienna referencyjna warto\u015b\u0107 spo\u017cycia<\/p>\n<p>OPIS <br \/>Suplement diety. <br \/>Witamina B2 &#8211; Ryboflawina: przyczynia si\u0119 do utrzymania prawid\u0142owego metabolizmu energetycznego, pomaga w prawid\u0142owym funkcjonowaniu uk\u0142adu nerwowego, pomaga w utrzymaniu prawid\u0142owego stanu b\u0142on \u015bluzowych, pomaga w utrzymaniu prawid\u0142owego stanu czerwonych krwinek, pomaga zachowa\u0107 zdrow\u0105 sk\u00f3r\u0119, pomaga w utrzymaniu prawid\u0142owego widzenia, przyczynia si\u0119 do utrzymaniu prawid\u0142owego metabolizmu \u017celaza, pomaga w ochronie kom\u00f3rek przed stresem oksydacyjnym, przyczynia si\u0119 do zmniejszenia uczucia zm\u0119czenia i znu\u017cenia. <br \/>Produkt nie zawiera substancji wype\u0142niaj\u0105cych, przeciwzbrylaj\u0105cych, barwnik\u00f3w. <\/p>\n<p>ZALECANE SPO\u017bYCIE I INNE UWAGI <br \/>Zalecana porcja produktu do spo\u017cycia w ci\u0105gu dnia niezb\u0119dna do uzyskania korzystnego dzia\u0142ania produktu: Spo\u017cywa\u0107 1 kapsu\u0142k\u0119 dziennie w trakcie posi\u0142ku. Popi\u0107 wod\u0105 (250 ml). Zalecana porcja dzienna to 1 kapsu\u0142ka. <br \/>Nie nale\u017cy przekracza\u0107 zalecanej porcji do spo\u017cycia w ci\u0105gu dnia. Nie stosowa\u0107 w przypadku uczulenia na kt\u00f3rykolwiek ze sk\u0142adnik\u00f3w.<br \/>Produkt dla doros\u0142ych. Spo\u017cywanie produktu nie zaleca si\u0119 kobietom w ci\u0105\u017cy i karmi\u0105cym piersi\u0105. Produkt nie mo\u017ce by\u0107 stosowany jako substytut zr\u00f3\u017cnicowanej diety.<br \/>Wa\u017cne jest prowadzenie zdrowego trybu \u017cycia i zr\u00f3wnowa\u017conego sposobu \u017cywienia<\/p>\n<p>ZALECANE WARUNKI PRZECHOWYWANIA<br \/>Chroni\u0107 przed \u015bwiat\u0142em. Przechowywa\u0107 w szczelnie zamkni\u0119tym opakowaniu, w temperaturze pokojowej, w suchym miejscu, w spos\u00f3b niedost\u0119pny dla ma\u0142ych dzieci. <\/p>","protected":false},"excerpt":{"rendered":"<p>SK\u0141ADNIKI Inulina, otoczka kapsu\u0142ki: \u017celatyna, witamina B2 (ryboflawina). Sk\u0142adniki w porcji dziennej &#8211; 1 kapsu\u0142kaWitamina B2 &#8211; 50 mg (3571 %)*Inulina &#8211; 155 mg*dzienna referencyjna warto\u015b\u0107 spo\u017cycia OPIS Suplement diety. Witamina B2 &#8211; Ryboflawina: przyczynia si\u0119 do utrzymania prawid\u0142owego metabolizmu energetycznego, pomaga w prawid\u0142owym funkcjonowaniu uk\u0142adu nerwowego, pomaga w utrzymaniu prawid\u0142owego stanu b\u0142on \u015bluzowych, pomaga [&hellip;]<\/p>","protected":false},"featured_media":12050,"comment_status":"closed","ping_status":"open","template":"","meta":{"_acf_changed":false},"product_brand":[],"product_cat":[1497,9057],"product_tag":[],"class_list":{"0":"post-12049","1":"product","2":"type-product","3":"status-publish","4":"has-post-thumbnail","6":"product_cat-kapsulki-tabletki","7":"product_cat-suplementy-diety","8":"pa_ean-matka-8993","9":"pa_ilosc-w-opakowaniu-331","10":"pa_jednostka-podstawowa-szt","11":"pa_kod-cn-2106-90-92","12":"pa_masa-netto-6977","13":"pa_objetosc-brutto-8032","14":"pa_producent-pharmovit-suplementy-diety","15":"pa_producent-nazwa-adres-pharmovit-dystrybucja-spolka-z-ograniczona-odpowiedzialnoscia-ul-kostrogaj-9d-09-400-plock","16":"pa_tagi-bez-cukru-w-skladnikach","17":"pa_tagi-bez-glutenu-deklaracja","18":"pa_tagi-bez-glutenu-w-skladnikach","20":"first","21":"instock","22":"taxable","23":"shipping-taxable","24":"purchasable","25":"product-type-simple"},"acf":[],"_links":{"self":[{"href":"https:\/\/wiejskieprzysmaki.estima.site\/en\/wp-json\/wp\/v2\/product\/12049","targetHints":{"allow":["GET"]}}],"collection":[{"href":"https:\/\/wiejskieprzysmaki.estima.site\/en\/wp-json\/wp\/v2\/product"}],"about":[{"href":"https:\/\/wiejskieprzysmaki.estima.site\/en\/wp-json\/wp\/v2\/types\/product"}],"replies":[{"embeddable":true,"href":"https:\/\/wiejskieprzysmaki.estima.site\/en\/wp-json\/wp\/v2\/comments?post=12049"}],"wp:featuredmedia":[{"embeddable":true,"href":"https:\/\/wiejskieprzysmaki.estima.site\/en\/wp-json\/wp\/v2\/media\/12050"}],"wp:attachment":[{"href":"https:\/\/wiejskieprzysmaki.estima.site\/en\/wp-json\/wp\/v2\/media?parent=12049"}],"wp:term":[{"taxonomy":"product_brand","embeddable":true,"href":"https:\/\/wiejskieprzysmaki.estima.site\/en\/wp-json\/wp\/v2\/product_brand?post=12049"},{"taxonomy":"product_cat","embeddable":true,"href":"https:\/\/wiejskieprzysmaki.estima.site\/en\/wp-json\/wp\/v2\/product_cat?post=12049"},{"taxonomy":"product_tag","embeddable":true,"href":"https:\/\/wiejskieprzysmaki.estima.site\/en\/wp-json\/wp\/v2\/product_tag?post=12049"}],"curies":[{"name":"wp","href":"https:\/\/api.w.org\/{rel}","templated":true}]}}