{"id":12053,"date":"2025-02-18T12:42:43","date_gmt":"2025-02-18T11:42:43","guid":{"rendered":"https:\/\/wiejskieprzysmaki.estima.site\/produkt\/cholina-600-mg-bezglutenowa-60-kapsulek-pharmovit-clean-label\/"},"modified":"2025-02-20T15:11:31","modified_gmt":"2025-02-20T14:11:31","slug":"cholina-600-mg-bezglutenowa-60-kapsulek-pharmovit-clean-label","status":"publish","type":"product","link":"https:\/\/wiejskieprzysmaki.estima.site\/en\/product\/cholina-600-mg-bezglutenowa-60-kapsulek-pharmovit-clean-label\/","title":{"rendered":"CHOLINA (600 mg) BEZGLUTENOWA 60 KAPSU\u0141EK &#8211; PHARMOVIT (CLEAN LABEL)"},"content":{"rendered":"<p>SK\u0141ADNIKI <br \/>Cholina (dwuwinian choliny), kapsu\u0142ka celulozowa: hydroksypropylometyloceluloza. <\/p>\n<p>Sk\u0142adniki w zalecanej dziennej porcji &#8211; 2 kapsu\u0142ki<br \/>Dwuwinian choliny &#8211; 1200 mg<br \/>w tym cholina &#8211; 492 mg<\/p>\n<p>OPIS <br \/>Suplement diety. <br \/>Cholina to organiczny zwi\u0105zek chemiczny. Przez wzgl\u0105d na du\u017ce znaczenie dla prawid\u0142owego funkcjonowania organizmu, zaliczana jest do substancji \u201ewitaminopodobnych&#8221;. Cholina przyczynia si\u0119 do utrzymania prawid\u0142owego metabolizmu homocysteiny i t\u0142uszcz\u00f3w. Pomaga w prawid\u0142owym funkcjonowaniu w\u0105troby. <br \/>Produkt nie zawiera substancji wype\u0142niaj\u0105cych, przeciwzbrylaj\u0105cych, barwnik\u00f3w. Produkt odpowiedni dla wegan.<\/p>\n<p>ZALECANE SPO\u017bYCIE I INNE UWAGI <br \/>Zalecana porcja produktu do spo\u017cycia w ci\u0105gu dnia niezb\u0119dna do uzyskania korzystnego dzia\u0142ania produktu: Spo\u017cywa\u0107 1 kapsu\u0142k\u0119 2 razy dziennie w trakcie posi\u0142ku. Popi\u0107 wod\u0105 (250 ml). Zalecana porcja dzienna to 2 kapsu\u0142ki. Nie nale\u017cy przekracza\u0107 zalecanej porcji do spo\u017cycia w ci\u0105gu dnia. Nie stosowa\u0107 w przypadku uczulenia na kt\u00f3rykolwiek ze sk\u0142adnik\u00f3w. Produkt dla doros\u0142ych. Nie stosowa\u0107 u dzieci. Kobiety w ci\u0105\u017cy i karmi\u0105ce piersi\u0105 przed u\u017cyciem powinny skonsultowa\u0107 si\u0119 z lekarzem. Produkt nie mo\u017ce by\u0107 stosowany jako substytut (zamiennik) zr\u00f3\u017cnicowanej diety. Zr\u00f3wnowa\u017cony spos\u00f3b \u017cywienia oraz zdrowy tryb \u017cycia s\u0105 podstaw\u0105 prawid\u0142owego funkcjonowania organizmu.<\/p>\n<p>ZALECANE WARUNKI PRZECHOWYWANIA<br \/>Chroni\u0107 przed \u015bwiat\u0142em. Przechowywa\u0107 w szczelnie zamkni\u0119tym opakowaniu, w temperaturze pokojowej, w suchym miejscu, w spos\u00f3b niedost\u0119pny dla ma\u0142ych dzieci.<\/p>","protected":false},"excerpt":{"rendered":"<p>SK\u0141ADNIKI Cholina (dwuwinian choliny), kapsu\u0142ka celulozowa: hydroksypropylometyloceluloza. Sk\u0142adniki w zalecanej dziennej porcji &#8211; 2 kapsu\u0142kiDwuwinian choliny &#8211; 1200 mgw tym cholina &#8211; 492 mg OPIS Suplement diety. Cholina to organiczny zwi\u0105zek chemiczny. Przez wzgl\u0105d na du\u017ce znaczenie dla prawid\u0142owego funkcjonowania organizmu, zaliczana jest do substancji \u201ewitaminopodobnych&#8221;. Cholina przyczynia si\u0119 do utrzymania prawid\u0142owego metabolizmu homocysteiny i [&hellip;]<\/p>","protected":false},"featured_media":12054,"comment_status":"closed","ping_status":"open","template":"","meta":{"_acf_changed":false},"product_brand":[],"product_cat":[1497,9057],"product_tag":[],"class_list":{"0":"post-12053","1":"product","2":"type-product","3":"status-publish","4":"has-post-thumbnail","6":"product_cat-kapsulki-tabletki","7":"product_cat-suplementy-diety","8":"pa_ean-matka-8996","9":"pa_ilosc-w-opakowaniu-331","10":"pa_jednostka-podstawowa-szt","11":"pa_kod-cn-2106-90-92","12":"pa_masa-netto-8780","13":"pa_objetosc-brutto-2530","14":"pa_producent-pharmovit-suplementy-diety","15":"pa_producent-nazwa-adres-pharmovit-dystrybucja-spolka-z-ograniczona-odpowiedzialnoscia-ul-kostrogaj-9d-09-400-plock","16":"pa_tagi-bez-cukru-w-skladnikach","17":"pa_tagi-bez-glutenu-deklaracja","18":"pa_tagi-bez-glutenu-w-skladnikach","19":"pa_tagi-weganski","20":"pa_tagi-wegetarianski","22":"first","23":"instock","24":"taxable","25":"shipping-taxable","26":"purchasable","27":"product-type-simple"},"acf":[],"_links":{"self":[{"href":"https:\/\/wiejskieprzysmaki.estima.site\/en\/wp-json\/wp\/v2\/product\/12053","targetHints":{"allow":["GET"]}}],"collection":[{"href":"https:\/\/wiejskieprzysmaki.estima.site\/en\/wp-json\/wp\/v2\/product"}],"about":[{"href":"https:\/\/wiejskieprzysmaki.estima.site\/en\/wp-json\/wp\/v2\/types\/product"}],"replies":[{"embeddable":true,"href":"https:\/\/wiejskieprzysmaki.estima.site\/en\/wp-json\/wp\/v2\/comments?post=12053"}],"wp:featuredmedia":[{"embeddable":true,"href":"https:\/\/wiejskieprzysmaki.estima.site\/en\/wp-json\/wp\/v2\/media\/12054"}],"wp:attachment":[{"href":"https:\/\/wiejskieprzysmaki.estima.site\/en\/wp-json\/wp\/v2\/media?parent=12053"}],"wp:term":[{"taxonomy":"product_brand","embeddable":true,"href":"https:\/\/wiejskieprzysmaki.estima.site\/en\/wp-json\/wp\/v2\/product_brand?post=12053"},{"taxonomy":"product_cat","embeddable":true,"href":"https:\/\/wiejskieprzysmaki.estima.site\/en\/wp-json\/wp\/v2\/product_cat?post=12053"},{"taxonomy":"product_tag","embeddable":true,"href":"https:\/\/wiejskieprzysmaki.estima.site\/en\/wp-json\/wp\/v2\/product_tag?post=12053"}],"curies":[{"name":"wp","href":"https:\/\/api.w.org\/{rel}","templated":true}]}}