{"id":12061,"date":"2025-02-18T12:42:52","date_gmt":"2025-02-18T11:42:52","guid":{"rendered":"https:\/\/wiejskieprzysmaki.estima.site\/produkt\/herbata-zielona-matcha-japonska-ceremonialna-bio-100-g-royal-brand\/"},"modified":"2025-02-18T12:42:53","modified_gmt":"2025-02-18T11:42:53","slug":"herbata-zielona-matcha-japonska-ceremonialna-bio-100-g-royal-brand","status":"publish","type":"product","link":"https:\/\/wiejskieprzysmaki.estima.site\/en\/product\/herbata-zielona-matcha-japonska-ceremonialna-bio-100-g-royal-brand\/","title":{"rendered":"HERBATA ZIELONA MATCHA JAPO\u0143SKA CEREMONIALNA BIO 100 g &#8211; ROYAL BRAND"},"content":{"rendered":"<p>SK\u0141ADNIKI<br \/>ekologiczna herbata zielona matcha.<\/p>\n<p>OPIS<br \/>Matcha Royal Brand to najwy\u017cszej jako\u015bci sproszkowana zielona herbata z Japonii.<br \/>Naturalna matcha to sproszkowana zielona herbata prosto z Japonii. Przeznaczona jest do picia, ale sprawdzi si\u0119 r\u00f3wnie\u017c jako doskona\u0142y dodatek do wypiek\u00f3w i wyrobu deser\u00f3w. Popularna w napojach, mochi, s\u0142odyczach, deserach i wypiekach. <\/p>\n<p>ZALECANE WARUNKI PRZECHOWYWANIA<br \/>Przechowywa\u0107 w ciemnym i ch\u0142odnym miejscu. <\/p>","protected":false},"excerpt":{"rendered":"<p>SK\u0141ADNIKIekologiczna herbata zielona matcha. OPISMatcha Royal Brand to najwy\u017cszej jako\u015bci sproszkowana zielona herbata z Japonii.Naturalna matcha to sproszkowana zielona herbata prosto z Japonii. Przeznaczona jest do picia, ale sprawdzi si\u0119 r\u00f3wnie\u017c jako doskona\u0142y dodatek do wypiek\u00f3w i wyrobu deser\u00f3w. Popularna w napojach, mochi, s\u0142odyczach, deserach i wypiekach. ZALECANE WARUNKI PRZECHOWYWANIAPrzechowywa\u0107 w ciemnym i ch\u0142odnym miejscu.<\/p>","protected":false},"featured_media":12062,"comment_status":"closed","ping_status":"open","template":"","meta":{"_acf_changed":false},"product_brand":[],"product_cat":[282,950],"product_tag":[],"class_list":{"0":"post-12061","1":"product","2":"type-product","3":"status-publish","4":"has-post-thumbnail","6":"product_cat-herbaty-i-ziola","7":"product_cat-zielone-w-tym-z-dodatkami","8":"pa_ean-matka-9002","9":"pa_gwarancja-przydatnosci-320","10":"pa_ilosc-w-opakowaniu-331","11":"pa_jednostka-podstawowa-szt","12":"pa_kod-cn-0902-10-00","13":"pa_masa-netto-242","14":"pa_objetosc-brutto-303","15":"pa_producent-royal-brand-aromaty","16":"pa_producent-nazwa-adres-royal-brand-wolska-84-86-01-141-warszawa-polska","17":"pa_tagi-bez-cukru-w-skladnikach","18":"pa_tagi-bez-glutenu-w-skladnikach","19":"pa_tagi-certyfikat-bio","20":"pa_tagi-weganski","21":"pa_tagi-wegetarianski","23":"first","24":"instock","25":"taxable","26":"shipping-taxable","27":"purchasable","28":"product-type-simple"},"acf":[],"_links":{"self":[{"href":"https:\/\/wiejskieprzysmaki.estima.site\/en\/wp-json\/wp\/v2\/product\/12061","targetHints":{"allow":["GET"]}}],"collection":[{"href":"https:\/\/wiejskieprzysmaki.estima.site\/en\/wp-json\/wp\/v2\/product"}],"about":[{"href":"https:\/\/wiejskieprzysmaki.estima.site\/en\/wp-json\/wp\/v2\/types\/product"}],"replies":[{"embeddable":true,"href":"https:\/\/wiejskieprzysmaki.estima.site\/en\/wp-json\/wp\/v2\/comments?post=12061"}],"wp:featuredmedia":[{"embeddable":true,"href":"https:\/\/wiejskieprzysmaki.estima.site\/en\/wp-json\/wp\/v2\/media\/12062"}],"wp:attachment":[{"href":"https:\/\/wiejskieprzysmaki.estima.site\/en\/wp-json\/wp\/v2\/media?parent=12061"}],"wp:term":[{"taxonomy":"product_brand","embeddable":true,"href":"https:\/\/wiejskieprzysmaki.estima.site\/en\/wp-json\/wp\/v2\/product_brand?post=12061"},{"taxonomy":"product_cat","embeddable":true,"href":"https:\/\/wiejskieprzysmaki.estima.site\/en\/wp-json\/wp\/v2\/product_cat?post=12061"},{"taxonomy":"product_tag","embeddable":true,"href":"https:\/\/wiejskieprzysmaki.estima.site\/en\/wp-json\/wp\/v2\/product_tag?post=12061"}],"curies":[{"name":"wp","href":"https:\/\/api.w.org\/{rel}","templated":true}]}}