{"id":12063,"date":"2025-02-18T12:42:52","date_gmt":"2025-02-18T11:42:52","guid":{"rendered":"https:\/\/wiejskieprzysmaki.estima.site\/produkt\/kielbaski-biale-roslinne-180-g-bezmiesny\/"},"modified":"2025-02-18T12:42:54","modified_gmt":"2025-02-18T11:42:54","slug":"kielbaski-biale-roslinne-180-g-bezmiesny","status":"publish","type":"product","link":"https:\/\/wiejskieprzysmaki.estima.site\/en\/product\/kielbaski-biale-roslinne-180-g-bezmiesny\/","title":{"rendered":"KIE\u0141BASKI BIA\u0141E RO\u015aLINNE 180 g &#8211; BEZMI\u0118SNY"},"content":{"rendered":"<p>SK\u0141ADNIKI<br \/>woda, teksturowane bia\u0142ko PSZENNE 24 %, substancje zag\u0119szczaj\u0105ce: skrobia ziemniaczana modyfikowana, karagen, guma konjac; olej rzepakowy, bia\u0142ko PSZENNE 5 %, ekstrakty przypraw, przyprawy (w tym majeranek 0,3 %), bulion warzywny (s\u00f3l, bia\u0142ko ro\u015blinne hydrolizowane, aromaty [zawieraj\u0105 SELER]), aromaty, cukier trzcinowy, ekstrakt dro\u017cd\u017cy, emulgator: metyloceluloza; sos SOJOWY (nasiona SOI, woda, m\u0105ka PSZENNA, s\u00f3l), s\u00f3l, sok z cytryny.<\/p>\n<p>OPIS<br \/>Odkryj nasze Bezmi\u0119sne Kie\u0142baski Bia\u0142e w zupe\u0142nie nowym wydaniu. Klasyczny smak, kt\u00f3ry idealnie sprawdzi si\u0119 na wielkanocnym stole. S\u0105 \u015bwietnym dodatkiem do \u017curku, bigosu lub \u015bwie\u017cego pieczywa.<\/p>\n<p>SPOS\u00d3B PRZYGOTOWANIA<br \/>Grilluj ok. 2 &#8211; 3 minuty<br \/>Sma\u017c 3 minuty na patelni z odrobin\u0105 oleju<br \/>Piecz ok. 5 minut<br \/>Wrzu\u0107 na 2 &#8211; 3 minuty do wrz\u0105cej wody<\/p>\n<p>WARTO\u015a\u0106 OD\u017bYWCZA w 100 g <br \/>Warto\u015b\u0107 energetyczna: 816 kJ \/ 194 kcal<br \/>T\u0142uszcz: 4,9 g<br \/>w tym kwasy t\u0142uszczowe nasycone: 0,7 g<br \/>W\u0119glowodany: 18 g<br \/>w tym cukry: 3,5 g<br \/>B\u0142onnik: 2,8 g<br \/>Bia\u0142ko: 21 g<br \/>S\u00f3l: 2,19 g<\/p>\n<p>INFORMACJA ALERGENNA<br \/>Mo\u017ce zawiera\u0107 GORCZYC\u0118 i sezam<\/p>\n<p>ZALECANE WARUNKI PRZECHOWYWANIA<br \/>Przechowywa\u0107 w temperaturze od +2\u00b0C do +6\u00b0C. Produkt nale\u017cy spo\u017cy\u0107 w ci\u0105gu 48 godzin od otwarcia.<\/p>","protected":false},"excerpt":{"rendered":"<p>SK\u0141ADNIKIwoda, teksturowane bia\u0142ko PSZENNE 24 %, substancje zag\u0119szczaj\u0105ce: skrobia ziemniaczana modyfikowana, karagen, guma konjac; olej rzepakowy, bia\u0142ko PSZENNE 5 %, ekstrakty przypraw, przyprawy (w tym majeranek 0,3 %), bulion warzywny (s\u00f3l, bia\u0142ko ro\u015blinne hydrolizowane, aromaty [zawieraj\u0105 SELER]), aromaty, cukier trzcinowy, ekstrakt dro\u017cd\u017cy, emulgator: metyloceluloza; sos SOJOWY (nasiona SOI, woda, m\u0105ka PSZENNA, s\u00f3l), s\u00f3l, sok z [&hellip;]<\/p>","protected":false},"featured_media":12064,"comment_status":"closed","ping_status":"open","template":"","meta":{"_acf_changed":false},"product_brand":[],"product_cat":[274,484],"product_tag":[],"class_list":{"0":"post-12063","1":"product","2":"type-product","3":"status-publish","4":"has-post-thumbnail","6":"product_cat-lodowka-inne","7":"product_cat-roslinne-alternatywy-sera-miesa","8":"pa_ean-matka-9004","9":"pa_gwarancja-przydatnosci-9003","10":"pa_ilosc-w-opakowaniu-331","11":"pa_jednostka-podstawowa-szt","12":"pa_kod-cn-2106-90-98","13":"pa_masa-netto-432","14":"pa_objetosc-brutto-3093","15":"pa_producent-bezmiesny-vege-wedliny","16":"pa_producent-nazwa-adres-bvtcher-sp-z-o-o-ul-flory-9-lok-8-00-586-warszawa","17":"pa_tagi-weganski","18":"pa_tagi-wegetarianski","20":"first","21":"instock","22":"taxable","23":"shipping-taxable","24":"purchasable","25":"product-type-simple"},"acf":[],"_links":{"self":[{"href":"https:\/\/wiejskieprzysmaki.estima.site\/en\/wp-json\/wp\/v2\/product\/12063","targetHints":{"allow":["GET"]}}],"collection":[{"href":"https:\/\/wiejskieprzysmaki.estima.site\/en\/wp-json\/wp\/v2\/product"}],"about":[{"href":"https:\/\/wiejskieprzysmaki.estima.site\/en\/wp-json\/wp\/v2\/types\/product"}],"replies":[{"embeddable":true,"href":"https:\/\/wiejskieprzysmaki.estima.site\/en\/wp-json\/wp\/v2\/comments?post=12063"}],"wp:featuredmedia":[{"embeddable":true,"href":"https:\/\/wiejskieprzysmaki.estima.site\/en\/wp-json\/wp\/v2\/media\/12064"}],"wp:attachment":[{"href":"https:\/\/wiejskieprzysmaki.estima.site\/en\/wp-json\/wp\/v2\/media?parent=12063"}],"wp:term":[{"taxonomy":"product_brand","embeddable":true,"href":"https:\/\/wiejskieprzysmaki.estima.site\/en\/wp-json\/wp\/v2\/product_brand?post=12063"},{"taxonomy":"product_cat","embeddable":true,"href":"https:\/\/wiejskieprzysmaki.estima.site\/en\/wp-json\/wp\/v2\/product_cat?post=12063"},{"taxonomy":"product_tag","embeddable":true,"href":"https:\/\/wiejskieprzysmaki.estima.site\/en\/wp-json\/wp\/v2\/product_tag?post=12063"}],"curies":[{"name":"wp","href":"https:\/\/api.w.org\/{rel}","templated":true}]}}