{"id":12067,"date":"2025-02-18T12:42:52","date_gmt":"2025-02-18T11:42:52","guid":{"rendered":"https:\/\/wiejskieprzysmaki.estima.site\/produkt\/yerba-mate-green-mas-energia-guarana-1-kg-mate-green\/"},"modified":"2025-02-18T12:42:59","modified_gmt":"2025-02-18T11:42:59","slug":"yerba-mate-green-mas-energia-guarana-1-kg-mate-green","status":"publish","type":"product","link":"https:\/\/wiejskieprzysmaki.estima.site\/en\/product\/yerba-mate-green-mas-energia-guarana-1-kg-mate-green\/","title":{"rendered":"YERBA MATE GREEN MAS ENERGIA GUARANA 1 kg &#8211; MATE GREEN"},"content":{"rendered":"<p>SK\u0141ADNIKI<br \/>Yerba Mate (Ilex paraguariensis) 93 %, guarana w proszku 2 %, mi\u0119ta, trawa cytrynowa, nagietek, chaber b\u0142awatek, naturalny aromat. <\/p>\n<p>OPIS<br \/>To najpopularniejsza i najsmaczniejsza yerba mate na \u015bwiecie polecana osobom, kt\u00f3re ceni\u0105 mocne pobudzenie i doborowy smak. To najch\u0119tniej wybierana yerba mate od wielu lat. Nasz\u0105 Mate Green Guarana mo\u017cna znale\u017a\u0107 na wszystkich kontynentach \u015bwiata. Klienci wybieraj\u0105 ten produkt, doceniaj\u0105c jej wybitny, pozbawiony gorzkich nut smak. Baz\u0105 jest oryginalna Yerba Mate Green \u2013 odmiana z najwy\u017cszej p\u00f3\u0142ki, kt\u00f3ra sw\u00f3j niezwyk\u0142y smak i w\u0142a\u015bciwo\u015bci zawdzi\u0119cza specjalnemu sposobowi ci\u0119cia i suszenia li\u015bci. W efekcie otrzymujemy napar bogaty, ale wci\u0105\u017c \u0142agodny w smaku.<\/p>\n<p>SPOS\u00d3B PRZYGOTOWANIA<br \/>Wsyp yerb\u0119 do naczynia (od 1\/4 do 3\/4 pojemno\u015bci). Przechyl naczynie, tak aby susz u\u0142o\u017cy\u0142 si\u0119 na ukos. Umie\u015b\u0107 bombill\u0119 w pustej przestrzeni, zalej wod\u0105 o temperaturze 70-80\u00b0C lub zalej wod\u0105 z lodem. Czas parzenia: od 3 do 5 minut. Susz mo\u017cna zalewa\u0107 wielokrotnie. <\/p>\n<p>ZALECANE WARUNKI PRZECHOWYWANIA<br \/>Przechowywa\u0107 w suchym miejscu, w szczelnie zamkni\u0119tym opakowaniu.<\/p>","protected":false},"excerpt":{"rendered":"<p>SK\u0141ADNIKIYerba Mate (Ilex paraguariensis) 93 %, guarana w proszku 2 %, mi\u0119ta, trawa cytrynowa, nagietek, chaber b\u0142awatek, naturalny aromat. OPISTo najpopularniejsza i najsmaczniejsza yerba mate na \u015bwiecie polecana osobom, kt\u00f3re ceni\u0105 mocne pobudzenie i doborowy smak. To najch\u0119tniej wybierana yerba mate od wielu lat. Nasz\u0105 Mate Green Guarana mo\u017cna znale\u017a\u0107 na wszystkich kontynentach \u015bwiata. Klienci [&hellip;]<\/p>","protected":false},"featured_media":12068,"comment_status":"closed","ping_status":"open","template":"","meta":{"_acf_changed":false},"product_brand":[],"product_cat":[282,1050],"product_tag":[],"class_list":{"0":"post-12067","1":"product","2":"type-product","3":"status-publish","4":"has-post-thumbnail","6":"product_cat-herbaty-i-ziola","7":"product_cat-yerba-mate-w-tym-z-dodatkami","8":"pa_ean-matka-9009","9":"pa_gwarancja-przydatnosci-320","10":"pa_ilosc-w-opakowaniu-327","11":"pa_jednostka-podstawowa-szt","12":"pa_kod-cn-0903-00-00","13":"pa_masa-netto-209","14":"pa_objetosc-brutto-9007","15":"pa_producent-organic-mate-green-yerba-mate","16":"pa_producent-nazwa-adres-derlatka-robert-oranzada-ul-stefana-batorego-42-24-05-400-otwock-nip-pl-53210842","17":"pa_tagi-bez-cukru-w-skladnikach","18":"pa_tagi-bez-glutenu-w-skladnikach","19":"pa_tagi-weganski","20":"pa_tagi-wegetarianski","22":"first","23":"instock","24":"taxable","25":"shipping-taxable","26":"purchasable","27":"product-type-simple"},"acf":[],"_links":{"self":[{"href":"https:\/\/wiejskieprzysmaki.estima.site\/en\/wp-json\/wp\/v2\/product\/12067","targetHints":{"allow":["GET"]}}],"collection":[{"href":"https:\/\/wiejskieprzysmaki.estima.site\/en\/wp-json\/wp\/v2\/product"}],"about":[{"href":"https:\/\/wiejskieprzysmaki.estima.site\/en\/wp-json\/wp\/v2\/types\/product"}],"replies":[{"embeddable":true,"href":"https:\/\/wiejskieprzysmaki.estima.site\/en\/wp-json\/wp\/v2\/comments?post=12067"}],"wp:featuredmedia":[{"embeddable":true,"href":"https:\/\/wiejskieprzysmaki.estima.site\/en\/wp-json\/wp\/v2\/media\/12068"}],"wp:attachment":[{"href":"https:\/\/wiejskieprzysmaki.estima.site\/en\/wp-json\/wp\/v2\/media?parent=12067"}],"wp:term":[{"taxonomy":"product_brand","embeddable":true,"href":"https:\/\/wiejskieprzysmaki.estima.site\/en\/wp-json\/wp\/v2\/product_brand?post=12067"},{"taxonomy":"product_cat","embeddable":true,"href":"https:\/\/wiejskieprzysmaki.estima.site\/en\/wp-json\/wp\/v2\/product_cat?post=12067"},{"taxonomy":"product_tag","embeddable":true,"href":"https:\/\/wiejskieprzysmaki.estima.site\/en\/wp-json\/wp\/v2\/product_tag?post=12067"}],"curies":[{"name":"wp","href":"https:\/\/api.w.org\/{rel}","templated":true}]}}