{"id":1207,"date":"2025-02-18T10:35:04","date_gmt":"2025-02-18T09:35:04","guid":{"rendered":"https:\/\/wiejskieprzysmaki.estima.site\/produkt\/maka-z-konopi-bio-surowiec-25-kg\/"},"modified":"2025-02-18T10:35:16","modified_gmt":"2025-02-18T09:35:16","slug":"maka-z-konopi-bio-surowiec-25-kg","status":"publish","type":"product","link":"https:\/\/wiejskieprzysmaki.estima.site\/en\/product\/maka-z-konopi-bio-surowiec-25-kg\/","title":{"rendered":"M\u0104KA Z KONOPI BIO (SUROWIEC) (25 kg)"},"content":{"rendered":"<p>SK\u0141ADNIKI<br \/>ekologiczna m\u0105ka z konopi 100 %.<\/p>\n<p>WARTO\u015a\u0106 OD\u017bYWCZA W 100 g<br \/>Warto\u015b\u0107 energetyczna &#8211; 1296 kJ \/ 312 kcal<br \/>T\u0142uszcz &#8211; 8,6 g<br \/>w tym kwasy t\u0142uszczowe nasycone &#8211; 1,2 g<br \/>W\u0119glowodany &#8211; 3,2 g<br \/>w tym cukry &#8211; 3,2 g<br \/>B\u0142onnik &#8211; 41 g<br \/>Bia\u0142ko &#8211; 35 g<br \/>S\u00f3l &#8211; 0 g<\/p>\n<p>ZALECANE WARUNKI PRZECHOWYWANIA<br \/>Przechowywa\u0107 w suchym i ch\u0142odnym miejscu.<\/p>","protected":false},"excerpt":{"rendered":"<p>SK\u0141ADNIKIekologiczna m\u0105ka z konopi 100 %. WARTO\u015a\u0106 OD\u017bYWCZA W 100 gWarto\u015b\u0107 energetyczna &#8211; 1296 kJ \/ 312 kcalT\u0142uszcz &#8211; 8,6 gw tym kwasy t\u0142uszczowe nasycone &#8211; 1,2 gW\u0119glowodany &#8211; 3,2 gw tym cukry &#8211; 3,2 gB\u0142onnik &#8211; 41 gBia\u0142ko &#8211; 35 gS\u00f3l &#8211; 0 g ZALECANE WARUNKI PRZECHOWYWANIAPrzechowywa\u0107 w suchym i ch\u0142odnym miejscu.<\/p>","protected":false},"featured_media":1208,"comment_status":"closed","ping_status":"open","template":"","meta":{"_acf_changed":false},"product_brand":[],"product_cat":[99,100],"product_tag":[],"class_list":{"0":"post-1207","1":"product","2":"type-product","3":"status-publish","4":"has-post-thumbnail","6":"product_cat-maki-i-skrobie","7":"product_cat-maki-naturalnie-bezglutenowe","8":"pa_ean-matka-1311","9":"pa_gwarancja-przydatnosci-320","10":"pa_ilosc-w-opakowaniu-310","11":"pa_jednostka-podstawowa-kg","12":"pa_kod-cn-2306-90-90","13":"pa_kraj-pochodzenia-skladnikow-litwa","14":"pa_masa-netto-209","15":"pa_producent-horeca-bio-surowce","16":"pa_producent-nazwa-adres-bio-planet-s-a-wilkowa-wies-7-05-084-leszno","17":"pa_tagi-bez-cukru-w-skladnikach","18":"pa_tagi-bez-glutenu-w-skladnikach","19":"pa_tagi-certyfikat-bio","20":"pa_tagi-weganski","21":"pa_tagi-wegetarianski","23":"first","24":"instock","25":"taxable","26":"shipping-taxable","27":"purchasable","28":"product-type-simple"},"acf":[],"_links":{"self":[{"href":"https:\/\/wiejskieprzysmaki.estima.site\/en\/wp-json\/wp\/v2\/product\/1207","targetHints":{"allow":["GET"]}}],"collection":[{"href":"https:\/\/wiejskieprzysmaki.estima.site\/en\/wp-json\/wp\/v2\/product"}],"about":[{"href":"https:\/\/wiejskieprzysmaki.estima.site\/en\/wp-json\/wp\/v2\/types\/product"}],"replies":[{"embeddable":true,"href":"https:\/\/wiejskieprzysmaki.estima.site\/en\/wp-json\/wp\/v2\/comments?post=1207"}],"wp:featuredmedia":[{"embeddable":true,"href":"https:\/\/wiejskieprzysmaki.estima.site\/en\/wp-json\/wp\/v2\/media\/1208"}],"wp:attachment":[{"href":"https:\/\/wiejskieprzysmaki.estima.site\/en\/wp-json\/wp\/v2\/media?parent=1207"}],"wp:term":[{"taxonomy":"product_brand","embeddable":true,"href":"https:\/\/wiejskieprzysmaki.estima.site\/en\/wp-json\/wp\/v2\/product_brand?post=1207"},{"taxonomy":"product_cat","embeddable":true,"href":"https:\/\/wiejskieprzysmaki.estima.site\/en\/wp-json\/wp\/v2\/product_cat?post=1207"},{"taxonomy":"product_tag","embeddable":true,"href":"https:\/\/wiejskieprzysmaki.estima.site\/en\/wp-json\/wp\/v2\/product_tag?post=1207"}],"curies":[{"name":"wp","href":"https:\/\/api.w.org\/{rel}","templated":true}]}}