{"id":12097,"date":"2025-02-18T12:43:16","date_gmt":"2025-02-18T11:43:16","guid":{"rendered":"https:\/\/wiejskieprzysmaki.estima.site\/produkt\/chrupki-piramidki-proteinowe-z-sola-himalajska-bezglutenowe-60-g-popcrop\/"},"modified":"2025-02-18T12:43:24","modified_gmt":"2025-02-18T11:43:24","slug":"chrupki-piramidki-proteinowe-z-sola-himalajska-bezglutenowe-60-g-popcrop","status":"publish","type":"product","link":"https:\/\/wiejskieprzysmaki.estima.site\/en\/product\/chrupki-piramidki-proteinowe-z-sola-himalajska-bezglutenowe-60-g-popcrop\/","title":{"rendered":"CHRUPKI PIRAMIDKI PROTEINOWE Z SOL\u0104 HIMALAJSK\u0104 BEZGLUTENOWE 60 g &#8211; POPCROP"},"content":{"rendered":"<p>SK\u0141ADNIKI<br \/>kukurydza, ry\u017c (bia\u0142y, br\u0105zowy), olej rzepakowy, bia\u0142ko z grochu 4,4 %, groch zielony, soczewica czarna, s\u00f3l himalajska 1,9 %. <\/p>\n<p>OPIS<br \/>Chrupki proteinowe z sol\u0105 morsk\u0105 to pyszna alternatywa dla tradycyjnych przek\u0105sek, kt\u00f3ra \u0142\u0105czy w sobie bogaty smak zb\u00f3\u017c, przy zachowaniu \u015bwiadomego podej\u015bcia do zdrowia i od\u017cywiania. Bez dodatku glutenu, sztucznych barwnik\u00f3w, te chrupki s\u0105 przyjazne dla os\u00f3b z nietolerancj\u0105 glutenu oraz dla tych, kt\u00f3rzy preferuj\u0105 produkty bez niepotrzebnych dodatk\u00f3w.<br \/>&nbsp;<br \/>WARTO\u015a\u0106 OD\u017bYWCZA w 100 g <br \/>Warto\u015b\u0107 energetyczna: 1842 kJ\/437 kcal<br \/>T\u0142uszcz: 11,6 g<br \/>w tym kwasy t\u0142uszczowe nasycone: 1,2 g<br \/>W\u0119glowodany: 68,8 g<br \/>w tym cukry: 0,8 g<br \/>B\u0142onnik: 2,1 g<br \/>Bia\u0142ko: 13,2 g<br \/>S\u00f3l: 2,1 g<\/p>\n<p>ZALECANE WARUNKI PRZECHOWYWANIA<br \/>Przechowywa\u0107 w suchym i ch\u0142odnym miejscu.<\/p>","protected":false},"excerpt":{"rendered":"<p>SK\u0141ADNIKIkukurydza, ry\u017c (bia\u0142y, br\u0105zowy), olej rzepakowy, bia\u0142ko z grochu 4,4 %, groch zielony, soczewica czarna, s\u00f3l himalajska 1,9 %. OPISChrupki proteinowe z sol\u0105 morsk\u0105 to pyszna alternatywa dla tradycyjnych przek\u0105sek, kt\u00f3ra \u0142\u0105czy w sobie bogaty smak zb\u00f3\u017c, przy zachowaniu \u015bwiadomego podej\u015bcia do zdrowia i od\u017cywiania. Bez dodatku glutenu, sztucznych barwnik\u00f3w, te chrupki s\u0105 przyjazne dla [&hellip;]<\/p>","protected":false},"featured_media":12098,"comment_status":"closed","ping_status":"open","template":"","meta":{"_acf_changed":false},"product_brand":[],"product_cat":[422,139],"product_tag":[],"class_list":{"0":"post-12097","1":"product","2":"type-product","3":"status-publish","4":"has-post-thumbnail","6":"product_cat-chipsy-chrupki-popcorn","7":"product_cat-slodycze-i-przekaski","8":"pa_ean-matka-9032","9":"pa_gwarancja-przydatnosci-311","10":"pa_ilosc-w-opakowaniu-374","11":"pa_jednostka-podstawowa-szt","12":"pa_kod-cn-1904-10-10","13":"pa_masa-netto-284","14":"pa_objetosc-brutto-2578","15":"pa_producent-popcrop-niebieska-kukurydza-chrupki-proteinowe","16":"pa_producent-nazwa-adres-mdr-healthy-food-sp-z-o-o-ul-zulawska-13a-82-103-mikoszewo","17":"pa_tagi-bez-cukru-w-skladnikach","18":"pa_tagi-bez-glutenu-deklaracja","19":"pa_tagi-bez-glutenu-w-skladnikach","20":"pa_tagi-weganski","21":"pa_tagi-wegetarianski","23":"first","24":"instock","25":"taxable","26":"shipping-taxable","27":"purchasable","28":"product-type-simple"},"acf":[],"_links":{"self":[{"href":"https:\/\/wiejskieprzysmaki.estima.site\/en\/wp-json\/wp\/v2\/product\/12097","targetHints":{"allow":["GET"]}}],"collection":[{"href":"https:\/\/wiejskieprzysmaki.estima.site\/en\/wp-json\/wp\/v2\/product"}],"about":[{"href":"https:\/\/wiejskieprzysmaki.estima.site\/en\/wp-json\/wp\/v2\/types\/product"}],"replies":[{"embeddable":true,"href":"https:\/\/wiejskieprzysmaki.estima.site\/en\/wp-json\/wp\/v2\/comments?post=12097"}],"wp:featuredmedia":[{"embeddable":true,"href":"https:\/\/wiejskieprzysmaki.estima.site\/en\/wp-json\/wp\/v2\/media\/12098"}],"wp:attachment":[{"href":"https:\/\/wiejskieprzysmaki.estima.site\/en\/wp-json\/wp\/v2\/media?parent=12097"}],"wp:term":[{"taxonomy":"product_brand","embeddable":true,"href":"https:\/\/wiejskieprzysmaki.estima.site\/en\/wp-json\/wp\/v2\/product_brand?post=12097"},{"taxonomy":"product_cat","embeddable":true,"href":"https:\/\/wiejskieprzysmaki.estima.site\/en\/wp-json\/wp\/v2\/product_cat?post=12097"},{"taxonomy":"product_tag","embeddable":true,"href":"https:\/\/wiejskieprzysmaki.estima.site\/en\/wp-json\/wp\/v2\/product_tag?post=12097"}],"curies":[{"name":"wp","href":"https:\/\/api.w.org\/{rel}","templated":true}]}}