{"id":12101,"date":"2025-02-18T12:43:25","date_gmt":"2025-02-18T11:43:25","guid":{"rendered":"https:\/\/wiejskieprzysmaki.estima.site\/produkt\/bulka-kajzerka-z-makiem-bezglutenowa-2-szt-120-g-incola\/"},"modified":"2025-02-18T12:43:26","modified_gmt":"2025-02-18T11:43:26","slug":"bulka-kajzerka-z-makiem-bezglutenowa-2-szt-120-g-incola","status":"publish","type":"product","link":"https:\/\/wiejskieprzysmaki.estima.site\/en\/product\/bulka-kajzerka-z-makiem-bezglutenowa-2-szt-120-g-incola\/","title":{"rendered":"BU\u0141KA KAJZERKA Z MAKIEM BEZGLUTENOWA (2 szt.) 120 g &#8211; INCOLA"},"content":{"rendered":"<p>SK\u0141ADNIKI <br \/>woda, skrobie (tapiokowa, ziemniaczana, kukurydziana), m\u0105ki (ry\u017cowa, kukurydziana), olej rzepakowy, dro\u017cd\u017ce, mak 2,0 %, syrop winogronowy, bia\u0142ko kurze (JAJA), substancja utrzymuj\u0105ca wilgo\u0107 (glicerol), b\u0142onnik ro\u015blinny (z babki jajowatej), s\u00f3l, substancje zag\u0119szczaj\u0105ce (hydroksypropylometyloceluloza, guma ksantanowa), cukier, aromat. <\/p>\n<p>OPIS <br \/>Produkt pakowany w atmosferze ochronnej. <br \/>Produkt do bezpo\u015bredniego spo\u017cycia. Mo\u017ce by\u0107 r\u00f3wnie\u017c odgrzewany w tosterze lub w piekarniku. <\/p>\n<p>WARTO\u015a\u0106 OD\u017bYWCZA W 100 g <br \/>Warto\u015b\u0107 energetyczna: 1198 kJ\/ 284 kcal<br \/>T\u0142uszcz: 6,0 g<br \/>w tym kwasy t\u0142uszczowe nasycone: 0,6 g<br \/>W\u0119glowodany: 50,5 g<br \/>w tym cukry: 6,1 g<br \/>B\u0142onnik: 5,8 g<br \/>Bia\u0142ko: 4,4 g<br \/>S\u00f3l: 1,1 g<\/p>\n<p>INFORMACJA ALERGENNA<br \/>Mo\u017ce zawiera\u0107 bia\u0142ka mleka<\/p>\n<p>ZALECANE WARUNKI PRZECHOWYWANIA<br \/>Przechowywa\u0107 w suchym i ch\u0142odnym miejscu. <\/p>","protected":false},"excerpt":{"rendered":"<p>SK\u0141ADNIKI woda, skrobie (tapiokowa, ziemniaczana, kukurydziana), m\u0105ki (ry\u017cowa, kukurydziana), olej rzepakowy, dro\u017cd\u017ce, mak 2,0 %, syrop winogronowy, bia\u0142ko kurze (JAJA), substancja utrzymuj\u0105ca wilgo\u0107 (glicerol), b\u0142onnik ro\u015blinny (z babki jajowatej), s\u00f3l, substancje zag\u0119szczaj\u0105ce (hydroksypropylometyloceluloza, guma ksantanowa), cukier, aromat. OPIS Produkt pakowany w atmosferze ochronnej. Produkt do bezpo\u015bredniego spo\u017cycia. Mo\u017ce by\u0107 r\u00f3wnie\u017c odgrzewany w tosterze lub w [&hellip;]<\/p>","protected":false},"featured_media":12102,"comment_status":"closed","ping_status":"open","template":"","meta":{"_acf_changed":false},"product_brand":[],"product_cat":[1437,64],"product_tag":[],"class_list":{"0":"post-12101","1":"product","2":"type-product","3":"status-publish","4":"has-post-thumbnail","6":"product_cat-chleby-bulki","7":"product_cat-pieczywo","8":"pa_ean-matka-9034","9":"pa_gwarancja-przydatnosci-535","10":"pa_ilosc-w-opakowaniu-374","11":"pa_jednostka-podstawowa-szt","12":"pa_kod-cn-1905-90-80","13":"pa_masa-netto-411","14":"pa_objetosc-brutto-7641","15":"pa_producent-incola-bezglutenowe-pieczywo-i-wafle","16":"pa_producent-nazwa-adres-gfs-poland-sp-z-o-o-ul-komorowicka-110-43-300-bielsko-biala","17":"pa_tagi-bez-glutenu-deklaracja","18":"pa_tagi-bez-glutenu-w-skladnikach","19":"pa_tagi-wegetarianski","21":"first","22":"instock","23":"taxable","24":"shipping-taxable","25":"purchasable","26":"product-type-simple"},"acf":[],"_links":{"self":[{"href":"https:\/\/wiejskieprzysmaki.estima.site\/en\/wp-json\/wp\/v2\/product\/12101","targetHints":{"allow":["GET"]}}],"collection":[{"href":"https:\/\/wiejskieprzysmaki.estima.site\/en\/wp-json\/wp\/v2\/product"}],"about":[{"href":"https:\/\/wiejskieprzysmaki.estima.site\/en\/wp-json\/wp\/v2\/types\/product"}],"replies":[{"embeddable":true,"href":"https:\/\/wiejskieprzysmaki.estima.site\/en\/wp-json\/wp\/v2\/comments?post=12101"}],"wp:featuredmedia":[{"embeddable":true,"href":"https:\/\/wiejskieprzysmaki.estima.site\/en\/wp-json\/wp\/v2\/media\/12102"}],"wp:attachment":[{"href":"https:\/\/wiejskieprzysmaki.estima.site\/en\/wp-json\/wp\/v2\/media?parent=12101"}],"wp:term":[{"taxonomy":"product_brand","embeddable":true,"href":"https:\/\/wiejskieprzysmaki.estima.site\/en\/wp-json\/wp\/v2\/product_brand?post=12101"},{"taxonomy":"product_cat","embeddable":true,"href":"https:\/\/wiejskieprzysmaki.estima.site\/en\/wp-json\/wp\/v2\/product_cat?post=12101"},{"taxonomy":"product_tag","embeddable":true,"href":"https:\/\/wiejskieprzysmaki.estima.site\/en\/wp-json\/wp\/v2\/product_tag?post=12101"}],"curies":[{"name":"wp","href":"https:\/\/api.w.org\/{rel}","templated":true}]}}