{"id":12103,"date":"2025-02-18T12:43:25","date_gmt":"2025-02-18T11:43:25","guid":{"rendered":"https:\/\/wiejskieprzysmaki.estima.site\/produkt\/chleb-rustykalny-ciemny-bezglutenowy-235-g-incola\/"},"modified":"2025-04-17T12:14:42","modified_gmt":"2025-04-17T11:14:42","slug":"chleb-rustykalny-ciemny-bezglutenowy-235-g-incola","status":"publish","type":"product","link":"https:\/\/wiejskieprzysmaki.estima.site\/en\/product\/chleb-rustykalny-ciemny-bezglutenowy-235-g-incola\/","title":{"rendered":"CHLEB RUSTYKALNY CIEMNY BEZGLUTENOWY 235 g &#8211; INCOLA"},"content":{"rendered":"<p>SK\u0141ADNIKI <br \/>zakwas (skrobia kukurydziana, m\u0105ka jaglana, woda), woda, skrobie (tapiokowa, kukurydziana), t\u0142uszcze ro\u015blinne (olej rzepakowy, oliwa z oliwek, olej s\u0142onecznikowy), inulina, SERWATKA w proszku, dro\u017cd\u017ce, substancja zag\u0119szczaj\u0105ca (guma ksantanowa), s\u00f3l, substancja utrzymuj\u0105ca wilgo\u0107 (glicerol), emulgatory (lecytyna s\u0142onecznikowa, mono- i diglicerydy kwas\u00f3w t\u0142uszczowych), melasa trzcinowa, b\u0142onnik jab\u0142kowy, syrop glukozowy, cukier, \u0142uska gryki, substancja spulchniaj\u0105ca (wodorow\u0119glan sodu), aromat. <\/p>\n<p>OPIS <br \/>Wysoka zawarto\u015b\u0107 b\u0142onnika. <br \/>Produkt pakowany w atmosferze ochronnej. Produkt do bezpo\u015bredniego spo\u017cycia. Mo\u017ce by\u0107 r\u00f3wnie\u017c odgrzewany w tosterze lub piekarniku. <\/p>\n<p>WARTO\u015a\u0106 OD\u017bYWCZA W 100 g<br \/>Warto\u015b\u0107 energetyczna: 1139 kJ\/ 271 kcal<br \/>T\u0142uszcz: 9,2 g<br \/>w tym kwasy t\u0142uszczowe nasycone: 1,9 g<br \/>W\u0119glowodany: 41,4 g<br \/>w tym cukry: 5,0 g<br \/>B\u0142onnik: 6,6 g<br \/>Bia\u0142ko: 1,9 g<br \/>S\u00f3l: 1,75 g <\/p>\n<p>ZALECANE WARUNKI PRZECHOWYWANIA<br \/>Przechowywa\u0107 w suchym i ch\u0142odnym miejscu. <\/p>","protected":false},"excerpt":{"rendered":"<p>SK\u0141ADNIKI zakwas (skrobia kukurydziana, m\u0105ka jaglana, woda), woda, skrobie (tapiokowa, kukurydziana), t\u0142uszcze ro\u015blinne (olej rzepakowy, oliwa z oliwek, olej s\u0142onecznikowy), inulina, SERWATKA w proszku, dro\u017cd\u017ce, substancja zag\u0119szczaj\u0105ca (guma ksantanowa), s\u00f3l, substancja utrzymuj\u0105ca wilgo\u0107 (glicerol), emulgatory (lecytyna s\u0142onecznikowa, mono- i diglicerydy kwas\u00f3w t\u0142uszczowych), melasa trzcinowa, b\u0142onnik jab\u0142kowy, syrop glukozowy, cukier, \u0142uska gryki, substancja spulchniaj\u0105ca (wodorow\u0119glan sodu), [&hellip;]<\/p>","protected":false},"featured_media":12104,"comment_status":"closed","ping_status":"open","template":"","meta":{"_acf_changed":false},"product_brand":[],"product_cat":[1437,64],"product_tag":[],"class_list":{"0":"post-12103","1":"product","2":"type-product","3":"status-publish","4":"has-post-thumbnail","6":"product_cat-chleby-bulki","7":"product_cat-pieczywo","8":"pa_ean-matka-9036","9":"pa_gwarancja-przydatnosci-535","10":"pa_ilosc-w-opakowaniu-374","11":"pa_jednostka-podstawowa-szt","12":"pa_kod-cn-1905-90-80","13":"pa_masa-netto-5900","14":"pa_objetosc-brutto-9035","15":"pa_producent-incola-bezglutenowe-pieczywo-i-wafle","16":"pa_producent-nazwa-adres-gfs-poland-sp-z-o-o-ul-komorowicka-110-43-300-bielsko-biala","17":"pa_tagi-bez-glutenu-deklaracja","18":"pa_tagi-bez-glutenu-w-skladnikach","19":"pa_tagi-wegetarianski","21":"first","22":"instock","23":"taxable","24":"shipping-taxable","25":"purchasable","26":"product-type-simple"},"acf":[],"_links":{"self":[{"href":"https:\/\/wiejskieprzysmaki.estima.site\/en\/wp-json\/wp\/v2\/product\/12103","targetHints":{"allow":["GET"]}}],"collection":[{"href":"https:\/\/wiejskieprzysmaki.estima.site\/en\/wp-json\/wp\/v2\/product"}],"about":[{"href":"https:\/\/wiejskieprzysmaki.estima.site\/en\/wp-json\/wp\/v2\/types\/product"}],"replies":[{"embeddable":true,"href":"https:\/\/wiejskieprzysmaki.estima.site\/en\/wp-json\/wp\/v2\/comments?post=12103"}],"wp:featuredmedia":[{"embeddable":true,"href":"https:\/\/wiejskieprzysmaki.estima.site\/en\/wp-json\/wp\/v2\/media\/12104"}],"wp:attachment":[{"href":"https:\/\/wiejskieprzysmaki.estima.site\/en\/wp-json\/wp\/v2\/media?parent=12103"}],"wp:term":[{"taxonomy":"product_brand","embeddable":true,"href":"https:\/\/wiejskieprzysmaki.estima.site\/en\/wp-json\/wp\/v2\/product_brand?post=12103"},{"taxonomy":"product_cat","embeddable":true,"href":"https:\/\/wiejskieprzysmaki.estima.site\/en\/wp-json\/wp\/v2\/product_cat?post=12103"},{"taxonomy":"product_tag","embeddable":true,"href":"https:\/\/wiejskieprzysmaki.estima.site\/en\/wp-json\/wp\/v2\/product_tag?post=12103"}],"curies":[{"name":"wp","href":"https:\/\/api.w.org\/{rel}","templated":true}]}}