{"id":12107,"date":"2025-02-18T12:43:25","date_gmt":"2025-02-18T11:43:25","guid":{"rendered":"https:\/\/wiejskieprzysmaki.estima.site\/produkt\/rozdzki-smaku-mix-ananas-truskawka-liofilizowane-owoce-bio-10-x-2-g-20-g-helpa\/"},"modified":"2025-04-17T12:42:39","modified_gmt":"2025-04-17T11:42:39","slug":"rozdzki-smaku-mix-ananas-truskawka-liofilizowane-owoce-bio-10-x-2-g-20-g-helpa","status":"publish","type":"product","link":"https:\/\/wiejskieprzysmaki.estima.site\/en\/product\/rozdzki-smaku-mix-ananas-truskawka-liofilizowane-owoce-bio-10-x-2-g-20-g-helpa\/","title":{"rendered":"R\u00d3\u017bD\u017bKI SMAKU MIX ANANAS &#8211; TRUSKAWKA (LIOFILIZOWANE OWOCE) BIO (10 x 2 g) 20 g &#8211; HELPA"},"content":{"rendered":"<p>SK\u0141ADNIKI<br \/>Bio R\u00f3\u017cd\u017cka Smaku Ananas (sproszkowany ananas liofilizowany ekologiczny 100 %) 50 %, Bio R\u00f3\u017cd\u017cka Smaku Truskawka (sproszkowana truskawka liofilizowana ekologiczna 100 %) 50 %.<\/p>\n<p>OPIS<br \/>Odkryj Bio R\u00f3\u017cd\u017cki Smaku Ananas Truskawka &#8211; ekologiczne, owoce liofilizowane w postaci magicznego py\u0142u. Zapakowane s\u0105 w por\u0119czne 2-gramowe saszetki \u201ena raz\u201d, kt\u00f3re umo\u017cliwiaj\u0105 szybkie i \u0142atwe dodanie ulubionych smak\u00f3w do posi\u0142k\u00f3w. Ten wyj\u0105tkowy duet \u0142\u0105czy w sobie intensywn\u0105 s\u0142odycz ananasa i truskawek. Opakowanie zawiera pi\u0119\u0107 2-gramowych saszetek ka\u017cdego z owoc\u00f3w, co daje \u0142\u0105cznie 10 sztuk Bio R\u00f3\u017cd\u017cek Smaku, kt\u00f3re pozwalaj\u0105 na jeszcze wi\u0119ksz\u0105 kreatywno\u015b\u0107 w kuchni.<br \/>Dlaczego Bio R\u00f3\u017cd\u017cki Smaku s\u0105 wyj\u0105tkowe?<br \/>&#8211; Ulubione owoce: po\u0142\u0105czenie dw\u00f3ch znanych i lubianych owoc\u00f3w &#8211; ananasa i truskawek. \u015awietnie smakuj\u0105 pojedynczo, jak i wymieszane razem!<br \/>&#8211; Ekologiczna i wysoka jako\u015b\u0107 sk\u0142adnik\u00f3w: liofilizowane produkty zachowuj\u0105 wi\u0119kszo\u015b\u0107 warto\u015bci od\u017cywczych \u015bwie\u017cych owoc\u00f3w.<br \/>&#8211; Wygodne opakowanie: zestaw zawiera ma\u0142e saszetki ze sproszkowanymi owocami, kt\u00f3re s\u0105 idealne \u201cna raz\u201d. <br \/>&#8211; Szybkie urozmaicenie posi\u0142k\u00f3w: pasuj\u0105 do r\u00f3\u017cnych potraw i dodaj\u0105 im koloru, smaku i warto\u015bci od\u017cywczych. <br \/>&#8211; Naturalna posypka: to 100 % owoc\u00f3w w postaci py\u0142u &#8211; nie maj\u0105 dodatku cukru, stanowi\u0105 doskona\u0142\u0105 alternatyw\u0119 dla tradycyjnych s\u0142odkich posypek.<br \/>Odkryj rado\u015b\u0107 jedzenia z Bio R\u00f3\u017cd\u017ckami Smaku Ananas Truskawka. Taki duet to idealne rozwi\u0105zanie dla tych, kt\u00f3rzy maj\u0105 ju\u017c swoje ulubione smaki owocowych R\u00f3\u017cd\u017cek. To warto\u015bci od\u017cywcze, \u015bwietna zabawa i urozmaicenie w Twojej kuchni.<\/p>\n<p>WARTO\u015a\u0106 OD\u017bYWCZA TRUSKAWKA W 100 g<br \/>Warto\u015b\u0107 energetyczna: 1507 kJ\/356 kcal<br \/>T\u0142uszcz: 2,0 g<br \/>w tym kwasy t\u0142uszczowe nasycone: 1,1 g<br \/>W\u0119glowodany: 56 g<br \/>w tym cukry: 55 g<br \/>B\u0142onnik: 24 g<br \/>Bia\u0142ko: 8,2 g<br \/>S\u00f3l: &lt;0,01 g<\/p>\n<p>WARTO\u015a\u0106 OD\u017bYWCZA ANANAS W 100 g<br \/>Warto\u015b\u0107 energetyczna: 1357 kJ\/323 kcal<br \/>T\u0142uszcz: 0,7 g<br \/>w tym kwasy t\u0142uszczowe nasycone: 0,1 g<br \/>W\u0119glowodany: 79 g<br \/>w tym cukry: 68 g<br \/>B\u0142onnik: 9,2 g<br \/>Bia\u0142ko: 3,5 g<br \/>S\u00f3l: 0,1 g<\/p>\n<p>ZALECANE WARUNKI PRZECHOWYWANIA<br \/>Przechowywa\u0107 w suchym i ch\u0142odnym miejscu w szczelnie zamkni\u0119tym opakowaniu. <\/p>","protected":false},"excerpt":{"rendered":"<p>SK\u0141ADNIKIBio R\u00f3\u017cd\u017cka Smaku Ananas (sproszkowany ananas liofilizowany ekologiczny 100 %) 50 %, Bio R\u00f3\u017cd\u017cka Smaku Truskawka (sproszkowana truskawka liofilizowana ekologiczna 100 %) 50 %. OPISOdkryj Bio R\u00f3\u017cd\u017cki Smaku Ananas Truskawka &#8211; ekologiczne, owoce liofilizowane w postaci magicznego py\u0142u. Zapakowane s\u0105 w por\u0119czne 2-gramowe saszetki \u201ena raz\u201d, kt\u00f3re umo\u017cliwiaj\u0105 szybkie i \u0142atwe dodanie ulubionych smak\u00f3w do [&hellip;]<\/p>","protected":false},"featured_media":12108,"comment_status":"closed","ping_status":"open","template":"","meta":{"_acf_changed":false},"product_brand":[],"product_cat":[36],"product_tag":[],"class_list":{"0":"post-12107","1":"product","2":"type-product","3":"status-publish","4":"has-post-thumbnail","6":"product_cat-dodatki-do-wypiekow-i-deserow","7":"pa_ean-matka-9039","8":"pa_gwarancja-przydatnosci-320","9":"pa_ilosc-w-opakowaniu-392","10":"pa_jednostka-podstawowa-szt","11":"pa_kod-cn-0810-10-00","12":"pa_masa-netto-737","13":"pa_objetosc-brutto-6690","14":"pa_producent-helpa-kaszki","15":"pa_producent-nazwa-adres-helpa-spolka-z-ograniczona-odpowiedzialnoscia-spolka-komandytowa-zabia-40-05-504-henrykow-urocze","16":"pa_tagi-bez-cukru-w-skladnikach","17":"pa_tagi-bez-glutenu-w-skladnikach","18":"pa_tagi-certyfikat-bio","19":"pa_tagi-weganski","20":"pa_tagi-wegetarianski","22":"first","23":"instock","24":"taxable","25":"shipping-taxable","26":"purchasable","27":"product-type-simple"},"acf":[],"_links":{"self":[{"href":"https:\/\/wiejskieprzysmaki.estima.site\/en\/wp-json\/wp\/v2\/product\/12107","targetHints":{"allow":["GET"]}}],"collection":[{"href":"https:\/\/wiejskieprzysmaki.estima.site\/en\/wp-json\/wp\/v2\/product"}],"about":[{"href":"https:\/\/wiejskieprzysmaki.estima.site\/en\/wp-json\/wp\/v2\/types\/product"}],"replies":[{"embeddable":true,"href":"https:\/\/wiejskieprzysmaki.estima.site\/en\/wp-json\/wp\/v2\/comments?post=12107"}],"wp:featuredmedia":[{"embeddable":true,"href":"https:\/\/wiejskieprzysmaki.estima.site\/en\/wp-json\/wp\/v2\/media\/12108"}],"wp:attachment":[{"href":"https:\/\/wiejskieprzysmaki.estima.site\/en\/wp-json\/wp\/v2\/media?parent=12107"}],"wp:term":[{"taxonomy":"product_brand","embeddable":true,"href":"https:\/\/wiejskieprzysmaki.estima.site\/en\/wp-json\/wp\/v2\/product_brand?post=12107"},{"taxonomy":"product_cat","embeddable":true,"href":"https:\/\/wiejskieprzysmaki.estima.site\/en\/wp-json\/wp\/v2\/product_cat?post=12107"},{"taxonomy":"product_tag","embeddable":true,"href":"https:\/\/wiejskieprzysmaki.estima.site\/en\/wp-json\/wp\/v2\/product_tag?post=12107"}],"curies":[{"name":"wp","href":"https:\/\/api.w.org\/{rel}","templated":true}]}}