{"id":1211,"date":"2025-02-18T10:35:04","date_gmt":"2025-02-18T09:35:04","guid":{"rendered":"https:\/\/wiejskieprzysmaki.estima.site\/produkt\/herbatka-finest-selection-mix-herbatek-bio-6-x-3-torebki-342-g-yogi-tea\/"},"modified":"2025-02-18T10:35:17","modified_gmt":"2025-02-18T09:35:17","slug":"herbatka-finest-selection-mix-herbatek-bio-6-x-3-torebki-342-g-yogi-tea","status":"publish","type":"product","link":"https:\/\/wiejskieprzysmaki.estima.site\/en\/product\/herbatka-finest-selection-mix-herbatek-bio-6-x-3-torebki-342-g-yogi-tea\/","title":{"rendered":"HERBATKA FINEST SELECTION (MIX HERBATEK) BIO (6 x 3 TOREBKI) 34,2 g &#8211; YOGI TEA"},"content":{"rendered":"<p>SK\u0141ADNIKI<br \/>Classic: cynamon*, imbir*, kardamon*, go\u017adziki*, pieprz czarny*, olejek cynamonowy*. <br \/>Ginger Lemon: imbir*, lukrecja*, trawa cytrynowa*, pieprz czarny*, sk\u00f3rka cytrynowa*, mi\u0119ta pieprzowa*, olejek cytrynowy*, hibiskus*, suszony sok z cytryny*.<br \/>Women&#8217;s Balance: li\u015b\u0107 maliny*, lukrecja*, werbena cytrynowa*, cynamon*, melisa lekarska*, imbir*, tymianek*, kwiat lawendy*, oregano*, kardamon*, pieprz czarny*, go\u017adziki*.<br \/>Green Tea Matcha Lemon: herbata zielona* (Tencha*, Sencha*, Matcha*), limonka*, lukrecja*, trawa cytrynowa*, mi\u0119ta pieprzowa*, pieprz czarny*, suszony sok z cytryny*, guarana*, olejek cytrynowy*, werbena cytrynowa*, sk\u00f3rka cytrynowa*, imbir*.<br \/>Licorice: lukrecja*, cynamon*, sk\u00f3rka pomara\u0144czowa*, imbir*, kardamon*, pra\u017cona cykoria*, go\u017adziki*, olejek pomara\u0144czowy*, pieprz czarny*, ekstrakt waniliowy*.<br \/>Turmeric Chai: korze\u0144 kurkumy*, cynamon*, lukrecja*, imbir*, kardamon*, pieprz czarny*, jab\u0142ko*, koper w\u0142oski*, ga\u0142ka muszkato\u0142owa*, \u0142uski kakao*, go\u017adziki*. <br \/>(*certyfikowany sk\u0142adnik ekologiczny)<\/p>\n<p>OPIS<br \/>Wyborny zestaw YOGI TEA\u00ae &#8211; po 2 torebki ka\u017cdej&nbsp;z&nbsp;nast\u0119puj\u0105cych herbat:<br \/>\u00b7 Classic<br \/>\u00b7 Ginger Lemon<br \/>\u00b7 Women&#8217;s Balance<br \/>\u00b7 Green Tea Matcha Lemon<br \/>\u00b7 Licorice<br \/>\u00b7 Turmeric Chai<\/p>\n<p>SPOS\u00d3B PRZYGOTOWANIA<br \/>Zalej torebk\u0119 250 ml \u015bwie\u017co przegotowanej wody i pozostaw do zaparzenia na oko\u0142o 5-7 minut lub d\u0142u\u017cej &#8211; dla uzyskania g\u0142\u0119bszego aromatu.<\/p>\n<p>UWAGI<br \/>Zawiera lukrecj\u0119 &#8211; chorzy na nadci\u015bnienie powinni unika\u0107 nadmiernego spo\u017cycia.<\/p>\n<p>ZALECANE WARUNKI PRZECHOWYWANIA<br \/>Przechowywa\u0107 w suchym i ch\u0142odnym miejscu.<\/p>","protected":false},"excerpt":{"rendered":"<p>SK\u0141ADNIKIClassic: cynamon*, imbir*, kardamon*, go\u017adziki*, pieprz czarny*, olejek cynamonowy*. Ginger Lemon: imbir*, lukrecja*, trawa cytrynowa*, pieprz czarny*, sk\u00f3rka cytrynowa*, mi\u0119ta pieprzowa*, olejek cytrynowy*, hibiskus*, suszony sok z cytryny*.Women&#8217;s Balance: li\u015b\u0107 maliny*, lukrecja*, werbena cytrynowa*, cynamon*, melisa lekarska*, imbir*, tymianek*, kwiat lawendy*, oregano*, kardamon*, pieprz czarny*, go\u017adziki*.Green Tea Matcha Lemon: herbata zielona* (Tencha*, Sencha*, Matcha*), limonka*, [&hellip;]<\/p>","protected":false},"featured_media":1212,"comment_status":"closed","ping_status":"open","template":"","meta":{"_acf_changed":false},"product_brand":[],"product_cat":[282,1315],"product_tag":[],"class_list":{"0":"post-1211","1":"product","2":"type-product","3":"status-publish","4":"has-post-thumbnail","6":"product_cat-herbaty-i-ziola","7":"product_cat-zestawy-kalendarze","8":"pa_ean-matka-1314","9":"pa_gwarancja-przydatnosci-522","10":"pa_ilosc-w-opakowaniu-298","11":"pa_jednostka-podstawowa-szt","12":"pa_kod-cn-0910-99-99","13":"pa_masa-netto-1313","14":"pa_objetosc-brutto-1264","15":"pa_producent-yogi-tea-herbaty-i-herbatki","16":"pa_producent-nazwa-adres-yogi-tea-gmbh-burchardstrase-24-20095-hamburg","17":"pa_tagi-bez-cukru-w-skladnikach","18":"pa_tagi-certyfikat-bio","19":"pa_tagi-weganski","20":"pa_tagi-wegetarianski","22":"first","23":"instock","24":"taxable","25":"shipping-taxable","26":"purchasable","27":"product-type-simple"},"acf":[],"_links":{"self":[{"href":"https:\/\/wiejskieprzysmaki.estima.site\/en\/wp-json\/wp\/v2\/product\/1211","targetHints":{"allow":["GET"]}}],"collection":[{"href":"https:\/\/wiejskieprzysmaki.estima.site\/en\/wp-json\/wp\/v2\/product"}],"about":[{"href":"https:\/\/wiejskieprzysmaki.estima.site\/en\/wp-json\/wp\/v2\/types\/product"}],"replies":[{"embeddable":true,"href":"https:\/\/wiejskieprzysmaki.estima.site\/en\/wp-json\/wp\/v2\/comments?post=1211"}],"wp:featuredmedia":[{"embeddable":true,"href":"https:\/\/wiejskieprzysmaki.estima.site\/en\/wp-json\/wp\/v2\/media\/1212"}],"wp:attachment":[{"href":"https:\/\/wiejskieprzysmaki.estima.site\/en\/wp-json\/wp\/v2\/media?parent=1211"}],"wp:term":[{"taxonomy":"product_brand","embeddable":true,"href":"https:\/\/wiejskieprzysmaki.estima.site\/en\/wp-json\/wp\/v2\/product_brand?post=1211"},{"taxonomy":"product_cat","embeddable":true,"href":"https:\/\/wiejskieprzysmaki.estima.site\/en\/wp-json\/wp\/v2\/product_cat?post=1211"},{"taxonomy":"product_tag","embeddable":true,"href":"https:\/\/wiejskieprzysmaki.estima.site\/en\/wp-json\/wp\/v2\/product_tag?post=1211"}],"curies":[{"name":"wp","href":"https:\/\/api.w.org\/{rel}","templated":true}]}}