{"id":12111,"date":"2025-02-18T12:43:25","date_gmt":"2025-02-18T11:43:25","guid":{"rendered":"https:\/\/wiejskieprzysmaki.estima.site\/produkt\/lodeczki-jaglano-orkiszowe-z-kakao-bez-dodatku-cukrow-bio-260-g-helpa\/"},"modified":"2025-02-18T12:43:32","modified_gmt":"2025-02-18T11:43:32","slug":"lodeczki-jaglano-orkiszowe-z-kakao-bez-dodatku-cukrow-bio-260-g-helpa","status":"publish","type":"product","link":"https:\/\/wiejskieprzysmaki.estima.site\/en\/product\/lodeczki-jaglano-orkiszowe-z-kakao-bez-dodatku-cukrow-bio-260-g-helpa\/","title":{"rendered":"\u0141\u00d3DECZKI JAGLANO &#8211; ORKISZOWE Z KAKAO BEZ DODATKU CUKR\u00d3W BIO 260 g &#8211; HELPA"},"content":{"rendered":"<p>SK\u0141ADNIKI<br \/>kasza jaglana* 54 %, m\u0105ka z PSZENICY ORKISZ* 34 %, daktyle sproszkowane*, kakao* 5 %. (*certyfikowany sk\u0142adnik ekologiczny)<\/p>\n<p>OPIS<br \/>Bio \u0141\u00f3deczki Kakao od HELPA to ekologiczne p\u0142atki \u015bniadaniowe o prostym i naturalnym sk\u0142adzie. P\u0142atki swoj\u0105 naturaln\u0105 s\u0142odycz zawdzi\u0119czaj\u0105 daktylom, a dodatek kakao dodaje im delikatnego smaku. W HELPA stawiamy na prostot\u0119 sk\u0142adu i najwy\u017csz\u0105 jako\u015b\u0107 surowc\u00f3w &#8211; znajdziesz u nas tylko to, co warto\u015bciowe.<br \/>Co wyr\u00f3\u017cnia Bio \u0141\u00f3deczki Kakao?<br \/>-Wyj\u0105tkowo prosty sk\u0142ad: zbo\u017ca, daktyle i kakao &#8211; nic wi\u0119cej!<br \/>-Delikatna s\u0142odycz pochodz\u0105ca z daktyli.<br \/>-Wszechstronne zastosowanie: Idealne do MLEKA, jogurtu, musu owocowego a tak\u017ce jako samodzielna przek\u0105ska.<br \/>-Najwy\u017csza jako\u015b\u0107: Wszystkie surowce pochodz\u0105 z upraw ekologicznych. <\/p>\n<p>WARTO\u015a\u0106 OD\u017bYWCZA w 100 g <br \/>Warto\u015b\u0107 energetyczna: 1551 kJ\/367 kcal<br \/>T\u0142uszcz: 3,6 g<br \/>w tym kwasy t\u0142uszczowe nasycone: 0,9 g<br \/>W\u0119glowodany: 68 g<br \/>w tym cukry: 6,2 g<br \/>B\u0142onnik: 8,6 g<br \/>Bia\u0142ko: 12 g<br \/>S\u00f3l: &lt;0,01 g<\/p>\n<p>INFORMACJA ALERGENNA<br \/>Mo\u017ce zawiera\u0107 inne zbo\u017ca zawieraj\u0105ce gluten.<\/p>\n<p>ZALECANE WARUNKI PRZECHOWYWANIA<br \/>Przechowywa\u0107 w suchym i ch\u0142odnym miejscu, chroni\u0107 przed \u015bwiat\u0142em. <\/p>","protected":false},"excerpt":{"rendered":"<p>SK\u0141ADNIKIkasza jaglana* 54 %, m\u0105ka z PSZENICY ORKISZ* 34 %, daktyle sproszkowane*, kakao* 5 %. (*certyfikowany sk\u0142adnik ekologiczny) OPISBio \u0141\u00f3deczki Kakao od HELPA to ekologiczne p\u0142atki \u015bniadaniowe o prostym i naturalnym sk\u0142adzie. P\u0142atki swoj\u0105 naturaln\u0105 s\u0142odycz zawdzi\u0119czaj\u0105 daktylom, a dodatek kakao dodaje im delikatnego smaku. W HELPA stawiamy na prostot\u0119 sk\u0142adu i najwy\u017csz\u0105 jako\u015b\u0107 surowc\u00f3w [&hellip;]<\/p>","protected":false},"featured_media":12112,"comment_status":"closed","ping_status":"open","template":"","meta":{"_acf_changed":false},"product_brand":[],"product_cat":[941,265],"product_tag":[],"class_list":{"0":"post-12111","1":"product","2":"type-product","3":"status-publish","4":"has-post-thumbnail","6":"product_cat-kulki-poduszki-platki-na-slodko","7":"product_cat-sniadaniowe","8":"pa_ean-matka-9041","9":"pa_gwarancja-przydatnosci-311","10":"pa_ilosc-w-opakowaniu-331","11":"pa_jednostka-podstawowa-szt","12":"pa_kod-cn-1904-90-80","13":"pa_masa-netto-756","14":"pa_objetosc-brutto-7434","15":"pa_producent-helpa-kaszki","16":"pa_producent-nazwa-adres-helpa-spolka-z-ograniczona-odpowiedzialnoscia-spolka-komandytowa-zabia-40-05-504-henrykow-urocze","17":"pa_tagi-bez-cukru-w-skladnikach","18":"pa_tagi-certyfikat-bio","19":"pa_tagi-weganski","20":"pa_tagi-wegetarianski","22":"first","23":"instock","24":"taxable","25":"shipping-taxable","26":"purchasable","27":"product-type-simple"},"acf":[],"_links":{"self":[{"href":"https:\/\/wiejskieprzysmaki.estima.site\/en\/wp-json\/wp\/v2\/product\/12111","targetHints":{"allow":["GET"]}}],"collection":[{"href":"https:\/\/wiejskieprzysmaki.estima.site\/en\/wp-json\/wp\/v2\/product"}],"about":[{"href":"https:\/\/wiejskieprzysmaki.estima.site\/en\/wp-json\/wp\/v2\/types\/product"}],"replies":[{"embeddable":true,"href":"https:\/\/wiejskieprzysmaki.estima.site\/en\/wp-json\/wp\/v2\/comments?post=12111"}],"wp:featuredmedia":[{"embeddable":true,"href":"https:\/\/wiejskieprzysmaki.estima.site\/en\/wp-json\/wp\/v2\/media\/12112"}],"wp:attachment":[{"href":"https:\/\/wiejskieprzysmaki.estima.site\/en\/wp-json\/wp\/v2\/media?parent=12111"}],"wp:term":[{"taxonomy":"product_brand","embeddable":true,"href":"https:\/\/wiejskieprzysmaki.estima.site\/en\/wp-json\/wp\/v2\/product_brand?post=12111"},{"taxonomy":"product_cat","embeddable":true,"href":"https:\/\/wiejskieprzysmaki.estima.site\/en\/wp-json\/wp\/v2\/product_cat?post=12111"},{"taxonomy":"product_tag","embeddable":true,"href":"https:\/\/wiejskieprzysmaki.estima.site\/en\/wp-json\/wp\/v2\/product_tag?post=12111"}],"curies":[{"name":"wp","href":"https:\/\/api.w.org\/{rel}","templated":true}]}}