{"id":12121,"date":"2025-02-18T12:43:52","date_gmt":"2025-02-18T11:43:52","guid":{"rendered":"https:\/\/wiejskieprzysmaki.estima.site\/produkt\/shake-w-proszku-z-matcha-i-truskawkami-bezglutenowy-bio-30-g-amylon\/"},"modified":"2025-02-20T15:23:10","modified_gmt":"2025-02-20T14:23:10","slug":"shake-w-proszku-z-matcha-i-truskawkami-bezglutenowy-bio-30-g-amylon","status":"publish","type":"product","link":"https:\/\/wiejskieprzysmaki.estima.site\/en\/product\/shake-w-proszku-z-matcha-i-truskawkami-bezglutenowy-bio-30-g-amylon\/","title":{"rendered":"SHAKE W PROSZKU Z MATCH\u0104 I TRUSKAWKAMI BEZGLUTENOWY BIO 30 g &#8211; AMYLON"},"content":{"rendered":"<p>SK\u0141ADNIKI<br \/>syrop ry\u017cowy suszony*, SERWATKA suszona*, MLEKO odt\u0142uszczone suszone*, truskawki suszone* (4,1 %), zielona herbata Matcha mielona* (4 %), naturalny aromat, substancja zag\u0119szczaj\u0105ca: guma ksantanowa, substancja przeciwzbrylaj\u0105ca: winiany potasu. (*certyfikowany sk\u0142adnik ekologiczny)<\/p>\n<p>SPOS\u00d3B PRZYGOTOWANIA<br \/>Zawarto\u015b\u0107 torebki (30 g) wsypa\u0107 do shakera, zala\u0107 200 ml zimnej lub gor\u0105cej wody (60\u00b0C) i dobrze wymiesza\u0107. W przypadku przygotowania na zimno, zalecamy doda\u0107 kilka kostek lodu.<\/p>\n<p>WARTO\u015a\u0106 OD\u017bYWCZA w 100 g produktu sypkiego<br \/>Warto\u015b\u0107 energetyczna: 1487 kJ\/350 kcal<br \/>T\u0142uszcz: &lt;0,5 g<br \/>w tym kwasy t\u0142uszczowe nasycone: &lt;0,1 g<br \/>W\u0119glowodany: 82 g<br \/>w tym cukry: 27 g<br \/>Bia\u0142ko: 3,0 g<br \/>S\u00f3l: 0,47 g<\/p>\n<p>ZALECANE WARUNKI PRZECHOWYWANIA<br \/>Przechowywa\u0107 w suchym miejscu. Chroni\u0107 przed bezpo\u015brednim dzia\u0142aniem promieni s\u0142onecznych. <\/p>","protected":false},"excerpt":{"rendered":"<p>SK\u0141ADNIKIsyrop ry\u017cowy suszony*, SERWATKA suszona*, MLEKO odt\u0142uszczone suszone*, truskawki suszone* (4,1 %), zielona herbata Matcha mielona* (4 %), naturalny aromat, substancja zag\u0119szczaj\u0105ca: guma ksantanowa, substancja przeciwzbrylaj\u0105ca: winiany potasu. (*certyfikowany sk\u0142adnik ekologiczny) SPOS\u00d3B PRZYGOTOWANIAZawarto\u015b\u0107 torebki (30 g) wsypa\u0107 do shakera, zala\u0107 200 ml zimnej lub gor\u0105cej wody (60\u00b0C) i dobrze wymiesza\u0107. W przypadku przygotowania na zimno, [&hellip;]<\/p>","protected":false},"featured_media":12122,"comment_status":"closed","ping_status":"open","template":"","meta":{"_acf_changed":false},"product_brand":[],"product_cat":[897],"product_tag":[],"class_list":{"0":"post-12121","1":"product","2":"type-product","3":"status-publish","4":"has-post-thumbnail","6":"product_cat-kawa-i-kakao","7":"pa_ean-matka-9047","8":"pa_gwarancja-przydatnosci-311","9":"pa_ilosc-w-opakowaniu-392","10":"pa_jednostka-podstawowa-szt","11":"pa_kod-cn-2106-90-98","12":"pa_masa-netto-232","13":"pa_objetosc-brutto-1981","14":"pa_producent-amylon-budynie-galaretkikisielecukry-skrobie","15":"pa_producent-nazwa-adres-amylon-a-s","16":"pa_tagi-bez-glutenu-deklaracja","17":"pa_tagi-bez-glutenu-w-skladnikach","18":"pa_tagi-certyfikat-bio","19":"pa_tagi-wegetarianski","21":"first","22":"instock","23":"taxable","24":"shipping-taxable","25":"purchasable","26":"product-type-simple"},"acf":[],"_links":{"self":[{"href":"https:\/\/wiejskieprzysmaki.estima.site\/en\/wp-json\/wp\/v2\/product\/12121","targetHints":{"allow":["GET"]}}],"collection":[{"href":"https:\/\/wiejskieprzysmaki.estima.site\/en\/wp-json\/wp\/v2\/product"}],"about":[{"href":"https:\/\/wiejskieprzysmaki.estima.site\/en\/wp-json\/wp\/v2\/types\/product"}],"replies":[{"embeddable":true,"href":"https:\/\/wiejskieprzysmaki.estima.site\/en\/wp-json\/wp\/v2\/comments?post=12121"}],"wp:featuredmedia":[{"embeddable":true,"href":"https:\/\/wiejskieprzysmaki.estima.site\/en\/wp-json\/wp\/v2\/media\/12122"}],"wp:attachment":[{"href":"https:\/\/wiejskieprzysmaki.estima.site\/en\/wp-json\/wp\/v2\/media?parent=12121"}],"wp:term":[{"taxonomy":"product_brand","embeddable":true,"href":"https:\/\/wiejskieprzysmaki.estima.site\/en\/wp-json\/wp\/v2\/product_brand?post=12121"},{"taxonomy":"product_cat","embeddable":true,"href":"https:\/\/wiejskieprzysmaki.estima.site\/en\/wp-json\/wp\/v2\/product_cat?post=12121"},{"taxonomy":"product_tag","embeddable":true,"href":"https:\/\/wiejskieprzysmaki.estima.site\/en\/wp-json\/wp\/v2\/product_tag?post=12121"}],"curies":[{"name":"wp","href":"https:\/\/api.w.org\/{rel}","templated":true}]}}