{"id":12123,"date":"2025-02-18T12:43:52","date_gmt":"2025-02-18T11:43:52","guid":{"rendered":"https:\/\/wiejskieprzysmaki.estima.site\/produkt\/soda-oczyszczona-1-kg-amylon\/"},"modified":"2025-02-18T12:43:59","modified_gmt":"2025-02-18T11:43:59","slug":"soda-oczyszczona-1-kg-amylon","status":"publish","type":"product","link":"https:\/\/wiejskieprzysmaki.estima.site\/en\/product\/soda-oczyszczona-1-kg-amylon\/","title":{"rendered":"SODA OCZYSZCZONA 1 kg &#8211; AMYLON"},"content":{"rendered":"<p>SK\u0141ADNIKI<br \/>wodorow\u0119glan sodu.<\/p>\n<p>OPIS<br \/>W\u0119glany sodu E 500 do cel\u00f3w spo\u017cywczych.<br \/>Soda oczyszczona to zwyczajna nazwa nieorganicznego zwi\u0105zku chemicznego &#8211; wodorow\u0119glanu sodu. Substancja ta ma wiele zastosowa\u0144, zar\u00f3wno w przemy\u015ble spo\u017cywczym jak i w kosmetyce, piel\u0119gnacji sk\u00f3ry oraz w gospodarstwie domowym, jako \u015brodek s\u0142u\u017c\u0105cy do czyszczenia sprz\u0119t\u00f3w kuchennych oraz powierzchni u\u017cytkowych.<\/p>\n<p>ZALECANE WARUNKI PRZECHOWYWANIA<br \/>Przechowywa\u0107 w suchym miejscu.<\/p>","protected":false},"excerpt":{"rendered":"<p>SK\u0141ADNIKIwodorow\u0119glan sodu. OPISW\u0119glany sodu E 500 do cel\u00f3w spo\u017cywczych.Soda oczyszczona to zwyczajna nazwa nieorganicznego zwi\u0105zku chemicznego &#8211; wodorow\u0119glanu sodu. Substancja ta ma wiele zastosowa\u0144, zar\u00f3wno w przemy\u015ble spo\u017cywczym jak i w kosmetyce, piel\u0119gnacji sk\u00f3ry oraz w gospodarstwie domowym, jako \u015brodek s\u0142u\u017c\u0105cy do czyszczenia sprz\u0119t\u00f3w kuchennych oraz powierzchni u\u017cytkowych. ZALECANE WARUNKI PRZECHOWYWANIAPrzechowywa\u0107 w suchym miejscu.<\/p>","protected":false},"featured_media":12124,"comment_status":"closed","ping_status":"open","template":"","meta":{"_acf_changed":false},"product_brand":[],"product_cat":[36],"product_tag":[],"class_list":{"0":"post-12123","1":"product","2":"type-product","3":"status-publish","4":"has-post-thumbnail","6":"product_cat-dodatki-do-wypiekow-i-deserow","7":"pa_ean-matka-9049","8":"pa_gwarancja-przydatnosci-320","9":"pa_ilosc-w-opakowaniu-350","10":"pa_jednostka-podstawowa-szt","11":"pa_kod-cn-2836-30-00","12":"pa_masa-netto-209","13":"pa_objetosc-brutto-9048","14":"pa_producent-amylon-budynie-galaretkikisielecukry-skrobie","15":"pa_producent-nazwa-adres-amylon-a-s","16":"pa_tagi-bez-cukru-w-skladnikach","17":"pa_tagi-bez-glutenu-w-skladnikach","18":"pa_tagi-weganski","19":"pa_tagi-wegetarianski","21":"first","22":"instock","23":"taxable","24":"shipping-taxable","25":"purchasable","26":"product-type-simple"},"acf":[],"_links":{"self":[{"href":"https:\/\/wiejskieprzysmaki.estima.site\/en\/wp-json\/wp\/v2\/product\/12123","targetHints":{"allow":["GET"]}}],"collection":[{"href":"https:\/\/wiejskieprzysmaki.estima.site\/en\/wp-json\/wp\/v2\/product"}],"about":[{"href":"https:\/\/wiejskieprzysmaki.estima.site\/en\/wp-json\/wp\/v2\/types\/product"}],"replies":[{"embeddable":true,"href":"https:\/\/wiejskieprzysmaki.estima.site\/en\/wp-json\/wp\/v2\/comments?post=12123"}],"wp:featuredmedia":[{"embeddable":true,"href":"https:\/\/wiejskieprzysmaki.estima.site\/en\/wp-json\/wp\/v2\/media\/12124"}],"wp:attachment":[{"href":"https:\/\/wiejskieprzysmaki.estima.site\/en\/wp-json\/wp\/v2\/media?parent=12123"}],"wp:term":[{"taxonomy":"product_brand","embeddable":true,"href":"https:\/\/wiejskieprzysmaki.estima.site\/en\/wp-json\/wp\/v2\/product_brand?post=12123"},{"taxonomy":"product_cat","embeddable":true,"href":"https:\/\/wiejskieprzysmaki.estima.site\/en\/wp-json\/wp\/v2\/product_cat?post=12123"},{"taxonomy":"product_tag","embeddable":true,"href":"https:\/\/wiejskieprzysmaki.estima.site\/en\/wp-json\/wp\/v2\/product_tag?post=12123"}],"curies":[{"name":"wp","href":"https:\/\/api.w.org\/{rel}","templated":true}]}}