{"id":12125,"date":"2025-02-18T12:43:52","date_gmt":"2025-02-18T11:43:52","guid":{"rendered":"https:\/\/wiejskieprzysmaki.estima.site\/produkt\/baton-proteinowy-z-karmelem-i-orzechami-laskowymi-w-mlecznej-czekoladzie-bezglutenowy-55-g-maxsport\/"},"modified":"2025-02-18T12:44:03","modified_gmt":"2025-02-18T11:44:03","slug":"baton-proteinowy-z-karmelem-i-orzechami-laskowymi-w-mlecznej-czekoladzie-bezglutenowy-55-g-maxsport","status":"publish","type":"product","link":"https:\/\/wiejskieprzysmaki.estima.site\/en\/product\/baton-proteinowy-z-karmelem-i-orzechami-laskowymi-w-mlecznej-czekoladzie-bezglutenowy-55-g-maxsport\/","title":{"rendered":"BATON PROTEINOWY Z KARMELEM I ORZECHAMI LASKOWYMI W MLECZNEJ CZEKOLADZIE BEZGLUTENOWY 55 g &#8211; MAXSPORT"},"content":{"rendered":"<p>SK\u0141ADNIKI<br \/>mieszanka proteinowa 30,4 % (koncentrat bia\u0142ka MLEKA, hydrolizowany kolagen, izolat bia\u0142ka SOJOWEGO, koncentrat bia\u0142ka SERWATKOWEGO), substancja s\u0142odz\u0105ca: maltitol; czekolada mleczna 20 % (substancja s\u0142odz\u0105ca: maltitol, t\u0142uszcz kakaowy, MLEKO pe\u0142ne w proszku, miazga kakaowa, kakao w proszku o obni\u017conej zawarto\u015bci t\u0142uszczu, emulgator: lecytyny (ze s\u0142onecznika), krem karmelowy 10 % [fruktooligosacharydy, s\u0142odzone MLEKO zag\u0119szczone (MLEKO, cukier), t\u0142uszcz palmowy, substancja utrzymuj\u0105ca wilgo\u0107: glicerol; s\u00f3l], substancja utrzymuj\u0105ca wilgo\u0107: glicerol, pra\u017cone ORZECHY LASKOWE 3 %, olej rzepakowy, kakao w proszku, chrupki z bia\u0142ka SOJOWEGO (izolat bia\u0142ka SOJOWEGO 80 %, skrobia z tapioki, s\u00f3l), aromat, tlenek magnezu 0,3 %, emulgator: lecytyny (z SOI).&nbsp;<\/p>\n<p>OPIS<br \/>Bia\u0142ko jest kluczowym sk\u0142adnikiem dla os\u00f3b aktywnych fizycznie, poniewa\u017c pomaga w budowie i regeneracji mi\u0119\u015bni po treningu. Nasze batony proteinowe zawieraj\u0105 31 % bia\u0142ka, co sprawia, \u017ce s\u0105 idealn\u0105 przek\u0105sk\u0105 je\u015bli \u0107wiczysz lub biegasz oraz wszystkich, kt\u00f3rzy dbaj\u0105 o swoje cia\u0142o. <br \/>Kolejnym niezwykle cennym sk\u0142adnikiem zawartym w naszych batonach jest kolagen i magnez. Kolagen jest bia\u0142kiem strukturalnym wyst\u0119puj\u0105cym naturalnie w organizmie cz\u0142owieka, odpowiedzialnym m.in. za elastyczno\u015b\u0107 i j\u0119drno\u015b\u0107 sk\u00f3ry, zdrowie staw\u00f3w oraz utrzymanie w\u0142os\u00f3w i paznokci w dobrej kondycji. <br \/>Magnez przyczynia si\u0119 do zmniejszenia uczucia zm\u0119czenia i znu\u017cenia, pomaga w prawid\u0142owym funkcjonowaniu mi\u0119\u015bni oraz pomaga w prawid\u0142owej syntezie bia\u0142ka. <\/p>\n<p>WARTO\u015a\u0106 OD\u017bYWCZA w 100 g <br \/>Warto\u015b\u0107 energetyczna: 1548 kJ \/ 371 kcal<br \/>T\u0142uszcz: 15 g<br \/>w tym kwasy t\u0142uszczowe nasycone: 5,9 g<br \/>W\u0119glowodany: 42 g<br \/>w tym cukry: 2,6 g<br \/>w tym poliole: 24 g<br \/>B\u0142onnik: 6,6 g<br \/>Bia\u0142ko: 31 g<br \/>S\u00f3l: 0,2 g<br \/>Magnez 300 mg (80 %*). <br \/>* Dzienna referencyjna warto\u015b\u0107 spo\u017cycia magnezu (dla osoby doros\u0142ej).&nbsp;<\/p>\n<p>INFORMACJA ALERGENNA<br \/>Mo\u017ce zawiera\u0107 ORZESZKI ZIEMNE i inne orzechy<\/p>\n<p>ZALECANE WARUNKI PRZECHOWYWANIA<br \/>Przechowywa\u0107 w suchym, ch\u0142odnym miejscu, z dala od promieni s\u0142onecznych, w temperaturze do 25\u00b0C.&nbsp;<\/p>","protected":false},"excerpt":{"rendered":"<p>SK\u0141ADNIKImieszanka proteinowa 30,4 % (koncentrat bia\u0142ka MLEKA, hydrolizowany kolagen, izolat bia\u0142ka SOJOWEGO, koncentrat bia\u0142ka SERWATKOWEGO), substancja s\u0142odz\u0105ca: maltitol; czekolada mleczna 20 % (substancja s\u0142odz\u0105ca: maltitol, t\u0142uszcz kakaowy, MLEKO pe\u0142ne w proszku, miazga kakaowa, kakao w proszku o obni\u017conej zawarto\u015bci t\u0142uszczu, emulgator: lecytyny (ze s\u0142onecznika), krem karmelowy 10 % [fruktooligosacharydy, s\u0142odzone MLEKO zag\u0119szczone (MLEKO, cukier), t\u0142uszcz [&hellip;]<\/p>","protected":false},"featured_media":12126,"comment_status":"closed","ping_status":"open","template":"","meta":{"_acf_changed":false},"product_brand":[],"product_cat":[465,139],"product_tag":[],"class_list":{"0":"post-12125","1":"product","2":"type-product","3":"status-publish","4":"has-post-thumbnail","6":"product_cat-batony-wafelki-sezamki","7":"product_cat-slodycze-i-przekaski","8":"pa_ean-matka-9051","9":"pa_gwarancja-przydatnosci-311","10":"pa_ilosc-w-opakowaniu-454","11":"pa_jednostka-podstawowa-szt","12":"pa_kod-cn-1806-32-90","13":"pa_masa-netto-3767","14":"pa_objetosc-brutto-9050","15":"pa_producent-maxsport-batony-kremy-makarony","16":"pa_producent-nazwa-adres-bauli-slovakia-czech-republic-s-r-o-mlynske-luhy-76-a-821-05-bratislava","17":"pa_tagi-bez-glutenu-deklaracja","18":"pa_tagi-bez-glutenu-w-skladnikach","20":"first","21":"instock","22":"taxable","23":"shipping-taxable","24":"purchasable","25":"product-type-simple"},"acf":[],"_links":{"self":[{"href":"https:\/\/wiejskieprzysmaki.estima.site\/en\/wp-json\/wp\/v2\/product\/12125","targetHints":{"allow":["GET"]}}],"collection":[{"href":"https:\/\/wiejskieprzysmaki.estima.site\/en\/wp-json\/wp\/v2\/product"}],"about":[{"href":"https:\/\/wiejskieprzysmaki.estima.site\/en\/wp-json\/wp\/v2\/types\/product"}],"replies":[{"embeddable":true,"href":"https:\/\/wiejskieprzysmaki.estima.site\/en\/wp-json\/wp\/v2\/comments?post=12125"}],"wp:featuredmedia":[{"embeddable":true,"href":"https:\/\/wiejskieprzysmaki.estima.site\/en\/wp-json\/wp\/v2\/media\/12126"}],"wp:attachment":[{"href":"https:\/\/wiejskieprzysmaki.estima.site\/en\/wp-json\/wp\/v2\/media?parent=12125"}],"wp:term":[{"taxonomy":"product_brand","embeddable":true,"href":"https:\/\/wiejskieprzysmaki.estima.site\/en\/wp-json\/wp\/v2\/product_brand?post=12125"},{"taxonomy":"product_cat","embeddable":true,"href":"https:\/\/wiejskieprzysmaki.estima.site\/en\/wp-json\/wp\/v2\/product_cat?post=12125"},{"taxonomy":"product_tag","embeddable":true,"href":"https:\/\/wiejskieprzysmaki.estima.site\/en\/wp-json\/wp\/v2\/product_tag?post=12125"}],"curies":[{"name":"wp","href":"https:\/\/api.w.org\/{rel}","templated":true}]}}