{"id":1215,"date":"2025-02-18T10:35:04","date_gmt":"2025-02-18T09:35:04","guid":{"rendered":"https:\/\/wiejskieprzysmaki.estima.site\/produkt\/krem-kokosowy-bez-gumy-guar-bez-dodatku-cukrow-bio-400-ml-cocomi\/"},"modified":"2025-02-18T10:35:19","modified_gmt":"2025-02-18T09:35:19","slug":"krem-kokosowy-bez-gumy-guar-bez-dodatku-cukrow-bio-400-ml-cocomi","status":"publish","type":"product","link":"https:\/\/wiejskieprzysmaki.estima.site\/en\/product\/krem-kokosowy-bez-gumy-guar-bez-dodatku-cukrow-bio-400-ml-cocomi\/","title":{"rendered":"KREM KOKOSOWY BEZ GUMY GUAR BEZ DODATKU CUKR\u00d3W BIO 400 ml &#8211; COCOMI"},"content":{"rendered":"<p>SK\u0141ADNIKI  <br \/>ekstrakt z kokosa* (80 %), woda (*certyfikowany sk\u0142adnik ekologiczny)<\/p>\n<p>OPIS  <br \/>Produkt sterylizowany.<\/p>\n<p>SPOS\u00d3B PRZYGOTOWANIA  <br \/>Przed spo\u017cyciem wstrz\u0105sn\u0105\u0107.<\/p>\n<p>WARTO\u015a\u0106 OD\u017bYWCZA W 100 ml  <br \/>Warto\u015b\u0107 energetyczna: 855 kJ\/208 kcal  <br \/>T\u0142uszcz: 22 g  <br \/>w tym kwasy t\u0142uszczowe nasycone: 20 g  <br \/>W\u0119glowodany: 1,0 g  <br \/>w tym cukry: 0 g  <br \/>Bia\u0142ko: 1,4 g  <br \/>S\u00f3l: 0,075 g<\/p>\n<p>ZALECANE WARUNKI PRZECHOWYWANIA  <br \/>Po otwarciu przechowywa\u0107 w lod\u00f3wce i spo\u017cy\u0107 w ci\u0105gu 3 dni.<\/p>","protected":false},"excerpt":{"rendered":"<p>SK\u0141ADNIKI ekstrakt z kokosa* (80 %), woda (*certyfikowany sk\u0142adnik ekologiczny) OPIS Produkt sterylizowany. SPOS\u00d3B PRZYGOTOWANIA Przed spo\u017cyciem wstrz\u0105sn\u0105\u0107. WARTO\u015a\u0106 OD\u017bYWCZA W 100 ml Warto\u015b\u0107 energetyczna: 855 kJ\/208 kcal T\u0142uszcz: 22 g w tym kwasy t\u0142uszczowe nasycone: 20 g W\u0119glowodany: 1,0 g w tym cukry: 0 g Bia\u0142ko: 1,4 g S\u00f3l: 0,075 g ZALECANE WARUNKI PRZECHOWYWANIA [&hellip;]<\/p>","protected":false},"featured_media":1216,"comment_status":"closed","ping_status":"open","template":"","meta":{"_acf_changed":false},"product_brand":[],"product_cat":[134,1008],"product_tag":[],"class_list":{"0":"post-1215","1":"product","2":"type-product","3":"status-publish","4":"has-post-thumbnail","6":"product_cat-napoje","7":"product_cat-roslinne-alternatywy-mleka-i-smietany","8":"pa_ean-matka-1320","9":"pa_gwarancja-przydatnosci-311","10":"pa_ilosc-w-opakowaniu-298","11":"pa_jednostka-podstawowa-szt","12":"pa_kod-cn-2106-90-92","13":"pa_kraj-pochodzenia-skladnikow-sri-lanka","14":"pa_objetosc-brutto-1319","15":"pa_objetosc-netto-987","16":"pa_producent-cocomi-wody-kokosowe-oleje-kokosowe-smietanki","17":"pa_producent-nazwa-adres-renuka-agrifoods-plc-sri-jinaratana-road-69-2-colombo","18":"pa_tagi-bez-cukru-w-skladnikach","19":"pa_tagi-bez-glutenu-w-skladnikach","20":"pa_tagi-certyfikat-bio","21":"pa_tagi-weganski","22":"pa_tagi-wegetarianski","24":"first","25":"instock","26":"taxable","27":"shipping-taxable","28":"purchasable","29":"product-type-simple"},"acf":[],"_links":{"self":[{"href":"https:\/\/wiejskieprzysmaki.estima.site\/en\/wp-json\/wp\/v2\/product\/1215","targetHints":{"allow":["GET"]}}],"collection":[{"href":"https:\/\/wiejskieprzysmaki.estima.site\/en\/wp-json\/wp\/v2\/product"}],"about":[{"href":"https:\/\/wiejskieprzysmaki.estima.site\/en\/wp-json\/wp\/v2\/types\/product"}],"replies":[{"embeddable":true,"href":"https:\/\/wiejskieprzysmaki.estima.site\/en\/wp-json\/wp\/v2\/comments?post=1215"}],"wp:featuredmedia":[{"embeddable":true,"href":"https:\/\/wiejskieprzysmaki.estima.site\/en\/wp-json\/wp\/v2\/media\/1216"}],"wp:attachment":[{"href":"https:\/\/wiejskieprzysmaki.estima.site\/en\/wp-json\/wp\/v2\/media?parent=1215"}],"wp:term":[{"taxonomy":"product_brand","embeddable":true,"href":"https:\/\/wiejskieprzysmaki.estima.site\/en\/wp-json\/wp\/v2\/product_brand?post=1215"},{"taxonomy":"product_cat","embeddable":true,"href":"https:\/\/wiejskieprzysmaki.estima.site\/en\/wp-json\/wp\/v2\/product_cat?post=1215"},{"taxonomy":"product_tag","embeddable":true,"href":"https:\/\/wiejskieprzysmaki.estima.site\/en\/wp-json\/wp\/v2\/product_tag?post=1215"}],"curies":[{"name":"wp","href":"https:\/\/api.w.org\/{rel}","templated":true}]}}