{"id":1231,"date":"2025-02-18T10:35:21","date_gmt":"2025-02-18T09:35:21","guid":{"rendered":"https:\/\/wiejskieprzysmaki.estima.site\/produkt\/baton-z-mlecznej-czekolady-z-nadzieniem-karmelowym-bio-40-g-vivani\/"},"modified":"2025-02-18T10:35:26","modified_gmt":"2025-02-18T09:35:26","slug":"baton-z-mlecznej-czekolady-z-nadzieniem-karmelowym-bio-40-g-vivani","status":"publish","type":"product","link":"https:\/\/wiejskieprzysmaki.estima.site\/en\/product\/baton-z-mlecznej-czekolady-z-nadzieniem-karmelowym-bio-40-g-vivani\/","title":{"rendered":"BATON Z MLECZNEJ CZEKOLADY Z NADZIENIEM KARMELOWYM BIO 40 g &#8211; VIVANI"},"content":{"rendered":"<p>SK\u0141ADNIKI<br \/>surowy cukier trzcinowy*, t\u0142uszcz kakaowy*, krem karmelowy* 19 % (surowy cukier trzcinowy*, syrop glukozowy*, MAS\u0141O* (z MLEKA*), \u015aMIETANA* (z MLEKA*), s\u00f3l morska, syrop karmelowy*, ekstrakt z wanilii Bourbon*), MLEKO pe\u0142ne w proszku*, miazga kakaowa*, \u015aMIETANKA w proszku*, odt\u0142uszczone MLEKO w proszku*, emulgator: lecytyny (ze s\u0142onecznika*), ekstrakt z wanilii Bourbon* (*certyfikowany sk\u0142adnik ekologiczny)<\/p>\n<p>WARTO\u015a\u0106 OD\u017bYWCZA W 100 g<br \/>Warto\u015b\u0107 energetyczna: 2237 kJ\/ 534 kcal<br \/>T\u0142uszcz: 34 g<br \/>w tym kwasy t\u0142uszczowe nasycone: 21 g<br \/>W\u0119glowodany: 51 g<br \/>w tym cukry: 50 g<br \/>Bia\u0142ko: 6,0 g<br \/>S\u00f3l: 0,42 g<\/p>\n<p>INFORMACJA ALERGENNA<br \/>Mo\u017ce zawiera\u0107 ORZECHY i zbo\u017ca zawieraj\u0105ce gluten.<\/p>\n<p>ZALECANE WARUNKI PRZECHOWYWANIA<br \/>Przechowywa\u0107 w suchym i ch\u0142odnym miejscu.<\/p>","protected":false},"excerpt":{"rendered":"<p>SK\u0141ADNIKIsurowy cukier trzcinowy*, t\u0142uszcz kakaowy*, krem karmelowy* 19 % (surowy cukier trzcinowy*, syrop glukozowy*, MAS\u0141O* (z MLEKA*), \u015aMIETANA* (z MLEKA*), s\u00f3l morska, syrop karmelowy*, ekstrakt z wanilii Bourbon*), MLEKO pe\u0142ne w proszku*, miazga kakaowa*, \u015aMIETANKA w proszku*, odt\u0142uszczone MLEKO w proszku*, emulgator: lecytyny (ze s\u0142onecznika*), ekstrakt z wanilii Bourbon* (*certyfikowany sk\u0142adnik ekologiczny) WARTO\u015a\u0106 OD\u017bYWCZA W [&hellip;]<\/p>","protected":false},"featured_media":1232,"comment_status":"closed","ping_status":"open","template":"","meta":{"_acf_changed":false},"product_brand":[],"product_cat":[465,139],"product_tag":[],"class_list":{"0":"post-1231","1":"product","2":"type-product","3":"status-publish","4":"has-post-thumbnail","6":"product_cat-batony-wafelki-sezamki","7":"product_cat-slodycze-i-przekaski","8":"pa_ean-matka-1340","9":"pa_gwarancja-przydatnosci-311","10":"pa_ilosc-w-opakowaniu-406","11":"pa_jednostka-podstawowa-szt","12":"pa_kod-cn-1806-31-00","13":"pa_masa-netto-351","14":"pa_objetosc-brutto-1328","15":"pa_producent-vivani-czekolady-batony-kakao-instant","16":"pa_producent-nazwa-adres-ecofinia-gmbh-diebrocker-17-32051-herford","17":"pa_tagi-bez-glutenu-w-skladnikach","18":"pa_tagi-certyfikat-bio","19":"pa_tagi-wegetarianski","21":"first","22":"instock","23":"taxable","24":"shipping-taxable","25":"purchasable","26":"product-type-simple"},"acf":[],"_links":{"self":[{"href":"https:\/\/wiejskieprzysmaki.estima.site\/en\/wp-json\/wp\/v2\/product\/1231","targetHints":{"allow":["GET"]}}],"collection":[{"href":"https:\/\/wiejskieprzysmaki.estima.site\/en\/wp-json\/wp\/v2\/product"}],"about":[{"href":"https:\/\/wiejskieprzysmaki.estima.site\/en\/wp-json\/wp\/v2\/types\/product"}],"replies":[{"embeddable":true,"href":"https:\/\/wiejskieprzysmaki.estima.site\/en\/wp-json\/wp\/v2\/comments?post=1231"}],"wp:featuredmedia":[{"embeddable":true,"href":"https:\/\/wiejskieprzysmaki.estima.site\/en\/wp-json\/wp\/v2\/media\/1232"}],"wp:attachment":[{"href":"https:\/\/wiejskieprzysmaki.estima.site\/en\/wp-json\/wp\/v2\/media?parent=1231"}],"wp:term":[{"taxonomy":"product_brand","embeddable":true,"href":"https:\/\/wiejskieprzysmaki.estima.site\/en\/wp-json\/wp\/v2\/product_brand?post=1231"},{"taxonomy":"product_cat","embeddable":true,"href":"https:\/\/wiejskieprzysmaki.estima.site\/en\/wp-json\/wp\/v2\/product_cat?post=1231"},{"taxonomy":"product_tag","embeddable":true,"href":"https:\/\/wiejskieprzysmaki.estima.site\/en\/wp-json\/wp\/v2\/product_tag?post=1231"}],"curies":[{"name":"wp","href":"https:\/\/api.w.org\/{rel}","templated":true}]}}