{"id":1235,"date":"2025-02-18T10:35:21","date_gmt":"2025-02-18T09:35:21","guid":{"rendered":"https:\/\/wiejskieprzysmaki.estima.site\/produkt\/baton-z-gorzkiej-czekolady-z-crunchy-wisniowym-bio-35-g-vivani\/"},"modified":"2025-02-18T10:35:27","modified_gmt":"2025-02-18T09:35:27","slug":"baton-z-gorzkiej-czekolady-z-crunchy-wisniowym-bio-35-g-vivani","status":"publish","type":"product","link":"https:\/\/wiejskieprzysmaki.estima.site\/en\/product\/baton-z-gorzkiej-czekolady-z-crunchy-wisniowym-bio-35-g-vivani\/","title":{"rendered":"BATON Z GORZKIEJ CZEKOLADY Z CRUNCHY WI\u015aNIOWYM BIO 35 g &#8211; VIVANI"},"content":{"rendered":"<p>SK\u0141ADNIKI<br \/>miazga kakaowa*, cukier trzcinowy nierafinowany*, t\u0142uszcz kakaowy*, chrupki wi\u015bniowe* 3,5 % (przecier wi\u015bniowy*, koncentrat przecieru jab\u0142kowego*, koncentrat soku wi\u015bniowego*, koncentrat soku cytrynowego*). (*certyfikowany sk\u0142adnik ekologiczny)<\/p>\n<p>WARTO\u015a\u0106 OD\u017bYWCZA W 100 g<br \/>Warto\u015b\u0107 energetyczna: 2415 kJ\/582 kcal<br \/>T\u0142uszcz: 42,4 g<br \/>w tym kwasy t\u0142uszczowe nasycone: 27,7 g<br \/>W\u0119glowodany: 41,4 g<br \/>w tym cukry: 37,7 g<br \/>Bia\u0142ko: 4,9 g<br \/>S\u00f3l: 0,01 g<\/p>\n<p>ZALECANE WARUNKI PRZECHOWYWANIA<br \/>Przechowywa\u0107 w temperaturze 15 &#8211; 18\u2103.<\/p>","protected":false},"excerpt":{"rendered":"<p>SK\u0141ADNIKImiazga kakaowa*, cukier trzcinowy nierafinowany*, t\u0142uszcz kakaowy*, chrupki wi\u015bniowe* 3,5 % (przecier wi\u015bniowy*, koncentrat przecieru jab\u0142kowego*, koncentrat soku wi\u015bniowego*, koncentrat soku cytrynowego*). (*certyfikowany sk\u0142adnik ekologiczny) WARTO\u015a\u0106 OD\u017bYWCZA W 100 gWarto\u015b\u0107 energetyczna: 2415 kJ\/582 kcalT\u0142uszcz: 42,4 gw tym kwasy t\u0142uszczowe nasycone: 27,7 gW\u0119glowodany: 41,4 gw tym cukry: 37,7 gBia\u0142ko: 4,9 gS\u00f3l: 0,01 g ZALECANE WARUNKI PRZECHOWYWANIAPrzechowywa\u0107 [&hellip;]<\/p>","protected":false},"featured_media":1236,"comment_status":"closed","ping_status":"open","template":"","meta":{"_acf_changed":false},"product_brand":[],"product_cat":[465,139],"product_tag":[],"class_list":{"0":"post-1235","1":"product","2":"type-product","3":"status-publish","4":"has-post-thumbnail","6":"product_cat-batony-wafelki-sezamki","7":"product_cat-slodycze-i-przekaski","8":"pa_ean-matka-1345","9":"pa_gwarancja-przydatnosci-762","10":"pa_ilosc-w-opakowaniu-406","11":"pa_jednostka-podstawowa-szt","12":"pa_kod-cn-1806-31-00","13":"pa_masa-netto-1313","14":"pa_objetosc-brutto-1321","15":"pa_producent-vivani-czekolady-batony-kakao-instant","16":"pa_producent-nazwa-adres-ecofinia-gmbh-diebrocker-17-32051-herford","17":"pa_tagi-bez-glutenu-w-skladnikach","18":"pa_tagi-certyfikat-bio","19":"pa_tagi-weganski","20":"pa_tagi-wegetarianski","22":"first","23":"instock","24":"taxable","25":"shipping-taxable","26":"purchasable","27":"product-type-simple"},"acf":[],"_links":{"self":[{"href":"https:\/\/wiejskieprzysmaki.estima.site\/en\/wp-json\/wp\/v2\/product\/1235","targetHints":{"allow":["GET"]}}],"collection":[{"href":"https:\/\/wiejskieprzysmaki.estima.site\/en\/wp-json\/wp\/v2\/product"}],"about":[{"href":"https:\/\/wiejskieprzysmaki.estima.site\/en\/wp-json\/wp\/v2\/types\/product"}],"replies":[{"embeddable":true,"href":"https:\/\/wiejskieprzysmaki.estima.site\/en\/wp-json\/wp\/v2\/comments?post=1235"}],"wp:featuredmedia":[{"embeddable":true,"href":"https:\/\/wiejskieprzysmaki.estima.site\/en\/wp-json\/wp\/v2\/media\/1236"}],"wp:attachment":[{"href":"https:\/\/wiejskieprzysmaki.estima.site\/en\/wp-json\/wp\/v2\/media?parent=1235"}],"wp:term":[{"taxonomy":"product_brand","embeddable":true,"href":"https:\/\/wiejskieprzysmaki.estima.site\/en\/wp-json\/wp\/v2\/product_brand?post=1235"},{"taxonomy":"product_cat","embeddable":true,"href":"https:\/\/wiejskieprzysmaki.estima.site\/en\/wp-json\/wp\/v2\/product_cat?post=1235"},{"taxonomy":"product_tag","embeddable":true,"href":"https:\/\/wiejskieprzysmaki.estima.site\/en\/wp-json\/wp\/v2\/product_tag?post=1235"}],"curies":[{"name":"wp","href":"https:\/\/api.w.org\/{rel}","templated":true}]}}