{"id":1239,"date":"2025-02-18T10:35:21","date_gmt":"2025-02-18T09:35:21","guid":{"rendered":"https:\/\/wiejskieprzysmaki.estima.site\/produkt\/czekolada-biala-z-wiorkami-kokosowymi-bio-100-g-rapunzel\/"},"modified":"2025-02-18T10:35:30","modified_gmt":"2025-02-18T09:35:30","slug":"czekolada-biala-z-wiorkami-kokosowymi-bio-100-g-rapunzel","status":"publish","type":"product","link":"https:\/\/wiejskieprzysmaki.estima.site\/en\/product\/czekolada-biala-z-wiorkami-kokosowymi-bio-100-g-rapunzel\/","title":{"rendered":"CZEKOLADA BIA\u0141A Z WI\u00d3RKAMI KOKOSOWYMI BIO 100 g &#8211; RAPUNZEL"},"content":{"rendered":"<p>SK\u0141ADNIKI<br \/>cukier trzcinowy Cristallino*, t\u0142uszcz kakaowy*, MLEKO pe\u0142ne w proszku* (25 %), wi\u00f3rki kokosowe* (9 %), emulgator: lecytyny (z SOI*), wanilia bourbon*. (*certyfikowany sk\u0142adnik ekologiczny)<\/p>\n<p>OPIS<br \/>Jest to po\u0142\u0105czenie idealne, kt\u00f3re zawsze poprawi humor! Jedzenie czekolady sprzyja wytwarzaniu endorfin, dlatego poprawa humoru jest udowodniona naukowo! <\/p>\n<p>WARTO\u015a\u0106 OD\u017bYWCZA W 100 g<br \/>Warto\u015b\u0107 energetyczna &#8211; 2441 kJ\/586 kcal<br \/>T\u0142uszcz &#8211; 41 g<br \/>w tym kwasy t\u0142uszczowe nasycone &#8211; 21 g<br \/>W\u0119glowodany &#8211; 47 g<br \/>w tym cukry &#8211; 47 g<br \/>B\u0142onnik &#8211; 0,1 g<br \/>Bia\u0142ko &#8211; 8,0 g<br \/>S\u00f3l &#8211; 0,12 g<\/p>\n<p>INFORMACJA ALERGENNA<br \/>Produkt mo\u017ce zawiera\u0107 ORZESZKI ZIEMNE i inne ORZECHY<\/p>\n<p>ZALECANE WARUNKI PRZECHOWYWANIA <br \/>Przechowywa\u0107 w suchym i ch\u0142odnym miejscu<\/p>","protected":false},"excerpt":{"rendered":"<p>SK\u0141ADNIKIcukier trzcinowy Cristallino*, t\u0142uszcz kakaowy*, MLEKO pe\u0142ne w proszku* (25 %), wi\u00f3rki kokosowe* (9 %), emulgator: lecytyny (z SOI*), wanilia bourbon*. (*certyfikowany sk\u0142adnik ekologiczny) OPISJest to po\u0142\u0105czenie idealne, kt\u00f3re zawsze poprawi humor! Jedzenie czekolady sprzyja wytwarzaniu endorfin, dlatego poprawa humoru jest udowodniona naukowo! WARTO\u015a\u0106 OD\u017bYWCZA W 100 gWarto\u015b\u0107 energetyczna &#8211; 2441 kJ\/586 kcalT\u0142uszcz &#8211; 41 [&hellip;]<\/p>","protected":false},"featured_media":1240,"comment_status":"closed","ping_status":"open","template":"","meta":{"_acf_changed":false},"product_brand":[],"product_cat":[1187,139],"product_tag":[],"class_list":{"0":"post-1239","1":"product","2":"type-product","3":"status-publish","4":"has-post-thumbnail","6":"product_cat-czekolady-i-czekoladki","7":"product_cat-slodycze-i-przekaski","8":"pa_ean-matka-1348","9":"pa_gwarancja-przydatnosci-324","10":"pa_ilosc-w-opakowaniu-374","11":"pa_jednostka-podstawowa-szt","12":"pa_kod-cn-1704-90-30","13":"pa_kraj-pochodzenia-skladnikow-turcja","14":"pa_masa-netto-242","15":"pa_objetosc-brutto-1209","16":"pa_producent-rapunzel-kremy-orzechowe-ketchupy-czekolady","17":"pa_producent-nazwa-adres-rapunzel-naturkost-gmbh-rapunzelstrabe-1-d-87764-legau","18":"pa_tagi-bez-glutenu-w-skladnikach","19":"pa_tagi-certyfikat-bio","20":"pa_tagi-wegetarianski","22":"first","23":"instock","24":"taxable","25":"shipping-taxable","26":"purchasable","27":"product-type-simple"},"acf":[],"_links":{"self":[{"href":"https:\/\/wiejskieprzysmaki.estima.site\/en\/wp-json\/wp\/v2\/product\/1239","targetHints":{"allow":["GET"]}}],"collection":[{"href":"https:\/\/wiejskieprzysmaki.estima.site\/en\/wp-json\/wp\/v2\/product"}],"about":[{"href":"https:\/\/wiejskieprzysmaki.estima.site\/en\/wp-json\/wp\/v2\/types\/product"}],"replies":[{"embeddable":true,"href":"https:\/\/wiejskieprzysmaki.estima.site\/en\/wp-json\/wp\/v2\/comments?post=1239"}],"wp:featuredmedia":[{"embeddable":true,"href":"https:\/\/wiejskieprzysmaki.estima.site\/en\/wp-json\/wp\/v2\/media\/1240"}],"wp:attachment":[{"href":"https:\/\/wiejskieprzysmaki.estima.site\/en\/wp-json\/wp\/v2\/media?parent=1239"}],"wp:term":[{"taxonomy":"product_brand","embeddable":true,"href":"https:\/\/wiejskieprzysmaki.estima.site\/en\/wp-json\/wp\/v2\/product_brand?post=1239"},{"taxonomy":"product_cat","embeddable":true,"href":"https:\/\/wiejskieprzysmaki.estima.site\/en\/wp-json\/wp\/v2\/product_cat?post=1239"},{"taxonomy":"product_tag","embeddable":true,"href":"https:\/\/wiejskieprzysmaki.estima.site\/en\/wp-json\/wp\/v2\/product_tag?post=1239"}],"curies":[{"name":"wp","href":"https:\/\/api.w.org\/{rel}","templated":true}]}}