{"id":1243,"date":"2025-02-18T10:35:21","date_gmt":"2025-02-18T09:35:21","guid":{"rendered":"https:\/\/wiejskieprzysmaki.estima.site\/produkt\/gazpacho-hiszpanska-zupa-warzywna-bio-1-l-biosabor\/"},"modified":"2025-02-18T10:35:32","modified_gmt":"2025-02-18T09:35:32","slug":"gazpacho-hiszpanska-zupa-warzywna-bio-1-l-biosabor","status":"publish","type":"product","link":"https:\/\/wiejskieprzysmaki.estima.site\/en\/product\/gazpacho-hiszpanska-zupa-warzywna-bio-1-l-biosabor\/","title":{"rendered":"GAZPACHO (HISZPA\u0143SKA ZUPA WARZYWNA) BIO 1 L &#8211; BIOSABOR"},"content":{"rendered":"<p>SK\u0141ADNIKI<br \/>pomidory*, papryka*, woda, og\u00f3rek*, oliwa z oliwek extra virgin* (3,7 %), chleb* (m\u0105ka PSZENNA*, woda, s\u00f3l, dro\u017cd\u017ce), cebula*, ocet winny*, s\u00f3l, czosnek*. (* certyfikowany sk\u0142adnik ekologiczny).  <br \/>Zawarto\u015b\u0107 warzyw: 88 %.<\/p>\n<p>OPIS<br \/>Zupa podawana na zimno pochodz\u0105ca z Andaluzji (Hiszpania). Produkt pasteryzowany. Pakowano w atmosferze ochronnej. Przed spo\u017cyciem wstrz\u0105sn\u0105\u0107.<\/p>\n<p>WARTO\u015a\u0106 OD\u017bYWCZA W 100 ml  <br \/>Warto\u015b\u0107 energetyczna: 235 kJ\/57 kcal  <br \/>T\u0142uszcz: 3,9 g  <br \/>w tym kwasy t\u0142uszczowe nasycone: 0,7 g  <br \/>W\u0119glowodany: 3,9 g  <br \/>w tym cukry: 2,8 g  <br \/>B\u0142onnik 1,1 g  <br \/>Bia\u0142ko: 0,8 g  <br \/>S\u00f3l: 0,82 g  <br \/>Potas: 155 mg (7,8 %)**<br \/>** dzienna referencyjna warto\u015b\u0107 spo\u017cycia potasu (dla osoby doros\u0142ej)<\/p>\n<p>ZALECANE WARUNKI PRZECHOWYWANIA  <br \/>Przechowywa\u0107 w ch\u0142odnym miejscu. Po otwarciu przechowywa\u0107 w lod\u00f3wce i spo\u017cy\u0107 w ci\u0105gu 5 dni.<\/p>","protected":false},"excerpt":{"rendered":"<p>SK\u0141ADNIKIpomidory*, papryka*, woda, og\u00f3rek*, oliwa z oliwek extra virgin* (3,7 %), chleb* (m\u0105ka PSZENNA*, woda, s\u00f3l, dro\u017cd\u017ce), cebula*, ocet winny*, s\u00f3l, czosnek*. (* certyfikowany sk\u0142adnik ekologiczny). Zawarto\u015b\u0107 warzyw: 88 %. OPISZupa podawana na zimno pochodz\u0105ca z Andaluzji (Hiszpania). Produkt pasteryzowany. Pakowano w atmosferze ochronnej. Przed spo\u017cyciem wstrz\u0105sn\u0105\u0107. WARTO\u015a\u0106 OD\u017bYWCZA W 100 ml Warto\u015b\u0107 energetyczna: 235 [&hellip;]<\/p>","protected":false},"featured_media":1244,"comment_status":"closed","ping_status":"open","template":"","meta":{"_acf_changed":false},"product_brand":[],"product_cat":[1139],"product_tag":[],"class_list":{"0":"post-1243","1":"product","2":"type-product","3":"status-publish","4":"has-post-thumbnail","6":"product_cat-dania-gotowe","7":"pa_ean-matka-1353","8":"pa_gwarancja-przydatnosci-320","9":"pa_ilosc-w-opakowaniu-350","10":"pa_jednostka-podstawowa-szt","11":"pa_kod-cn-2104-10-00","12":"pa_kraj-pochodzenia-skladnikow-hiszpania","13":"pa_objetosc-brutto-1351","14":"pa_objetosc-netto-858","15":"pa_producent-biosabor-soki-przetwory","16":"pa_producent-nazwa-adres-bio-sabor-nature-s-l-ctra-a-san-jose-km-2-04-117-san-isidro-nijar","17":"pa_tagi-bez-cukru-w-skladnikach","18":"pa_tagi-certyfikat-bio","19":"pa_tagi-weganski","20":"pa_tagi-wegetarianski","22":"first","23":"instock","24":"taxable","25":"shipping-taxable","26":"purchasable","27":"product-type-simple"},"acf":[],"_links":{"self":[{"href":"https:\/\/wiejskieprzysmaki.estima.site\/en\/wp-json\/wp\/v2\/product\/1243","targetHints":{"allow":["GET"]}}],"collection":[{"href":"https:\/\/wiejskieprzysmaki.estima.site\/en\/wp-json\/wp\/v2\/product"}],"about":[{"href":"https:\/\/wiejskieprzysmaki.estima.site\/en\/wp-json\/wp\/v2\/types\/product"}],"replies":[{"embeddable":true,"href":"https:\/\/wiejskieprzysmaki.estima.site\/en\/wp-json\/wp\/v2\/comments?post=1243"}],"wp:featuredmedia":[{"embeddable":true,"href":"https:\/\/wiejskieprzysmaki.estima.site\/en\/wp-json\/wp\/v2\/media\/1244"}],"wp:attachment":[{"href":"https:\/\/wiejskieprzysmaki.estima.site\/en\/wp-json\/wp\/v2\/media?parent=1243"}],"wp:term":[{"taxonomy":"product_brand","embeddable":true,"href":"https:\/\/wiejskieprzysmaki.estima.site\/en\/wp-json\/wp\/v2\/product_brand?post=1243"},{"taxonomy":"product_cat","embeddable":true,"href":"https:\/\/wiejskieprzysmaki.estima.site\/en\/wp-json\/wp\/v2\/product_cat?post=1243"},{"taxonomy":"product_tag","embeddable":true,"href":"https:\/\/wiejskieprzysmaki.estima.site\/en\/wp-json\/wp\/v2\/product_tag?post=1243"}],"curies":[{"name":"wp","href":"https:\/\/api.w.org\/{rel}","templated":true}]}}