{"id":1249,"date":"2025-02-18T10:35:21","date_gmt":"2025-02-18T09:35:21","guid":{"rendered":"https:\/\/wiejskieprzysmaki.estima.site\/produkt\/sok-z-granatu-nfc-bio-250-ml-yan\/"},"modified":"2025-02-18T10:35:34","modified_gmt":"2025-02-18T09:35:34","slug":"sok-z-granatu-nfc-bio-250-ml-yan","status":"publish","type":"product","link":"https:\/\/wiejskieprzysmaki.estima.site\/en\/product\/sok-z-granatu-nfc-bio-250-ml-yan\/","title":{"rendered":"SOK Z GRANATU NFC BIO 250 ml &#8211; YAN"},"content":{"rendered":"<p>SK\u0141ADNIKI <br \/>bezpo\u015bredni sok z granatu* 100 % (* certyfikowany sk\u0142adnik ekologiczny)<\/p>\n<p>OPIS <br \/>Sok bezpo\u015brednio t\u0142oczony NFC (nie z koncentratu) z owoc\u00f3w granatu. Zawiera naturalnie wyst\u0119puj\u0105ce cukry.<\/p>\n<p>WARTO\u015a\u0106 OD\u017bYWCZA W 100 ml<br \/>Wartosc energetyczna: 251 kJ\/60 kcal<br \/>T\u0142uszcz: 0 g<br \/>w tym kwasy t\u0142uszczowe nasycone: 0 g<br \/>Weglowodany: 15 g<br \/>w tym cukry: 13 g<br \/>B\u0142onnik: 2,5 g<br \/>Bia\u0142ko: 0 g <br \/>S\u00f3l: 0,02 g<br \/>Potas: 170 mg (8,5 %)**<br \/>** dzienna referencyjna warto\u015b\u0107 spo\u017cycia potasu (dla osoby doros\u0142ej)<\/p>\n<p>ZALECANE WARUNKI PRZECHOWYWANIA <br \/>Po otwarciu przechowywa\u0107 w temperaturze od 2\u00b0C do 6\u00b0C i spo\u017cy\u0107 w ci\u0105gu 7 dni.<\/p>","protected":false},"excerpt":{"rendered":"<p>SK\u0141ADNIKI bezpo\u015bredni sok z granatu* 100 % (* certyfikowany sk\u0142adnik ekologiczny) OPIS Sok bezpo\u015brednio t\u0142oczony NFC (nie z koncentratu) z owoc\u00f3w granatu. Zawiera naturalnie wyst\u0119puj\u0105ce cukry. WARTO\u015a\u0106 OD\u017bYWCZA W 100 mlWartosc energetyczna: 251 kJ\/60 kcalT\u0142uszcz: 0 gw tym kwasy t\u0142uszczowe nasycone: 0 gWeglowodany: 15 gw tym cukry: 13 gB\u0142onnik: 2,5 gBia\u0142ko: 0 g S\u00f3l: 0,02 [&hellip;]<\/p>","protected":false},"featured_media":1250,"comment_status":"closed","ping_status":"open","template":"","meta":{"_acf_changed":false},"product_brand":[],"product_cat":[134,410],"product_tag":[],"class_list":{"0":"post-1249","1":"product","2":"type-product","3":"status-publish","4":"has-post-thumbnail","6":"product_cat-napoje","7":"product_cat-soki-owocowe-soki-owocowe-z-dodatkami","8":"pa_ean-matka-1364","9":"pa_gwarancja-przydatnosci-324","10":"pa_ilosc-w-opakowaniu-454","11":"pa_jednostka-podstawowa-szt","12":"pa_kod-cn-2009-89-99","13":"pa_kraj-pochodzenia-skladnikow-armenia","14":"pa_objetosc-brutto-1071","15":"pa_objetosc-netto-359","16":"pa_producent-yan-soki","17":"pa_producent-nazwa-adres-sis-natural-cjsc-province-of-aragatsotni-207-village-aghsk","18":"pa_tagi-bez-cukru-w-skladnikach","19":"pa_tagi-bez-glutenu-w-skladnikach","20":"pa_tagi-certyfikat-bio","21":"pa_tagi-weganski","22":"pa_tagi-wegetarianski","24":"first","25":"instock","26":"taxable","27":"shipping-taxable","28":"purchasable","29":"product-type-simple"},"acf":[],"_links":{"self":[{"href":"https:\/\/wiejskieprzysmaki.estima.site\/en\/wp-json\/wp\/v2\/product\/1249","targetHints":{"allow":["GET"]}}],"collection":[{"href":"https:\/\/wiejskieprzysmaki.estima.site\/en\/wp-json\/wp\/v2\/product"}],"about":[{"href":"https:\/\/wiejskieprzysmaki.estima.site\/en\/wp-json\/wp\/v2\/types\/product"}],"replies":[{"embeddable":true,"href":"https:\/\/wiejskieprzysmaki.estima.site\/en\/wp-json\/wp\/v2\/comments?post=1249"}],"wp:featuredmedia":[{"embeddable":true,"href":"https:\/\/wiejskieprzysmaki.estima.site\/en\/wp-json\/wp\/v2\/media\/1250"}],"wp:attachment":[{"href":"https:\/\/wiejskieprzysmaki.estima.site\/en\/wp-json\/wp\/v2\/media?parent=1249"}],"wp:term":[{"taxonomy":"product_brand","embeddable":true,"href":"https:\/\/wiejskieprzysmaki.estima.site\/en\/wp-json\/wp\/v2\/product_brand?post=1249"},{"taxonomy":"product_cat","embeddable":true,"href":"https:\/\/wiejskieprzysmaki.estima.site\/en\/wp-json\/wp\/v2\/product_cat?post=1249"},{"taxonomy":"product_tag","embeddable":true,"href":"https:\/\/wiejskieprzysmaki.estima.site\/en\/wp-json\/wp\/v2\/product_tag?post=1249"}],"curies":[{"name":"wp","href":"https:\/\/api.w.org\/{rel}","templated":true}]}}