{"id":1263,"date":"2025-02-18T10:35:37","date_gmt":"2025-02-18T09:35:37","guid":{"rendered":"https:\/\/wiejskieprzysmaki.estima.site\/produkt\/lizaki-plaskie-fair-trade-bezglutenowe-bio-6-g-alternativa\/"},"modified":"2025-02-18T10:35:39","modified_gmt":"2025-02-18T09:35:39","slug":"lizaki-plaskie-fair-trade-bezglutenowe-bio-6-g-alternativa","status":"publish","type":"product","link":"https:\/\/wiejskieprzysmaki.estima.site\/en\/product\/lizaki-plaskie-fair-trade-bezglutenowe-bio-6-g-alternativa\/","title":{"rendered":"LIZAKI P\u0141ASKIE FAIR TRADE BEZGLUTENOWE BIO 6 g &#8211; ALTERNATIVA"},"content":{"rendered":"<p>SK\u0141ADNIKI<br \/>cukier*, syrop glukozowy*, regulator kwasowo\u015bci: kwas cytrynowy, naturalne aromaty z koncentrat\u00f3w owoc\u00f3w. (*certyfikowany sk\u0142adnik ekologiczny)<\/p>\n<p>OPIS<br \/>Z tymi lizakami mo\u017cesz cieszy\u0107 si\u0119 s\u0142odkim smakiem owoc\u00f3w i jednocze\u015bnie odpocz\u0105\u0107 od codzienno\u015bci. Klasyczne lizaki, kt\u00f3re zachwyc\u0105 ka\u017cdego \u0142asucha. Czy to jako ma\u0142a nagroda pomi\u0119dzy, czy jako s\u0142odka pami\u0105tka &#8211; te lizaki to zawsze dobry wyb\u00f3r!<\/p>\n<p>WARTO\u015a\u0106 OD\u017bYWCZA W 100 g<br \/>Warto\u015b\u0107 energetyczna: 1684 kJ \/ 396 kcal<br \/>T\u0142uszcz: 0,2 g<br \/>W tym kwasy t\u0142uszczowe nasycone: 0,14 g<br \/>W\u0119glowodany: 98,6 g<br \/>W tym cukry: 74,1 g<br \/>Bia\u0142ko: 0 g<br \/>S\u00f3l: 0,05 g<\/p>\n<p>ZALECANE WARUNKI PRZECHOWYWANIA<br \/>Przechowywa\u0107 w suchym i ch\u0142odnym miejscu.<\/p>","protected":false},"excerpt":{"rendered":"<p>SK\u0141ADNIKIcukier*, syrop glukozowy*, regulator kwasowo\u015bci: kwas cytrynowy, naturalne aromaty z koncentrat\u00f3w owoc\u00f3w. (*certyfikowany sk\u0142adnik ekologiczny) OPISZ tymi lizakami mo\u017cesz cieszy\u0107 si\u0119 s\u0142odkim smakiem owoc\u00f3w i jednocze\u015bnie odpocz\u0105\u0107 od codzienno\u015bci. Klasyczne lizaki, kt\u00f3re zachwyc\u0105 ka\u017cdego \u0142asucha. Czy to jako ma\u0142a nagroda pomi\u0119dzy, czy jako s\u0142odka pami\u0105tka &#8211; te lizaki to zawsze dobry wyb\u00f3r! WARTO\u015a\u0106 OD\u017bYWCZA W [&hellip;]<\/p>","protected":false},"featured_media":1264,"comment_status":"closed","ping_status":"open","template":"","meta":{"_acf_changed":false},"product_brand":[],"product_cat":[1175,139],"product_tag":[],"class_list":{"0":"post-1263","1":"product","2":"type-product","3":"status-publish","4":"has-post-thumbnail","6":"product_cat-cukierki-lizaki","7":"product_cat-slodycze-i-przekaski","8":"pa_ean-matka-1387","9":"pa_gwarancja-przydatnosci-301","10":"pa_ilosc-w-opakowaniu-1382","11":"pa_jednostka-podstawowa-szt","12":"pa_kod-cn-1704-90-71","13":"pa_kraj-pochodzenia-skladnikow-paragwaj","14":"pa_masa-netto-1383","15":"pa_objetosc-brutto-1385","16":"pa_producent-alternativa-kawy-lizaki-cukier-kakao","17":"pa_producent-nazwa-adres-alternativa-s-c-c-l-cr-ctra-castellar-526-8227-terrassa-barcelona","18":"pa_tagi-bez-glutenu-deklaracja","19":"pa_tagi-bez-glutenu-w-skladnikach","20":"pa_tagi-certyfikat-bio","21":"pa_tagi-weganski","22":"pa_tagi-wegetarianski","24":"first","25":"instock","26":"taxable","27":"shipping-taxable","28":"purchasable","29":"product-type-simple"},"acf":[],"_links":{"self":[{"href":"https:\/\/wiejskieprzysmaki.estima.site\/en\/wp-json\/wp\/v2\/product\/1263","targetHints":{"allow":["GET"]}}],"collection":[{"href":"https:\/\/wiejskieprzysmaki.estima.site\/en\/wp-json\/wp\/v2\/product"}],"about":[{"href":"https:\/\/wiejskieprzysmaki.estima.site\/en\/wp-json\/wp\/v2\/types\/product"}],"replies":[{"embeddable":true,"href":"https:\/\/wiejskieprzysmaki.estima.site\/en\/wp-json\/wp\/v2\/comments?post=1263"}],"wp:featuredmedia":[{"embeddable":true,"href":"https:\/\/wiejskieprzysmaki.estima.site\/en\/wp-json\/wp\/v2\/media\/1264"}],"wp:attachment":[{"href":"https:\/\/wiejskieprzysmaki.estima.site\/en\/wp-json\/wp\/v2\/media?parent=1263"}],"wp:term":[{"taxonomy":"product_brand","embeddable":true,"href":"https:\/\/wiejskieprzysmaki.estima.site\/en\/wp-json\/wp\/v2\/product_brand?post=1263"},{"taxonomy":"product_cat","embeddable":true,"href":"https:\/\/wiejskieprzysmaki.estima.site\/en\/wp-json\/wp\/v2\/product_cat?post=1263"},{"taxonomy":"product_tag","embeddable":true,"href":"https:\/\/wiejskieprzysmaki.estima.site\/en\/wp-json\/wp\/v2\/product_tag?post=1263"}],"curies":[{"name":"wp","href":"https:\/\/api.w.org\/{rel}","templated":true}]}}