{"id":1275,"date":"2025-02-18T10:35:37","date_gmt":"2025-02-18T09:35:37","guid":{"rendered":"https:\/\/wiejskieprzysmaki.estima.site\/produkt\/tahini-pasta-sezamowa-bezglutenowe-bio-350-g-primavika-primaeco\/"},"modified":"2025-02-18T10:35:44","modified_gmt":"2025-02-18T09:35:44","slug":"tahini-pasta-sezamowa-bezglutenowe-bio-350-g-primavika-primaeco","status":"publish","type":"product","link":"https:\/\/wiejskieprzysmaki.estima.site\/en\/product\/tahini-pasta-sezamowa-bezglutenowe-bio-350-g-primavika-primaeco\/","title":{"rendered":"TAHINI (PASTA SEZAMOWA) BEZGLUTENOWE BIO 350 g &#8211; PRIMAVIKA (PRIMAECO)"},"content":{"rendered":"<p>SK\u0141ADNIKI  <br \/>SEZAM pra\u017cony* (100 %) (*certyfikowany sk\u0142adnik ekologiczny)<\/p>\n<p>OPIS <br \/>Zawiera naturalnie wyst\u0119puj\u0105ce cukry. Olej sezamowy na powierzchni jest zjawiskiem naturalnym. \u0179r\u00f3d\u0142o b\u0142onnika pokarmowego.<\/p>\n<p>WARTO\u015a\u0106 OD\u017bYWCZA W 100 g <br \/>Wartosc energetyczna: 2580 kJ \/ 623 kcal  <br \/>T\u0142uszcz: 53 g  <br \/>w tym kwasy t\u0142uszczowe nasycone: 7,4 g  <br \/>Weglowodany: 17 g  <br \/>w tym cukry: 0 g  <br \/>B\u0142onnik: 4,7 g  <br \/>Bia\u0142ko: 17 g  <br \/>S\u00f3l: 0,08 g  <br \/>Zawarto\u015b\u0107 soli wynika wy\u0142\u0105cznie z obecno\u015bci naturalnie wyst\u0119puj\u0105cego sodu.  <\/p>\n<p>INFORMACJA ALERGENNA <br \/>Produkt mo\u017ce zawiera\u0107 orzeszki arachidowe i inne ORZECHY.<\/p>\n<p>ZALECANE WARUNKI PRZECHOWYWANIA  <br \/>Przechowywa\u0107 w temperaturze pokojowej. Po otwarciu spo\u017cy\u0107 w ci\u0105gu jednego miesi\u0105ca.<\/p>","protected":false},"excerpt":{"rendered":"<p>SK\u0141ADNIKI SEZAM pra\u017cony* (100 %) (*certyfikowany sk\u0142adnik ekologiczny) OPIS Zawiera naturalnie wyst\u0119puj\u0105ce cukry. Olej sezamowy na powierzchni jest zjawiskiem naturalnym. \u0179r\u00f3d\u0142o b\u0142onnika pokarmowego. WARTO\u015a\u0106 OD\u017bYWCZA W 100 g Wartosc energetyczna: 2580 kJ \/ 623 kcal T\u0142uszcz: 53 g w tym kwasy t\u0142uszczowe nasycone: 7,4 g Weglowodany: 17 g w tym cukry: 0 g B\u0142onnik: 4,7 [&hellip;]<\/p>","protected":false},"featured_media":1276,"comment_status":"closed","ping_status":"open","template":"","meta":{"_acf_changed":false},"product_brand":[],"product_cat":[734],"product_tag":[],"class_list":{"0":"post-1275","1":"product","2":"type-product","3":"status-publish","4":"has-post-thumbnail","6":"product_cat-kremy-orzechowe-czekoladowe-tahini","7":"pa_ean-matka-1397","8":"pa_gwarancja-przydatnosci-311","9":"pa_ilosc-w-opakowaniu-298","10":"pa_jednostka-podstawowa-szt","11":"pa_kod-cn-2008-19-99","12":"pa_masa-netto-203","13":"pa_objetosc-brutto-1140","14":"pa_producent-primavika-przetwory-i-pasty-vege","15":"pa_producent-nazwa-adres-primavika-sp-z-o-o-akacjowa-27-62-023-gadki","16":"pa_tagi-bez-cukru-w-skladnikach","17":"pa_tagi-bez-glutenu-deklaracja","18":"pa_tagi-bez-glutenu-w-skladnikach","19":"pa_tagi-certyfikat-bio","20":"pa_tagi-weganski","21":"pa_tagi-wegetarianski","23":"first","24":"instock","25":"taxable","26":"shipping-taxable","27":"purchasable","28":"product-type-simple"},"acf":[],"_links":{"self":[{"href":"https:\/\/wiejskieprzysmaki.estima.site\/en\/wp-json\/wp\/v2\/product\/1275","targetHints":{"allow":["GET"]}}],"collection":[{"href":"https:\/\/wiejskieprzysmaki.estima.site\/en\/wp-json\/wp\/v2\/product"}],"about":[{"href":"https:\/\/wiejskieprzysmaki.estima.site\/en\/wp-json\/wp\/v2\/types\/product"}],"replies":[{"embeddable":true,"href":"https:\/\/wiejskieprzysmaki.estima.site\/en\/wp-json\/wp\/v2\/comments?post=1275"}],"wp:featuredmedia":[{"embeddable":true,"href":"https:\/\/wiejskieprzysmaki.estima.site\/en\/wp-json\/wp\/v2\/media\/1276"}],"wp:attachment":[{"href":"https:\/\/wiejskieprzysmaki.estima.site\/en\/wp-json\/wp\/v2\/media?parent=1275"}],"wp:term":[{"taxonomy":"product_brand","embeddable":true,"href":"https:\/\/wiejskieprzysmaki.estima.site\/en\/wp-json\/wp\/v2\/product_brand?post=1275"},{"taxonomy":"product_cat","embeddable":true,"href":"https:\/\/wiejskieprzysmaki.estima.site\/en\/wp-json\/wp\/v2\/product_cat?post=1275"},{"taxonomy":"product_tag","embeddable":true,"href":"https:\/\/wiejskieprzysmaki.estima.site\/en\/wp-json\/wp\/v2\/product_tag?post=1275"}],"curies":[{"name":"wp","href":"https:\/\/api.w.org\/{rel}","templated":true}]}}