{"id":1277,"date":"2025-02-18T10:35:37","date_gmt":"2025-02-18T09:35:37","guid":{"rendered":"https:\/\/wiejskieprzysmaki.estima.site\/produkt\/krem-z-prazonych-orzeszkow-ziemnych-bezglutenowy-bio-360-g-primavika-primaeco\/"},"modified":"2025-02-18T10:35:45","modified_gmt":"2025-02-18T09:35:45","slug":"krem-z-prazonych-orzeszkow-ziemnych-bezglutenowy-bio-360-g-primavika-primaeco","status":"publish","type":"product","link":"https:\/\/wiejskieprzysmaki.estima.site\/en\/product\/krem-z-prazonych-orzeszkow-ziemnych-bezglutenowy-bio-360-g-primavika-primaeco\/","title":{"rendered":"KREM Z PRA\u017bONYCH ORZESZK\u00d3W ZIEMNYCH BEZGLUTENOWY BIO 360 g &#8211; PRIMAVIKA (PRIMAECO)"},"content":{"rendered":"<p>SK\u0141ADNIKI<br \/>orzeszki arachidowe pra\u017cone* (100 %) (*certyfikowany sk\u0142adnik ekologiczny)<\/p>\n<p>OPIS<br \/>Zawiera naturalnie wyst\u0119puj\u0105ce cukry. Olej z orzech\u00f3w na powierzchni kremujest zjawiskiem naturalnym. \u0179r\u00f3d\u0142o bia\u0142ka. Wysoka zawarto\u015b\u0107 b\u0142onnika pokarmowego.<\/p>\n<p>WARTO\u015a\u0106 OD\u017bYWCZA W 100 g <br \/>Wartosc energetyczna: 2403 kJ \/ 580 kcal  <br \/>T\u0142uszcz: 46 g  <br \/>w tym kwasy t\u0142uszczowe nasycone: 6,1 g  <br \/>Weglowodany: 12 g  <br \/>w tym cukry: 6,2 g  <br \/>B\u0142onnik: 7,3 g  <br \/>Bia\u0142ko: 26 g  <br \/>S\u00f3l: 0,04 g  <br \/>Zawarto\u015b\u0107 soli wynika wy\u0142\u0105cznie z obecno\u015bci naturalnie wyst\u0119puj\u0105cego sodu.<\/p>\n<p>INFORMACJA ALERGENNA <br \/>Produkt mo\u017ce zawiera\u0107 SOJ\u0118, SEZAM i inne ORZECHY.<\/p>\n<p>ZALECANE WARUNKI PRZECHOWYWANIA  <br \/>Przechowywa\u0107 w temperaturze pokojowej. Po otwarciu spo\u017cy\u0107 w ci\u0105gu jednego miesi\u0105ca.<\/p>","protected":false},"excerpt":{"rendered":"<p>SK\u0141ADNIKIorzeszki arachidowe pra\u017cone* (100 %) (*certyfikowany sk\u0142adnik ekologiczny) OPISZawiera naturalnie wyst\u0119puj\u0105ce cukry. Olej z orzech\u00f3w na powierzchni kremujest zjawiskiem naturalnym. \u0179r\u00f3d\u0142o bia\u0142ka. Wysoka zawarto\u015b\u0107 b\u0142onnika pokarmowego. WARTO\u015a\u0106 OD\u017bYWCZA W 100 g Wartosc energetyczna: 2403 kJ \/ 580 kcal T\u0142uszcz: 46 g w tym kwasy t\u0142uszczowe nasycone: 6,1 g Weglowodany: 12 g w tym cukry: 6,2 [&hellip;]<\/p>","protected":false},"featured_media":1278,"comment_status":"closed","ping_status":"open","template":"","meta":{"_acf_changed":false},"product_brand":[],"product_cat":[734],"product_tag":[],"class_list":{"0":"post-1277","1":"product","2":"type-product","3":"status-publish","4":"has-post-thumbnail","6":"product_cat-kremy-orzechowe-czekoladowe-tahini","7":"pa_ean-matka-1399","8":"pa_gwarancja-przydatnosci-311","9":"pa_ilosc-w-opakowaniu-298","10":"pa_jednostka-podstawowa-szt","11":"pa_kod-cn-2008-11-10","12":"pa_masa-netto-1398","13":"pa_objetosc-brutto-1140","14":"pa_producent-primavika-przetwory-i-pasty-vege","15":"pa_producent-nazwa-adres-primavika-sp-z-o-o-akacjowa-27-62-023-gadki","16":"pa_tagi-bez-cukru-w-skladnikach","17":"pa_tagi-bez-glutenu-deklaracja","18":"pa_tagi-bez-glutenu-w-skladnikach","19":"pa_tagi-certyfikat-bio","20":"pa_tagi-weganski","21":"pa_tagi-wegetarianski","23":"first","24":"instock","25":"taxable","26":"shipping-taxable","27":"purchasable","28":"product-type-simple"},"acf":[],"_links":{"self":[{"href":"https:\/\/wiejskieprzysmaki.estima.site\/en\/wp-json\/wp\/v2\/product\/1277","targetHints":{"allow":["GET"]}}],"collection":[{"href":"https:\/\/wiejskieprzysmaki.estima.site\/en\/wp-json\/wp\/v2\/product"}],"about":[{"href":"https:\/\/wiejskieprzysmaki.estima.site\/en\/wp-json\/wp\/v2\/types\/product"}],"replies":[{"embeddable":true,"href":"https:\/\/wiejskieprzysmaki.estima.site\/en\/wp-json\/wp\/v2\/comments?post=1277"}],"wp:featuredmedia":[{"embeddable":true,"href":"https:\/\/wiejskieprzysmaki.estima.site\/en\/wp-json\/wp\/v2\/media\/1278"}],"wp:attachment":[{"href":"https:\/\/wiejskieprzysmaki.estima.site\/en\/wp-json\/wp\/v2\/media?parent=1277"}],"wp:term":[{"taxonomy":"product_brand","embeddable":true,"href":"https:\/\/wiejskieprzysmaki.estima.site\/en\/wp-json\/wp\/v2\/product_brand?post=1277"},{"taxonomy":"product_cat","embeddable":true,"href":"https:\/\/wiejskieprzysmaki.estima.site\/en\/wp-json\/wp\/v2\/product_cat?post=1277"},{"taxonomy":"product_tag","embeddable":true,"href":"https:\/\/wiejskieprzysmaki.estima.site\/en\/wp-json\/wp\/v2\/product_tag?post=1277"}],"curies":[{"name":"wp","href":"https:\/\/api.w.org\/{rel}","templated":true}]}}