{"id":1281,"date":"2025-02-18T10:35:37","date_gmt":"2025-02-18T09:35:37","guid":{"rendered":"https:\/\/wiejskieprzysmaki.estima.site\/produkt\/olej-slonecznikowy-do-gotowania-i-smazenia-bio-3-l-horeca-bio-planete\/"},"modified":"2025-02-18T10:35:51","modified_gmt":"2025-02-18T09:35:51","slug":"olej-slonecznikowy-do-gotowania-i-smazenia-bio-3-l-horeca-bio-planete","status":"publish","type":"product","link":"https:\/\/wiejskieprzysmaki.estima.site\/en\/product\/olej-slonecznikowy-do-gotowania-i-smazenia-bio-3-l-horeca-bio-planete\/","title":{"rendered":"OLEJ S\u0141ONECZNIKOWY DO GOTOWANIA I SMA\u017bENIA BIO 3 L &#8211; HORECA (BIO PLANETE)"},"content":{"rendered":"<p>SK\u0141ADNIKI<br \/>ekologiczny olej s\u0142onecznikowy wysokooleinowy, rafinowany.<\/p>\n<p>OPIS<br \/>Ten uniwersalny olej idealnie nadaje si\u0119 do sma\u017cenia, pieczenia i sma\u017cenia w g\u0142\u0119bokim t\u0142uszczu. Uzyskiwany jest ze specjalnych, mocno oleistych odmian s\u0142onecznika i wyr\u00f3\u017cnia si\u0119 wyj\u0105tkow\u0105 odporno\u015bci\u0105 na wysokie temperatury&nbsp;\u2013 a\u017c do 210\u00b0C. Dzi\u0119ki temu doskonale podkre\u015bla aromaty potraw&nbsp;\u2013 mo\u017cna na przyk\u0142ad zast\u0105pi\u0107 nim MAS\u0141O w kruchych wypiekach i ciastach. Co wi\u0119cej, produkt nadaje si\u0119 do szybkiego obsma\u017cania i sma\u017cenia w g\u0142\u0119bokim t\u0142uszczu mi\u0119s, RYB, tofu, burger\u00f3w warzywnych oraz ziemniak\u00f3w. Du\u017ca zawarto\u015b\u0107 witaminy E i jednonienasyconych kwas\u00f3w t\u0142uszczowych sprawiaj\u0105, \u017ce jest to r\u00f3wnie\u017c cenny sk\u0142adnik codziennej diety.<br \/>Opakowanie jest idealne do cz\u0119stego u\u017cywania w domu i w lokalach gastronomicznych. Olej w opakowaniu \u201eOil in Box\u201d zachowuje \u015bwie\u017co\u015b\u0107 przez d\u0142u\u017cszy czas po otwarciu, a kranik umo\u017cliwia precyzyjne dozowanie bez rozlewania.<\/p>\n<p>WARTO\u015a\u0106 OD\u017bYWCZA W 100 ml <br \/>Warto\u015b\u0107 energetyczna &#8211; 3367 kJ\/819 kcal\t<br \/>T\u0142uszcz &#8211; 91 g\t<br \/>w tym kwasy t\u0142uszczowe nasycone &#8211; 7,0 g\t<br \/>kwasy t\u0142uszczowe jednonienasycone &#8211; 80 g\t<br \/>kwasy t\u0142uszczowe wielonienasycone &#8211; 4,0 g\t<br \/>W\u0119glowodany\t&#8211; 0 g\t<br \/>w tym cukry &#8211; 0 g\t<br \/>Bia\u0142ko &#8211; 0 g\t<br \/>S\u00f3l\t&#8211; 0 g\t<br \/>Witamina E &#8211; 37 mg (308 %)**<br \/>**dzienna referencyjna warto\u015b\u0107 spo\u017cycia witaminy E (dla osoby doros\u0142ej)<\/p>\n<p>INFORMACJA ALERGENNA<br \/>Mo\u017ce zawiera\u0107 ORZESZKI ZIEMNE i inne ORZECHY, nasiona SEZAMU, SOJ\u0118 <\/p>\n<p>ZALECANE WARUNKI PRZECHOWYWANIA<br \/>Przechowywa\u0107 w temperaturze pokojowej, z dala od bezpo\u015bredniego \u015bwiat\u0142a s\u0142onecznego <\/p>","protected":false},"excerpt":{"rendered":"<p>SK\u0141ADNIKIekologiczny olej s\u0142onecznikowy wysokooleinowy, rafinowany. OPISTen uniwersalny olej idealnie nadaje si\u0119 do sma\u017cenia, pieczenia i sma\u017cenia w g\u0142\u0119bokim t\u0142uszczu. Uzyskiwany jest ze specjalnych, mocno oleistych odmian s\u0142onecznika i wyr\u00f3\u017cnia si\u0119 wyj\u0105tkow\u0105 odporno\u015bci\u0105 na wysokie temperatury&nbsp;\u2013 a\u017c do 210\u00b0C. Dzi\u0119ki temu doskonale podkre\u015bla aromaty potraw&nbsp;\u2013 mo\u017cna na przyk\u0142ad zast\u0105pi\u0107 nim MAS\u0141O w kruchych wypiekach i ciastach. [&hellip;]<\/p>","protected":false},"featured_media":1282,"comment_status":"closed","ping_status":"open","template":"","meta":{"_acf_changed":false},"product_brand":[],"product_cat":[993,1073],"product_tag":[],"class_list":{"0":"post-1281","1":"product","2":"type-product","3":"status-publish","4":"has-post-thumbnail","6":"product_cat-oleje-i-oliwy","7":"product_cat-oleje-plynne","8":"pa_ean-matka-1404","9":"pa_gwarancja-przydatnosci-324","10":"pa_ilosc-w-opakowaniu-340","11":"pa_jednostka-podstawowa-szt","12":"pa_kod-cn-1512-19-90","13":"pa_kraj-pochodzenia-skladnikow-francja","14":"pa_objetosc-brutto-1403","15":"pa_objetosc-netto-1402","16":"pa_producent-horeca-bio-pozostale","17":"pa_producent-nazwa-adres-bio-planete-huilerie-f-j-moog-sa-route-de-limoux-f-11150-bram","18":"pa_tagi-bez-cukru-w-skladnikach","19":"pa_tagi-bez-glutenu-w-skladnikach","20":"pa_tagi-certyfikat-bio","21":"pa_tagi-weganski","22":"pa_tagi-wegetarianski","24":"first","25":"instock","26":"taxable","27":"shipping-taxable","28":"purchasable","29":"product-type-simple"},"acf":[],"_links":{"self":[{"href":"https:\/\/wiejskieprzysmaki.estima.site\/en\/wp-json\/wp\/v2\/product\/1281","targetHints":{"allow":["GET"]}}],"collection":[{"href":"https:\/\/wiejskieprzysmaki.estima.site\/en\/wp-json\/wp\/v2\/product"}],"about":[{"href":"https:\/\/wiejskieprzysmaki.estima.site\/en\/wp-json\/wp\/v2\/types\/product"}],"replies":[{"embeddable":true,"href":"https:\/\/wiejskieprzysmaki.estima.site\/en\/wp-json\/wp\/v2\/comments?post=1281"}],"wp:featuredmedia":[{"embeddable":true,"href":"https:\/\/wiejskieprzysmaki.estima.site\/en\/wp-json\/wp\/v2\/media\/1282"}],"wp:attachment":[{"href":"https:\/\/wiejskieprzysmaki.estima.site\/en\/wp-json\/wp\/v2\/media?parent=1281"}],"wp:term":[{"taxonomy":"product_brand","embeddable":true,"href":"https:\/\/wiejskieprzysmaki.estima.site\/en\/wp-json\/wp\/v2\/product_brand?post=1281"},{"taxonomy":"product_cat","embeddable":true,"href":"https:\/\/wiejskieprzysmaki.estima.site\/en\/wp-json\/wp\/v2\/product_cat?post=1281"},{"taxonomy":"product_tag","embeddable":true,"href":"https:\/\/wiejskieprzysmaki.estima.site\/en\/wp-json\/wp\/v2\/product_tag?post=1281"}],"curies":[{"name":"wp","href":"https:\/\/api.w.org\/{rel}","templated":true}]}}