{"id":1285,"date":"2025-02-18T10:35:37","date_gmt":"2025-02-18T09:35:37","guid":{"rendered":"https:\/\/wiejskieprzysmaki.estima.site\/produkt\/oliwa-z-oliwek-extra-virgin-bio-3-l-horeca-bio-planete\/"},"modified":"2025-02-18T10:35:52","modified_gmt":"2025-02-18T09:35:52","slug":"oliwa-z-oliwek-extra-virgin-bio-3-l-horeca-bio-planete","status":"publish","type":"product","link":"https:\/\/wiejskieprzysmaki.estima.site\/en\/product\/oliwa-z-oliwek-extra-virgin-bio-3-l-horeca-bio-planete\/","title":{"rendered":"OLIWA Z OLIWEK EXTRA VIRGIN BIO 3 L &#8211; HORECA (BIO PLANETE)"},"content":{"rendered":"<p>SK\u0141ADNIKI<br \/>ekologiczna oliwa z oliwek extra virgin.<\/p>\n<p>OPIS<br \/>W okresie od grudnia do pocz\u0105tku marca dojrzewaj\u0105ce na s\u0142o\u0144cu oliwki s\u0105 zbierane i przetwarzane metod\u0105 t\u0142oczenia na zimno. Do produkcji \u0142agodnej oliwy z oliwek firmy Bio Planete u\u017cywamy tych partii oliwek od rolnik\u00f3w, kt\u00f3re idealnie spe\u0142niaj\u0105 nasze surowe wymagania w kwestii jako\u015bci i smaku. Niekiedy ostro\u017cnie mieszamy kilka r\u00f3\u017cnych partii w \u00bbcuv\u00e9e\u00ab, aby uzyska\u0107 jeszcze lepszy i bardziej zr\u00f3wnowa\u017cony smak.<br \/>Oliwa z oliwek jest uznawana za g\u0142\u00f3wny sk\u0142adnik tak zwanej diety \u015br\u00f3dziemnomorskiej lub krete\u0144skiej, w kt\u00f3rej jest zamiennikiem mas\u0142a. Zast\u0105pienie w diecie nasyconych kwas\u00f3w t\u0142uszczowych nienasyconymi wyra\u017anie obni\u017ca poziom cholesterolu we krwi. Wysoki poziom cholesterolu we krwi jest jednym z czynnik\u00f3w ryzyka rozwoju choroby wie\u0144cowej.<br \/>\u0141agodna oliwa z oliwek firmy Bio Planete jest idealn\u0105 propozycj\u0105 dla konsument\u00f3w preferuj\u0105cych \u0142agodny, lekki smak oliwy, kt\u00f3ry nie przyt\u0142acza potraw, a jedynie delikatnie podkre\u015bla ich charakter. Mo\u017cna jej u\u017cywa\u0107 do da\u0144 podawanych na gor\u0105co i na zimno w r\u00f3\u017cnorodnych zestawieniach kulinarnych. <br \/>To opakowanie jest idealne do cz\u0119stego u\u017cywania w domach, lokalach gastronomicznych oraz sto\u0142\u00f3wkach. Olej w opakowaniu \u00bbOil in Box\u00ab charakteryzuje si\u0119 d\u0142u\u017cszym okresem przechowywania po otwarciu. Niewielki kurek dodatkowo umo\u017cliwia precyzyjne dozowanie bez rozlewania.<\/p>\n<p>WARTO\u015a\u0106 OD\u017bYWCZA W 100 ml<br \/>Warto\u015b\u0107 energetyczna &#8211; 3358 kJ \/ 817 kcal <br \/>T\u0142uszcz &#8211; 90 g <br \/>w tym kwasy t\u0142uszczowe nasycone &#8211; 16 g <br \/>W\u0119glowodany &#8211; 0 g <br \/>w tym cukry &#8211; 0 g <br \/>Bia\u0142ko &#8211; 0 g <br \/>S\u00f3l &#8211; 0 g<\/p>\n<p>INFORMACJA ALERGENNA<br \/>Produkt mo\u017ce zawiera\u0107 ORZESZKI ZIEMNE, SEZAM, SOJ\u0118 oraz inne ORZECHY.<\/p>\n<p>UWAGA<br \/>Gdy temperatura spada w okolice 5\u00baC, niekt\u00f3re kwasy t\u0142uszczowe zawarte w oliwie zaczynaj\u0105 zamarza\u0107. Przed zamarzni\u0119ciem oliwa nabiera m\u0119tnego wygl\u0105du.<br \/>Wystarczy, \u017ce przystawisz butelk\u0119 z oliw\u0105 do \u017ar\u00f3d\u0142a ciep\u0142a, a oliwa wr\u00f3ci do poprzedniego wygl\u0105du. Oczywi\u015bcie oliwa nadal jest w doskona\u0142ym stanie i nadaje si\u0119 do spo\u017cycia.<\/p>\n<p>ZALECANE WARUNKI PRZECHOWYWANIA<br \/>Przechowywa\u0107 w temperaturze pokojowej. <\/p>","protected":false},"excerpt":{"rendered":"<p>SK\u0141ADNIKIekologiczna oliwa z oliwek extra virgin. OPISW okresie od grudnia do pocz\u0105tku marca dojrzewaj\u0105ce na s\u0142o\u0144cu oliwki s\u0105 zbierane i przetwarzane metod\u0105 t\u0142oczenia na zimno. Do produkcji \u0142agodnej oliwy z oliwek firmy Bio Planete u\u017cywamy tych partii oliwek od rolnik\u00f3w, kt\u00f3re idealnie spe\u0142niaj\u0105 nasze surowe wymagania w kwestii jako\u015bci i smaku. Niekiedy ostro\u017cnie mieszamy kilka [&hellip;]<\/p>","protected":false},"featured_media":1286,"comment_status":"closed","ping_status":"open","template":"","meta":{"_acf_changed":false},"product_brand":[],"product_cat":[993,1100],"product_tag":[],"class_list":{"0":"post-1285","1":"product","2":"type-product","3":"status-publish","4":"has-post-thumbnail","6":"product_cat-oleje-i-oliwy","7":"product_cat-oliwy","8":"pa_ean-matka-1406","9":"pa_gwarancja-przydatnosci-324","10":"pa_ilosc-w-opakowaniu-340","11":"pa_jednostka-podstawowa-szt","12":"pa_kod-cn-1509-20-00","13":"pa_kraj-pochodzenia-skladnikow-tunezja","14":"pa_objetosc-brutto-1403","15":"pa_objetosc-netto-1402","16":"pa_producent-horeca-bio-pozostale","17":"pa_producent-nazwa-adres-bio-planete-huilerie-f-j-moog-sa-route-de-limoux-f-11150-bram","18":"pa_tagi-bez-cukru-w-skladnikach","19":"pa_tagi-bez-glutenu-w-skladnikach","20":"pa_tagi-certyfikat-bio","21":"pa_tagi-weganski","22":"pa_tagi-wegetarianski","24":"first","25":"instock","26":"taxable","27":"shipping-taxable","28":"purchasable","29":"product-type-simple"},"acf":[],"_links":{"self":[{"href":"https:\/\/wiejskieprzysmaki.estima.site\/en\/wp-json\/wp\/v2\/product\/1285","targetHints":{"allow":["GET"]}}],"collection":[{"href":"https:\/\/wiejskieprzysmaki.estima.site\/en\/wp-json\/wp\/v2\/product"}],"about":[{"href":"https:\/\/wiejskieprzysmaki.estima.site\/en\/wp-json\/wp\/v2\/types\/product"}],"replies":[{"embeddable":true,"href":"https:\/\/wiejskieprzysmaki.estima.site\/en\/wp-json\/wp\/v2\/comments?post=1285"}],"wp:featuredmedia":[{"embeddable":true,"href":"https:\/\/wiejskieprzysmaki.estima.site\/en\/wp-json\/wp\/v2\/media\/1286"}],"wp:attachment":[{"href":"https:\/\/wiejskieprzysmaki.estima.site\/en\/wp-json\/wp\/v2\/media?parent=1285"}],"wp:term":[{"taxonomy":"product_brand","embeddable":true,"href":"https:\/\/wiejskieprzysmaki.estima.site\/en\/wp-json\/wp\/v2\/product_brand?post=1285"},{"taxonomy":"product_cat","embeddable":true,"href":"https:\/\/wiejskieprzysmaki.estima.site\/en\/wp-json\/wp\/v2\/product_cat?post=1285"},{"taxonomy":"product_tag","embeddable":true,"href":"https:\/\/wiejskieprzysmaki.estima.site\/en\/wp-json\/wp\/v2\/product_tag?post=1285"}],"curies":[{"name":"wp","href":"https:\/\/api.w.org\/{rel}","templated":true}]}}