{"id":1303,"date":"2025-02-18T10:35:57","date_gmt":"2025-02-18T09:35:57","guid":{"rendered":"https:\/\/wiejskieprzysmaki.estima.site\/produkt\/krem-kokosowo-migdalowy-bio-250-g-rapunzel\/"},"modified":"2025-02-18T10:35:59","modified_gmt":"2025-02-18T09:35:59","slug":"krem-kokosowo-migdalowy-bio-250-g-rapunzel","status":"publish","type":"product","link":"https:\/\/wiejskieprzysmaki.estima.site\/en\/product\/krem-kokosowo-migdalowy-bio-250-g-rapunzel\/","title":{"rendered":"KREM KOKOSOWO &#8211; MIGDA\u0141OWY BIO 250 g &#8211; RAPUNZEL"},"content":{"rendered":"<p>SK\u0141ADNIKI<br \/>kokos* (39 %), olej palmowy*, MIGDA\u0141Y* (15 %), sproszkowany syrop ry\u017cowy*, cukier trzcinowy Cristallino*, wanilia bourbon*. (*certyfikowany sk\u0142adnik ekologiczny)<\/p>\n<p>OPIS<br \/>Krem kokos-migda\u0142 idealnie nadaje si\u0119 jako&nbsp;dodatek do \u015bniada\u0144 czy obiad\u00f3w&nbsp;np. na pysznych&nbsp;waflach ry\u017cowych&nbsp;lub w postaci nadzienia do nale\u015bnik\u00f3w, gofr\u00f3w lub racuch\u00f3w, samodzielnie b\u0105d\u017a te\u017c w po\u0142\u0105czeniu z owocami czy&nbsp;bakaliami.<br \/>\u015awietnie sprawdzi si\u0119 r\u00f3wnie\u017c jako krem stanowi\u0105cy&nbsp;uzupe\u0142nienie&nbsp;pieczywa chrupkiego&nbsp;np. razowego.<br \/>Ponadto krem kokos-migda\u0142 pokochaj\u0105 wszyscy mi\u0142o\u015bnicy wypiek\u00f3w, poniewa\u017c ten krem wspaniale wsp\u00f3\u0142gra z tortami czy ciastami.<\/p>\n<p>WARTO\u015a\u0106 OD\u017bYWCZA W 100 g<br \/>Warto\u015b\u0107 energetyczna &#8211; 2672 kJ\/ 645 kcal<br \/>T\u0142uszcz &#8211; 54 g<br \/>w tym kwasy t\u0142uszczowe nasycone &#8211; 34 g<br \/>W\u0119glowodany &#8211; 31 g<br \/>w tym cukry &#8211; 19 g <br \/>B\u0142onnik &#8211; 5,6 g<br \/>Bia\u0142ko &#8211; 6,0 g<br \/>S\u00f3l &#8211; 0,03 g<\/p>\n<p>INFORMACJA ALERGENNA <br \/>Mo\u017ce zawiera\u0107 ORZESZKI ZIEMNE i inne ORZECHY, SEZAM, \u0141UBIN, MLEKO (\u0142\u0105cznie z LAKTOZ\u0104)<\/p>\n<p>UWAGI&nbsp;<br \/>Rozwarstwienie kremu jest zjawiskiem naturalnym<\/p>\n<p>ZALECANE WARUNKI PRZECHOWYWANIA <br \/>Konsystencja jest zale\u017cna od temperatury przechowywania. <br \/>Temperatura pokojowa &#8211; konsystencja kremowa. <br \/>Temperatura ch\u0142odnicza &#8211; konsystencja sta\u0142a.<\/p>","protected":false},"excerpt":{"rendered":"<p>SK\u0141ADNIKIkokos* (39 %), olej palmowy*, MIGDA\u0141Y* (15 %), sproszkowany syrop ry\u017cowy*, cukier trzcinowy Cristallino*, wanilia bourbon*. (*certyfikowany sk\u0142adnik ekologiczny) OPISKrem kokos-migda\u0142 idealnie nadaje si\u0119 jako&nbsp;dodatek do \u015bniada\u0144 czy obiad\u00f3w&nbsp;np. na pysznych&nbsp;waflach ry\u017cowych&nbsp;lub w postaci nadzienia do nale\u015bnik\u00f3w, gofr\u00f3w lub racuch\u00f3w, samodzielnie b\u0105d\u017a te\u017c w po\u0142\u0105czeniu z owocami czy&nbsp;bakaliami.\u015awietnie sprawdzi si\u0119 r\u00f3wnie\u017c jako krem stanowi\u0105cy&nbsp;uzupe\u0142nienie&nbsp;pieczywa chrupkiego&nbsp;np. [&hellip;]<\/p>","protected":false},"featured_media":1304,"comment_status":"closed","ping_status":"open","template":"","meta":{"_acf_changed":false},"product_brand":[],"product_cat":[734],"product_tag":[],"class_list":{"0":"post-1303","1":"product","2":"type-product","3":"status-publish","4":"has-post-thumbnail","6":"product_cat-kremy-orzechowe-czekoladowe-tahini","7":"pa_ean-matka-1430","8":"pa_gwarancja-przydatnosci-324","9":"pa_ilosc-w-opakowaniu-298","10":"pa_jednostka-podstawowa-szt","11":"pa_kod-cn-2008-19-92","12":"pa_kraj-pochodzenia-skladnikow-turcja","13":"pa_masa-netto-480","14":"pa_objetosc-brutto-1429","15":"pa_producent-rapunzel-kremy-orzechowe-ketchupy-czekolady","16":"pa_producent-nazwa-adres-rapunzel-naturkost-gmbh-rapunzelstrabe-1-d-87764-legau","17":"pa_tagi-bez-glutenu-w-skladnikach","18":"pa_tagi-certyfikat-bio","19":"pa_tagi-weganski","20":"pa_tagi-wegetarianski","22":"first","23":"instock","24":"taxable","25":"shipping-taxable","26":"purchasable","27":"product-type-simple"},"acf":[],"_links":{"self":[{"href":"https:\/\/wiejskieprzysmaki.estima.site\/en\/wp-json\/wp\/v2\/product\/1303","targetHints":{"allow":["GET"]}}],"collection":[{"href":"https:\/\/wiejskieprzysmaki.estima.site\/en\/wp-json\/wp\/v2\/product"}],"about":[{"href":"https:\/\/wiejskieprzysmaki.estima.site\/en\/wp-json\/wp\/v2\/types\/product"}],"replies":[{"embeddable":true,"href":"https:\/\/wiejskieprzysmaki.estima.site\/en\/wp-json\/wp\/v2\/comments?post=1303"}],"wp:featuredmedia":[{"embeddable":true,"href":"https:\/\/wiejskieprzysmaki.estima.site\/en\/wp-json\/wp\/v2\/media\/1304"}],"wp:attachment":[{"href":"https:\/\/wiejskieprzysmaki.estima.site\/en\/wp-json\/wp\/v2\/media?parent=1303"}],"wp:term":[{"taxonomy":"product_brand","embeddable":true,"href":"https:\/\/wiejskieprzysmaki.estima.site\/en\/wp-json\/wp\/v2\/product_brand?post=1303"},{"taxonomy":"product_cat","embeddable":true,"href":"https:\/\/wiejskieprzysmaki.estima.site\/en\/wp-json\/wp\/v2\/product_cat?post=1303"},{"taxonomy":"product_tag","embeddable":true,"href":"https:\/\/wiejskieprzysmaki.estima.site\/en\/wp-json\/wp\/v2\/product_tag?post=1303"}],"curies":[{"name":"wp","href":"https:\/\/api.w.org\/{rel}","templated":true}]}}