{"id":1319,"date":"2025-02-18T10:35:57","date_gmt":"2025-02-18T09:35:57","guid":{"rendered":"https:\/\/wiejskieprzysmaki.estima.site\/produkt\/cukier-trzcinowy-demerara-bio-surowiec-25-kg\/"},"modified":"2025-02-18T10:36:06","modified_gmt":"2025-02-18T09:36:06","slug":"cukier-trzcinowy-demerara-bio-surowiec-25-kg","status":"publish","type":"product","link":"https:\/\/wiejskieprzysmaki.estima.site\/en\/product\/cukier-trzcinowy-demerara-bio-surowiec-25-kg\/","title":{"rendered":"CUKIER TRZCINOWY DEMERARA BIO (SUROWIEC) (25 kg)"},"content":{"rendered":"<p>SK\u0141ADNIKI<br \/>cukier trzcinowy br\u0105zowy Demerara* 100% (*certyfikowany sk\u0142adnik ekologiczny)<\/p>\n<p>OPIS<br \/>Ekologiczny cukier trzcinowy, nierafinowany. Doskona\u0142y do wypiek\u00f3w, deser\u00f3w oraz s\u0142odzenia ciep\u0142ych napoj\u00f3w.<\/p>\n<p>WARTO\u015a\u0106 OD\u017bYWCZA W 100 g<br \/>Warto\u015b\u0107 energetyczna &#8211; 1700 kJ \/ 400 kcal<br \/>T\u0142uszcz &#8211; 0 g<br \/>w tym kwasy t\u0142uszczowe nasycone &#8211; 0 g<br \/>W\u0119glowodany &#8211; 100 g<br \/>w tym cukry &#8211; 97 g<br \/>Bia\u0142ko &#8211; 0 g<br \/>S\u00f3l &#8211; 0 g<\/p>\n<p>ZALECANE WARUNKI PRZECHOWYWANIA<br \/>Przechowywa\u0107 w suchym i ch\u0142odnym miejscu.<\/p>\n<p>INFORMACJA<br \/>Cyfra na ko\u0144cu nazwy surowca okre\u015bla numer brygady Bio Planet odpowiedzialnej za konfekcjonowanie tego surowca.<\/p>","protected":false},"excerpt":{"rendered":"<p>SK\u0141ADNIKIcukier trzcinowy br\u0105zowy Demerara* 100% (*certyfikowany sk\u0142adnik ekologiczny) OPISEkologiczny cukier trzcinowy, nierafinowany. Doskona\u0142y do wypiek\u00f3w, deser\u00f3w oraz s\u0142odzenia ciep\u0142ych napoj\u00f3w. WARTO\u015a\u0106 OD\u017bYWCZA W 100 gWarto\u015b\u0107 energetyczna &#8211; 1700 kJ \/ 400 kcalT\u0142uszcz &#8211; 0 gw tym kwasy t\u0142uszczowe nasycone &#8211; 0 gW\u0119glowodany &#8211; 100 gw tym cukry &#8211; 97 gBia\u0142ko &#8211; 0 gS\u00f3l &#8211; 0 [&hellip;]<\/p>","protected":false},"featured_media":1320,"comment_status":"closed","ping_status":"open","template":"","meta":{"_acf_changed":false},"product_brand":[],"product_cat":[329,304],"product_tag":[],"class_list":{"0":"post-1319","1":"product","2":"type-product","3":"status-publish","4":"has-post-thumbnail","6":"product_cat-cukry-slodziki-owoce-sproszkowane","7":"product_cat-slodziki","8":"pa_ean-matka-1446","9":"pa_gwarancja-przydatnosci-522","10":"pa_ilosc-w-opakowaniu-310","11":"pa_jednostka-podstawowa-kg","12":"pa_kod-cn-1701-13-90","13":"pa_kraj-pochodzenia-skladnikow-paragwaj","14":"pa_masa-netto-209","15":"pa_producent-horeca-bio-surowce","16":"pa_producent-nazwa-adres-bio-planet-s-a-wilkowa-wies-7-05-084-leszno","17":"pa_tagi-bez-glutenu-w-skladnikach","18":"pa_tagi-certyfikat-bio","19":"pa_tagi-weganski","20":"pa_tagi-wegetarianski","22":"first","23":"instock","24":"taxable","25":"shipping-taxable","26":"purchasable","27":"product-type-simple"},"acf":[],"_links":{"self":[{"href":"https:\/\/wiejskieprzysmaki.estima.site\/en\/wp-json\/wp\/v2\/product\/1319","targetHints":{"allow":["GET"]}}],"collection":[{"href":"https:\/\/wiejskieprzysmaki.estima.site\/en\/wp-json\/wp\/v2\/product"}],"about":[{"href":"https:\/\/wiejskieprzysmaki.estima.site\/en\/wp-json\/wp\/v2\/types\/product"}],"replies":[{"embeddable":true,"href":"https:\/\/wiejskieprzysmaki.estima.site\/en\/wp-json\/wp\/v2\/comments?post=1319"}],"wp:featuredmedia":[{"embeddable":true,"href":"https:\/\/wiejskieprzysmaki.estima.site\/en\/wp-json\/wp\/v2\/media\/1320"}],"wp:attachment":[{"href":"https:\/\/wiejskieprzysmaki.estima.site\/en\/wp-json\/wp\/v2\/media?parent=1319"}],"wp:term":[{"taxonomy":"product_brand","embeddable":true,"href":"https:\/\/wiejskieprzysmaki.estima.site\/en\/wp-json\/wp\/v2\/product_brand?post=1319"},{"taxonomy":"product_cat","embeddable":true,"href":"https:\/\/wiejskieprzysmaki.estima.site\/en\/wp-json\/wp\/v2\/product_cat?post=1319"},{"taxonomy":"product_tag","embeddable":true,"href":"https:\/\/wiejskieprzysmaki.estima.site\/en\/wp-json\/wp\/v2\/product_tag?post=1319"}],"curies":[{"name":"wp","href":"https:\/\/api.w.org\/{rel}","templated":true}]}}