{"id":1339,"date":"2025-02-18T10:36:14","date_gmt":"2025-02-18T09:36:14","guid":{"rendered":"https:\/\/wiejskieprzysmaki.estima.site\/produkt\/papryka-konserwowa-bio-490-g-230-g-dary-natury\/"},"modified":"2025-02-18T10:36:14","modified_gmt":"2025-02-18T09:36:14","slug":"papryka-konserwowa-bio-490-g-230-g-dary-natury","status":"publish","type":"product","link":"https:\/\/wiejskieprzysmaki.estima.site\/en\/product\/papryka-konserwowa-bio-490-g-230-g-dary-natury\/","title":{"rendered":"PAPRYKA KONSERWOWA BIO 490 g (230 g) &#8211; DARY NATURY"},"content":{"rendered":"<p>SK\u0141ADNIKI<br \/>papryka czerwona* 57 %, woda, cukier trzcinowy*, ocet spirytusowy*, s\u00f3l, pieprz czarny*, ziele angielskie*, li\u015b\u0107 laurowy*, GORCZYCA*. (*certyfikowany sk\u0142adnik ekologiczny)<\/p>\n<p>OPIS<br \/>Ekologiczna papryka konserwowa sprawdzi si\u0119 jako przystawka, dodatek do da\u0144 g\u0142\u00f3wnych i kanapek. Z uwagi na zdecydowany smak i aromat przypraw doda wyrazisto\u015bci ka\u017cdej potrawie, do kt\u00f3rej zostanie dodana.<\/p>\n<p>WARTO\u015a\u0106 OD\u017bYWCZA W 100 g  <br \/>Warto\u015b\u0107 energetyczna:  138 kJ\/33 kcal  <br \/>T\u0142uszcz: 1,5 g <br \/>w tym kwasy t\u0142uszczowe nasycone: 0,3 g  <br \/>W\u0119glowodany: 5,0 g  <br \/>w tym cukry: 0,1 g  <br \/>Bia\u0142ko: 0,8 g  <br \/>S\u00f3l: 0,7 g  <\/p>\n<p>ZALECANE WARUNKI PRZECHOWYWANIA  <br \/>Przechowywa\u0107 w suchym i ch\u0142odnym miejscu, a po otwarciu w lod\u00f3wce.<\/p>","protected":false},"excerpt":{"rendered":"<p>SK\u0141ADNIKIpapryka czerwona* 57 %, woda, cukier trzcinowy*, ocet spirytusowy*, s\u00f3l, pieprz czarny*, ziele angielskie*, li\u015b\u0107 laurowy*, GORCZYCA*. (*certyfikowany sk\u0142adnik ekologiczny) OPISEkologiczna papryka konserwowa sprawdzi si\u0119 jako przystawka, dodatek do da\u0144 g\u0142\u00f3wnych i kanapek. Z uwagi na zdecydowany smak i aromat przypraw doda wyrazisto\u015bci ka\u017cdej potrawie, do kt\u00f3rej zostanie dodana. WARTO\u015a\u0106 OD\u017bYWCZA W 100 g Warto\u015b\u0107 [&hellip;]<\/p>","protected":false},"featured_media":1340,"comment_status":"closed","ping_status":"open","template":"","meta":{"_acf_changed":false},"product_brand":[],"product_cat":[1061,180],"product_tag":[],"class_list":{"0":"post-1339","1":"product","2":"type-product","3":"status-publish","4":"has-post-thumbnail","6":"product_cat-marynowane-kiszone","7":"product_cat-warzywa-i-grzyby-przetworzone","8":"pa_ean-matka-1462","9":"pa_gwarancja-przydatnosci-522","10":"pa_ilosc-w-opakowaniu-298","11":"pa_jednostka-podstawowa-szt","12":"pa_kod-cn-2001-90-70","13":"pa_masa-netto-1459","14":"pa_objetosc-brutto-1461","15":"pa_producent-dary-natury-inne","16":"pa_producent-nazwa-adres-miroslaw-angielczyk-dary-natury-koryciny-73-17-315-grodzisk","17":"pa_tagi-bez-glutenu-w-skladnikach","18":"pa_tagi-certyfikat-bio","19":"pa_tagi-weganski","20":"pa_tagi-wegetarianski","22":"first","23":"instock","24":"taxable","25":"shipping-taxable","26":"purchasable","27":"product-type-simple"},"acf":[],"_links":{"self":[{"href":"https:\/\/wiejskieprzysmaki.estima.site\/en\/wp-json\/wp\/v2\/product\/1339","targetHints":{"allow":["GET"]}}],"collection":[{"href":"https:\/\/wiejskieprzysmaki.estima.site\/en\/wp-json\/wp\/v2\/product"}],"about":[{"href":"https:\/\/wiejskieprzysmaki.estima.site\/en\/wp-json\/wp\/v2\/types\/product"}],"replies":[{"embeddable":true,"href":"https:\/\/wiejskieprzysmaki.estima.site\/en\/wp-json\/wp\/v2\/comments?post=1339"}],"wp:featuredmedia":[{"embeddable":true,"href":"https:\/\/wiejskieprzysmaki.estima.site\/en\/wp-json\/wp\/v2\/media\/1340"}],"wp:attachment":[{"href":"https:\/\/wiejskieprzysmaki.estima.site\/en\/wp-json\/wp\/v2\/media?parent=1339"}],"wp:term":[{"taxonomy":"product_brand","embeddable":true,"href":"https:\/\/wiejskieprzysmaki.estima.site\/en\/wp-json\/wp\/v2\/product_brand?post=1339"},{"taxonomy":"product_cat","embeddable":true,"href":"https:\/\/wiejskieprzysmaki.estima.site\/en\/wp-json\/wp\/v2\/product_cat?post=1339"},{"taxonomy":"product_tag","embeddable":true,"href":"https:\/\/wiejskieprzysmaki.estima.site\/en\/wp-json\/wp\/v2\/product_tag?post=1339"}],"curies":[{"name":"wp","href":"https:\/\/api.w.org\/{rel}","templated":true}]}}