{"id":1369,"date":"2025-02-18T10:36:14","date_gmt":"2025-02-18T09:36:14","guid":{"rendered":"https:\/\/wiejskieprzysmaki.estima.site\/produkt\/makaron-semolinowy-penne-bio-5-kg-horeca-alce-nero\/"},"modified":"2025-02-18T10:36:25","modified_gmt":"2025-02-18T09:36:25","slug":"makaron-semolinowy-penne-bio-5-kg-horeca-alce-nero","status":"publish","type":"product","link":"https:\/\/wiejskieprzysmaki.estima.site\/en\/product\/makaron-semolinowy-penne-bio-5-kg-horeca-alce-nero\/","title":{"rendered":"MAKARON (SEMOLINOWY) PENNE BIO 5 kg &#8211; HORECA (ALCE NERO)"},"content":{"rendered":"<p>SK\u0141ADNIKI<br \/>(semolina) m\u0105ka z PSZENICY durum*. (*certyfikowany sk\u0142adnik ekologiczny)<\/p>\n<p>WARTO\u015a\u0106 OD\u017bYWCZA W 100 g<br \/>Warto\u015b\u0107 energetyczna &#8211; 1496 kJ\/353 kcal <br \/>T\u0142uszcz &#8211; 1,2 g <br \/>w tym kwasy t\u0142uszczowe nasycone &#8211; 0,3 g <br \/>W\u0119glowodany &#8211; 72 g <br \/>w tym cukry &#8211; 0,8 g <br \/>B\u0142onnik &#8211; 3,0 g <br \/>Bia\u0142ko &#8211; 12 g <br \/>S\u00f3l &#8211; 0,003 g <\/p>\n<p>ZALECANE WARUNKI PRZECHOWYWANIA<br \/>Przechowywa\u0107 w suchym i ch\u0142odnym miejscu, bez dost\u0119pu \u015bwiat\u0142a.<\/p>","protected":false},"excerpt":{"rendered":"<p>SK\u0141ADNIKI(semolina) m\u0105ka z PSZENICY durum*. (*certyfikowany sk\u0142adnik ekologiczny) WARTO\u015a\u0106 OD\u017bYWCZA W 100 gWarto\u015b\u0107 energetyczna &#8211; 1496 kJ\/353 kcal T\u0142uszcz &#8211; 1,2 g w tym kwasy t\u0142uszczowe nasycone &#8211; 0,3 g W\u0119glowodany &#8211; 72 g w tym cukry &#8211; 0,8 g B\u0142onnik &#8211; 3,0 g Bia\u0142ko &#8211; 12 g S\u00f3l &#8211; 0,003 g ZALECANE WARUNKI PRZECHOWYWANIAPrzechowywa\u0107 [&hellip;]<\/p>","protected":false},"featured_media":1370,"comment_status":"closed","ping_status":"open","template":"","meta":{"_acf_changed":false},"product_brand":[],"product_cat":[1162,1246],"product_tag":[],"class_list":{"0":"post-1369","1":"product","2":"type-product","3":"status-publish","4":"has-post-thumbnail","6":"product_cat-makarony","7":"product_cat-zbozowe-z-glutenem","8":"pa_ean-matka-1490","9":"pa_gwarancja-przydatnosci-320","10":"pa_ilosc-w-opakowaniu-1487","11":"pa_jednostka-podstawowa-szt","12":"pa_kod-cn-1902-19-10","13":"pa_kraj-pochodzenia-skladnikow-wlochy","14":"pa_masa-netto-1488","15":"pa_objetosc-brutto-1489","16":"pa_producent-horeca-bio-pozostale","17":"pa_producent-nazwa-adres-alce-nero-s-p-a-via-palazzetti-5c-40068-san-lazzaro-di-savena-bo","18":"pa_tagi-bez-cukru-w-skladnikach","19":"pa_tagi-certyfikat-bio","20":"pa_tagi-weganski","21":"pa_tagi-wegetarianski","23":"first","24":"instock","25":"taxable","26":"shipping-taxable","27":"purchasable","28":"product-type-simple"},"acf":[],"_links":{"self":[{"href":"https:\/\/wiejskieprzysmaki.estima.site\/en\/wp-json\/wp\/v2\/product\/1369","targetHints":{"allow":["GET"]}}],"collection":[{"href":"https:\/\/wiejskieprzysmaki.estima.site\/en\/wp-json\/wp\/v2\/product"}],"about":[{"href":"https:\/\/wiejskieprzysmaki.estima.site\/en\/wp-json\/wp\/v2\/types\/product"}],"replies":[{"embeddable":true,"href":"https:\/\/wiejskieprzysmaki.estima.site\/en\/wp-json\/wp\/v2\/comments?post=1369"}],"wp:featuredmedia":[{"embeddable":true,"href":"https:\/\/wiejskieprzysmaki.estima.site\/en\/wp-json\/wp\/v2\/media\/1370"}],"wp:attachment":[{"href":"https:\/\/wiejskieprzysmaki.estima.site\/en\/wp-json\/wp\/v2\/media?parent=1369"}],"wp:term":[{"taxonomy":"product_brand","embeddable":true,"href":"https:\/\/wiejskieprzysmaki.estima.site\/en\/wp-json\/wp\/v2\/product_brand?post=1369"},{"taxonomy":"product_cat","embeddable":true,"href":"https:\/\/wiejskieprzysmaki.estima.site\/en\/wp-json\/wp\/v2\/product_cat?post=1369"},{"taxonomy":"product_tag","embeddable":true,"href":"https:\/\/wiejskieprzysmaki.estima.site\/en\/wp-json\/wp\/v2\/product_tag?post=1369"}],"curies":[{"name":"wp","href":"https:\/\/api.w.org\/{rel}","templated":true}]}}